{"id":6616,"date":"2021-12-23T16:06:20","date_gmt":"2022-01-03T14:47:52","guid":{"rendered":"https:\/\/www.paytec.eu\/prodotto\/four-plus-pit-exe-mdb-eur-10-5-20-50\/"},"modified":"2025-06-09T10:15:46","modified_gmt":"2025-06-09T10:15:46","slug":"four-plus-pit-exe-mdb-eur-10-5-20-50","status":"publish","type":"product","link":"https:\/\/www.paytec.eu\/fr\/prodotto\/four-plus-pit-exe-mdb-eur-10-5-20-50\/","title":{"rendered":"FOUR PLUS PIT"},"content":{"rendered":"<p>Le kit robuste et fiable du syst\u00e8me cash&amp;cashless FOUR PLUS PIT est compos\u00e9e d&rsquo;un monnayeur EXE avec lecteur cl\u00e9s CAIMAN. Il offre aux gestionnaires une solution compl\u00e8te, <strong>id\u00e9ale pour les sites o\u00f9 la vari\u00e9t\u00e9 du rendu est moins critique<\/strong>.<\/p>\n<p>Le monnayeur \u00e0 4 tubes g\u00e8re directement le lecteur Caiman, qui le compl\u00e8te avec toutes les fonctions d\u2019un syst\u00e8me cashless avanc\u00e9, permettant une lecture\/\u00e9criture rapide et s\u00e9curis\u00e9e des cl\u00e9s Paytec PIT. Il est \u00e9galement possible de connecter d\u2019autres p\u00e9riph\u00e9riques cashless en MDB (par exemple lecteur de carte de cr\u00e9dit ou applications de paiement), afin d\u2019obtenir un syst\u00e8me de paiement encore plus complet.<\/p>\n<p>L\u2019<strong>afficheur standard<\/strong> sur le monnayeur facilite les t\u00e2ches de diagnostic.<\/p>\n<p>Lacombinaison du monnayeur MDB avec lecteur cl\u00e9s FOUR PLUS PIT de Paytec repr\u00e9sente <strong>une solution int\u00e9gr\u00e9e pour les gestionnaires qui souhaitent offrir une gamme de paiements simple et fiable<\/strong>.<\/p>\n","protected":false},"excerpt":{"rendered":"<p>Le syst\u00e8me FOUR Plus permet une optimisation significative des co\u00fbts, des investissements et du fonds de roulement, tout en maintenant les options de paiement pour Cash &amp; Cashless.<\/p>\n","protected":false},"featured_media":5998,"template":"","meta":[],"product_cat":[128],"product_tag":[],"class_list":["post-6616","product","type-product","status-publish","has-post-thumbnail","hentry","protocollo-exe-fr","protocollo-mdb-fr","tipologia-lecteur-cle-fr","tipologia-master-fr","tipologia-monnayeur-fr","pagamento-chiave-fr","pagamento-moneta-fr","product_cat-cash-fr"],"acf":[],"yoast_head":"<!-- This site is optimized with the Yoast SEO plugin v21.1 - https:\/\/yoast.com\/wordpress\/plugins\/seo\/ -->\n<title>Monnayeur EXE avec lecteur de cl\u00e9s FOUR PLUS PIT - Paytec<\/title>\n<meta name=\"description\" content=\"Le monnayeur EXE avec lecteur de cl\u00e9s FOUR PLUS combine les avantages du ma\u00eetre avec un lecteur CAIMAN pour une lecture\/\u00e9criture s\u00e9curis\u00e9e des cl\u00e9s PIT de Paytec.\" \/>\n<meta name=\"robots\" content=\"index, follow, max-snippet:-1, max-image-preview:large, max-video-preview:-1\" \/>\n<link rel=\"canonical\" href=\"https:\/\/www.paytec.eu\/fr\/prodotto\/four-plus-pit-exe-mdb-eur-10-5-20-50\/\" \/>\n<meta property=\"og:locale\" content=\"fr_FR\" \/>\n<meta property=\"og:type\" content=\"article\" \/>\n<meta property=\"og:title\" content=\"Monnayeur EXE avec lecteur de cl\u00e9s FOUR PLUS PIT - Paytec\" \/>\n<meta property=\"og:description\" content=\"Le monnayeur EXE avec lecteur de cl\u00e9s FOUR PLUS combine les avantages du ma\u00eetre avec un lecteur CAIMAN pour une lecture\/\u00e9criture s\u00e9curis\u00e9e des cl\u00e9s PIT de Paytec.\" \/>\n<meta property=\"og:url\" content=\"https:\/\/www.paytec.eu\/fr\/prodotto\/four-plus-pit-exe-mdb-eur-10-5-20-50\/\" \/>\n<meta property=\"og:site_name\" content=\"Paytec\" \/>\n<meta property=\"article:modified_time\" content=\"2025-06-09T10:15:46+00:00\" \/>\n<meta property=\"og:image\" content=\"https:\/\/www.paytec.eu\/wp-content\/uploads\/2021\/12\/four_plus_pit.png\" \/>\n\t<meta property=\"og:image:width\" content=\"454\" \/>\n\t<meta property=\"og:image:height\" content=\"511\" \/>\n\t<meta property=\"og:image:type\" content=\"image\/png\" \/>\n<meta name=\"twitter:card\" content=\"summary_large_image\" \/>\n<meta name=\"twitter:label1\" content=\"Dur\u00e9e de lecture estim\u00e9e\" \/>\n\t<meta name=\"twitter:data1\" content=\"1 minute\" \/>\n<script type=\"application\/ld+json\" class=\"yoast-schema-graph\">{\"@context\":\"https:\/\/schema.org\",\"@graph\":[{\"@type\":\"WebPage\",\"@id\":\"https:\/\/www.paytec.eu\/fr\/prodotto\/four-plus-pit-exe-mdb-eur-10-5-20-50\/\",\"url\":\"https:\/\/www.paytec.eu\/fr\/prodotto\/four-plus-pit-exe-mdb-eur-10-5-20-50\/\",\"name\":\"Monnayeur EXE avec lecteur de cl\u00e9s FOUR PLUS PIT - Paytec\",\"isPartOf\":{\"@id\":\"https:\/\/www.paytec.eu\/#website\"},\"datePublished\":\"2022-01-03T14:47:52+00:00\",\"dateModified\":\"2025-06-09T10:15:46+00:00\",\"description\":\"Le monnayeur EXE avec lecteur de cl\u00e9s FOUR PLUS combine les avantages du ma\u00eetre avec un lecteur CAIMAN pour une lecture\/\u00e9criture s\u00e9curis\u00e9e des cl\u00e9s PIT de Paytec.\",\"breadcrumb\":{\"@id\":\"https:\/\/www.paytec.eu\/fr\/prodotto\/four-plus-pit-exe-mdb-eur-10-5-20-50\/#breadcrumb\"},\"inLanguage\":\"fr-FR\",\"potentialAction\":[{\"@type\":\"ReadAction\",\"target\":[\"https:\/\/www.paytec.eu\/fr\/prodotto\/four-plus-pit-exe-mdb-eur-10-5-20-50\/\"]}]},{\"@type\":\"BreadcrumbList\",\"@id\":\"https:\/\/www.paytec.eu\/fr\/prodotto\/four-plus-pit-exe-mdb-eur-10-5-20-50\/#breadcrumb\",\"itemListElement\":[{\"@type\":\"ListItem\",\"position\":1,\"name\":\"Home\",\"item\":\"https:\/\/www.paytec.eu\/fr\/\"},{\"@type\":\"ListItem\",\"position\":2,\"name\":\"Boutique\",\"item\":\"https:\/\/www.paytec.eu\/shop\/\"},{\"@type\":\"ListItem\",\"position\":3,\"name\":\"Cash\",\"item\":\"https:\/\/www.paytec.eu\/categoria-prodotto\/cash\/\"},{\"@type\":\"ListItem\",\"position\":4,\"name\":\"FOUR PLUS PIT\"}]},{\"@type\":\"WebSite\",\"@id\":\"https:\/\/www.paytec.eu\/#website\",\"url\":\"https:\/\/www.paytec.eu\/\",\"name\":\"Paytec\",\"description\":\"Smart Payments for Vending\",\"potentialAction\":[{\"@type\":\"SearchAction\",\"target\":{\"@type\":\"EntryPoint\",\"urlTemplate\":\"https:\/\/www.paytec.eu\/?s={search_term_string}\"},\"query-input\":\"required name=search_term_string\"}],\"inLanguage\":\"fr-FR\"}]}<\/script>\n<!-- \/ Yoast SEO plugin. -->","yoast_head_json":{"title":"Monnayeur EXE avec lecteur de cl\u00e9s FOUR PLUS PIT - Paytec","description":"Le monnayeur EXE avec lecteur de cl\u00e9s FOUR PLUS combine les avantages du ma\u00eetre avec un lecteur CAIMAN pour une lecture\/\u00e9criture s\u00e9curis\u00e9e des cl\u00e9s PIT de Paytec.","robots":{"index":"index","follow":"follow","max-snippet":"max-snippet:-1","max-image-preview":"max-image-preview:large","max-video-preview":"max-video-preview:-1"},"canonical":"https:\/\/www.paytec.eu\/fr\/prodotto\/four-plus-pit-exe-mdb-eur-10-5-20-50\/","og_locale":"fr_FR","og_type":"article","og_title":"Monnayeur EXE avec lecteur de cl\u00e9s FOUR PLUS PIT - Paytec","og_description":"Le monnayeur EXE avec lecteur de cl\u00e9s FOUR PLUS combine les avantages du ma\u00eetre avec un lecteur CAIMAN pour une lecture\/\u00e9criture s\u00e9curis\u00e9e des cl\u00e9s PIT de Paytec.","og_url":"https:\/\/www.paytec.eu\/fr\/prodotto\/four-plus-pit-exe-mdb-eur-10-5-20-50\/","og_site_name":"Paytec","article_modified_time":"2025-06-09T10:15:46+00:00","og_image":[{"width":454,"height":511,"url":"https:\/\/www.paytec.eu\/wp-content\/uploads\/2021\/12\/four_plus_pit.png","type":"image\/png"}],"twitter_card":"summary_large_image","twitter_misc":{"Dur\u00e9e de lecture estim\u00e9e":"1 minute"},"schema":{"@context":"https:\/\/schema.org","@graph":[{"@type":"WebPage","@id":"https:\/\/www.paytec.eu\/fr\/prodotto\/four-plus-pit-exe-mdb-eur-10-5-20-50\/","url":"https:\/\/www.paytec.eu\/fr\/prodotto\/four-plus-pit-exe-mdb-eur-10-5-20-50\/","name":"Monnayeur EXE avec lecteur de cl\u00e9s FOUR PLUS PIT - Paytec","isPartOf":{"@id":"https:\/\/www.paytec.eu\/#website"},"datePublished":"2022-01-03T14:47:52+00:00","dateModified":"2025-06-09T10:15:46+00:00","description":"Le monnayeur EXE avec lecteur de cl\u00e9s FOUR PLUS combine les avantages du ma\u00eetre avec un lecteur CAIMAN pour une lecture\/\u00e9criture s\u00e9curis\u00e9e des cl\u00e9s PIT de Paytec.","breadcrumb":{"@id":"https:\/\/www.paytec.eu\/fr\/prodotto\/four-plus-pit-exe-mdb-eur-10-5-20-50\/#breadcrumb"},"inLanguage":"fr-FR","potentialAction":[{"@type":"ReadAction","target":["https:\/\/www.paytec.eu\/fr\/prodotto\/four-plus-pit-exe-mdb-eur-10-5-20-50\/"]}]},{"@type":"BreadcrumbList","@id":"https:\/\/www.paytec.eu\/fr\/prodotto\/four-plus-pit-exe-mdb-eur-10-5-20-50\/#breadcrumb","itemListElement":[{"@type":"ListItem","position":1,"name":"Home","item":"https:\/\/www.paytec.eu\/fr\/"},{"@type":"ListItem","position":2,"name":"Boutique","item":"https:\/\/www.paytec.eu\/shop\/"},{"@type":"ListItem","position":3,"name":"Cash","item":"https:\/\/www.paytec.eu\/categoria-prodotto\/cash\/"},{"@type":"ListItem","position":4,"name":"FOUR PLUS PIT"}]},{"@type":"WebSite","@id":"https:\/\/www.paytec.eu\/#website","url":"https:\/\/www.paytec.eu\/","name":"Paytec","description":"Smart Payments for Vending","potentialAction":[{"@type":"SearchAction","target":{"@type":"EntryPoint","urlTemplate":"https:\/\/www.paytec.eu\/?s={search_term_string}"},"query-input":"required name=search_term_string"}],"inLanguage":"fr-FR"}]}},"_links":{"self":[{"href":"https:\/\/www.paytec.eu\/fr\/wp-json\/wp\/v2\/product\/6616","targetHints":{"allow":["GET"]}}],"collection":[{"href":"https:\/\/www.paytec.eu\/fr\/wp-json\/wp\/v2\/product"}],"about":[{"href":"https:\/\/www.paytec.eu\/fr\/wp-json\/wp\/v2\/types\/product"}],"wp:featuredmedia":[{"embeddable":true,"href":"https:\/\/www.paytec.eu\/fr\/wp-json\/wp\/v2\/media\/5998"}],"wp:attachment":[{"href":"https:\/\/www.paytec.eu\/fr\/wp-json\/wp\/v2\/media?parent=6616"}],"wp:term":[{"taxonomy":"product_cat","embeddable":true,"href":"https:\/\/www.paytec.eu\/fr\/wp-json\/wp\/v2\/product_cat?post=6616"},{"taxonomy":"product_tag","embeddable":true,"href":"https:\/\/www.paytec.eu\/fr\/wp-json\/wp\/v2\/product_tag?post=6616"}],"curies":[{"name":"wp","href":"https:\/\/api.w.org\/{rel}","templated":true}]}}