{"id":6618,"date":"2021-12-23T15:55:03","date_gmt":"2022-01-03T14:51:07","guid":{"rendered":"https:\/\/www.paytec.eu\/prodotto\/eagle-premium-mifare\/"},"modified":"2025-05-05T14:06:48","modified_gmt":"2025-05-05T14:06:48","slug":"maitre-monnayeur-6-tubes-mifare","status":"publish","type":"product","link":"https:\/\/www.paytec.eu\/fr\/prodotto\/maitre-monnayeur-6-tubes-mifare\/","title":{"rendered":"EAGLE PREMIUM MIFARE\u00ae"},"content":{"rendered":"<p>Le syst\u00e8me Eagle Premium Mifare &#8211; compos\u00e9 d\u2019un ma\u00eetre et un monnayeur \u00e0 6 tubes Mifare &#8211; est contr\u00f4l\u00e9 et g\u00e9r\u00e9 par l\u2019unit\u00e9 Caiman qui, en plus de g\u00e9rer directement la partie cashless \u00e0 travers le lecteur Caiman, contr\u00f4le \u00e9galement le nouveau monnayeur EAGLE Smart.<\/p>\n<p>De cette mani\u00e8re, <strong>les donn\u00e9es d\u2019audit et de configuration sont stock\u00e9es et disponibles dans le Caiman et non pas dans le monnayeur<\/strong>.<\/p>\n<p>L\u2019<strong>unit\u00e9 Caiman peut \u00e9galement contr\u00f4ler d\u2019autres p\u00e9riph\u00e9riques MDB<\/strong> (par exemple un lecteur de billets, un lecteur de carte de cr\u00e9dit ou des apps de paiement) afin d\u2019obtenir un syst\u00e8me de paiement encore plus complet.<\/p>\n<p>Le monnayeur EAGLE Smart s\u2019appuie sur une technologie consolid\u00e9e de reconnaissance et de s\u00e9lection des pi\u00e8ces et sur une capacit\u00e9 accrue d\u2019optimiser le rendu monnaie. La cassette amovible rend le monnayeur extr\u00eamement polyvalent en termes de configurations de tubes.<\/p>\n<p>Par contre, le lecteur Caiman int\u00e9gr\u00e9 dans le syst\u00e8me ma\u00eetre avec monnayeur 6 tubes Mifare, permet de <strong>lire\/\u00e9crire les cl\u00e9s Paytec Mifare\u00ae en toute s\u00e9curit\u00e9 et rapidement<\/strong>.<\/p>\n","protected":false},"excerpt":{"rendered":"<p>Le syst\u00e8me Paytec EAGLE Premium est une solution int\u00e9gr\u00e9e mais facilement extensible pour r\u00e9pondre intelligemment aux besoins croissants du march\u00e9.<\/p>\n","protected":false},"featured_media":14621,"template":"","meta":[],"product_cat":[128],"product_tag":[],"class_list":["post-6618","product","type-product","status-publish","has-post-thumbnail","hentry","protocollo-exe-fr","protocollo-mdb-fr","tipologia-lecteur-cle-fr","tipologia-master-fr","tipologia-monnayeur-fr","pagamento-chiave-fr","pagamento-moneta-fr","product_cat-cash-fr"],"acf":[],"yoast_head":"<!-- This site is optimized with the Yoast SEO plugin v21.1 - https:\/\/yoast.com\/wordpress\/plugins\/seo\/ -->\n<title>Ma\u00eetre avec monnayeur 6 tubes EAGLE PREMIUM MIFARE - Paytec<\/title>\n<meta name=\"description\" content=\"EAGLE Premium Mifare, compos\u00e9 d\u2019un ma\u00eetre avec monnayeur 6 tubes et lecteur Caiman permet une lecture\/\u00e9criture rapide et s\u00e9curis\u00e9e des cl\u00e9s Mifare.\" \/>\n<meta name=\"robots\" content=\"index, follow, max-snippet:-1, max-image-preview:large, max-video-preview:-1\" \/>\n<link rel=\"canonical\" href=\"https:\/\/www.paytec.eu\/fr\/prodotto\/maitre-monnayeur-6-tubes-mifare\/\" \/>\n<meta property=\"og:locale\" content=\"fr_FR\" \/>\n<meta property=\"og:type\" content=\"article\" \/>\n<meta property=\"og:title\" content=\"Ma\u00eetre avec monnayeur 6 tubes EAGLE PREMIUM MIFARE - Paytec\" \/>\n<meta property=\"og:description\" content=\"EAGLE Premium Mifare, compos\u00e9 d\u2019un ma\u00eetre avec monnayeur 6 tubes et lecteur Caiman permet une lecture\/\u00e9criture rapide et s\u00e9curis\u00e9e des cl\u00e9s Mifare.\" \/>\n<meta property=\"og:url\" content=\"https:\/\/www.paytec.eu\/fr\/prodotto\/maitre-monnayeur-6-tubes-mifare\/\" \/>\n<meta property=\"og:site_name\" content=\"Paytec\" \/>\n<meta property=\"article:modified_time\" content=\"2025-05-05T14:06:48+00:00\" \/>\n<meta property=\"og:image\" content=\"https:\/\/www.paytec.eu\/wp-content\/uploads\/2021\/12\/Eagle-Premium-mifare2.jpg\" \/>\n\t<meta property=\"og:image:width\" content=\"502\" \/>\n\t<meta property=\"og:image:height\" content=\"506\" \/>\n\t<meta property=\"og:image:type\" content=\"image\/jpeg\" \/>\n<meta name=\"twitter:card\" content=\"summary_large_image\" \/>\n<meta name=\"twitter:label1\" content=\"Dur\u00e9e de lecture estim\u00e9e\" \/>\n\t<meta name=\"twitter:data1\" content=\"1 minute\" \/>\n<script type=\"application\/ld+json\" class=\"yoast-schema-graph\">{\"@context\":\"https:\/\/schema.org\",\"@graph\":[{\"@type\":\"WebPage\",\"@id\":\"https:\/\/www.paytec.eu\/fr\/prodotto\/maitre-monnayeur-6-tubes-mifare\/\",\"url\":\"https:\/\/www.paytec.eu\/fr\/prodotto\/maitre-monnayeur-6-tubes-mifare\/\",\"name\":\"Ma\u00eetre avec monnayeur 6 tubes EAGLE PREMIUM MIFARE - Paytec\",\"isPartOf\":{\"@id\":\"https:\/\/www.paytec.eu\/#website\"},\"datePublished\":\"2022-01-03T14:51:07+00:00\",\"dateModified\":\"2025-05-05T14:06:48+00:00\",\"description\":\"EAGLE Premium Mifare, compos\u00e9 d\u2019un ma\u00eetre avec monnayeur 6 tubes et lecteur Caiman permet une lecture\/\u00e9criture rapide et s\u00e9curis\u00e9e des cl\u00e9s Mifare.\",\"breadcrumb\":{\"@id\":\"https:\/\/www.paytec.eu\/fr\/prodotto\/maitre-monnayeur-6-tubes-mifare\/#breadcrumb\"},\"inLanguage\":\"fr-FR\",\"potentialAction\":[{\"@type\":\"ReadAction\",\"target\":[\"https:\/\/www.paytec.eu\/fr\/prodotto\/maitre-monnayeur-6-tubes-mifare\/\"]}]},{\"@type\":\"BreadcrumbList\",\"@id\":\"https:\/\/www.paytec.eu\/fr\/prodotto\/maitre-monnayeur-6-tubes-mifare\/#breadcrumb\",\"itemListElement\":[{\"@type\":\"ListItem\",\"position\":1,\"name\":\"Home\",\"item\":\"https:\/\/www.paytec.eu\/fr\/\"},{\"@type\":\"ListItem\",\"position\":2,\"name\":\"Boutique\",\"item\":\"https:\/\/www.paytec.eu\/shop\/\"},{\"@type\":\"ListItem\",\"position\":3,\"name\":\"Cash\",\"item\":\"https:\/\/www.paytec.eu\/categoria-prodotto\/cash\/\"},{\"@type\":\"ListItem\",\"position\":4,\"name\":\"EAGLE PREMIUM MIFARE\u00ae\"}]},{\"@type\":\"WebSite\",\"@id\":\"https:\/\/www.paytec.eu\/#website\",\"url\":\"https:\/\/www.paytec.eu\/\",\"name\":\"Paytec\",\"description\":\"Smart Payments for Vending\",\"potentialAction\":[{\"@type\":\"SearchAction\",\"target\":{\"@type\":\"EntryPoint\",\"urlTemplate\":\"https:\/\/www.paytec.eu\/?s={search_term_string}\"},\"query-input\":\"required name=search_term_string\"}],\"inLanguage\":\"fr-FR\"}]}<\/script>\n<!-- \/ Yoast SEO plugin. -->","yoast_head_json":{"title":"Ma\u00eetre avec monnayeur 6 tubes EAGLE PREMIUM MIFARE - Paytec","description":"EAGLE Premium Mifare, compos\u00e9 d\u2019un ma\u00eetre avec monnayeur 6 tubes et lecteur Caiman permet une lecture\/\u00e9criture rapide et s\u00e9curis\u00e9e des cl\u00e9s Mifare.","robots":{"index":"index","follow":"follow","max-snippet":"max-snippet:-1","max-image-preview":"max-image-preview:large","max-video-preview":"max-video-preview:-1"},"canonical":"https:\/\/www.paytec.eu\/fr\/prodotto\/maitre-monnayeur-6-tubes-mifare\/","og_locale":"fr_FR","og_type":"article","og_title":"Ma\u00eetre avec monnayeur 6 tubes EAGLE PREMIUM MIFARE - Paytec","og_description":"EAGLE Premium Mifare, compos\u00e9 d\u2019un ma\u00eetre avec monnayeur 6 tubes et lecteur Caiman permet une lecture\/\u00e9criture rapide et s\u00e9curis\u00e9e des cl\u00e9s Mifare.","og_url":"https:\/\/www.paytec.eu\/fr\/prodotto\/maitre-monnayeur-6-tubes-mifare\/","og_site_name":"Paytec","article_modified_time":"2025-05-05T14:06:48+00:00","og_image":[{"width":502,"height":506,"url":"https:\/\/www.paytec.eu\/wp-content\/uploads\/2021\/12\/Eagle-Premium-mifare2.jpg","type":"image\/jpeg"}],"twitter_card":"summary_large_image","twitter_misc":{"Dur\u00e9e de lecture estim\u00e9e":"1 minute"},"schema":{"@context":"https:\/\/schema.org","@graph":[{"@type":"WebPage","@id":"https:\/\/www.paytec.eu\/fr\/prodotto\/maitre-monnayeur-6-tubes-mifare\/","url":"https:\/\/www.paytec.eu\/fr\/prodotto\/maitre-monnayeur-6-tubes-mifare\/","name":"Ma\u00eetre avec monnayeur 6 tubes EAGLE PREMIUM MIFARE - Paytec","isPartOf":{"@id":"https:\/\/www.paytec.eu\/#website"},"datePublished":"2022-01-03T14:51:07+00:00","dateModified":"2025-05-05T14:06:48+00:00","description":"EAGLE Premium Mifare, compos\u00e9 d\u2019un ma\u00eetre avec monnayeur 6 tubes et lecteur Caiman permet une lecture\/\u00e9criture rapide et s\u00e9curis\u00e9e des cl\u00e9s Mifare.","breadcrumb":{"@id":"https:\/\/www.paytec.eu\/fr\/prodotto\/maitre-monnayeur-6-tubes-mifare\/#breadcrumb"},"inLanguage":"fr-FR","potentialAction":[{"@type":"ReadAction","target":["https:\/\/www.paytec.eu\/fr\/prodotto\/maitre-monnayeur-6-tubes-mifare\/"]}]},{"@type":"BreadcrumbList","@id":"https:\/\/www.paytec.eu\/fr\/prodotto\/maitre-monnayeur-6-tubes-mifare\/#breadcrumb","itemListElement":[{"@type":"ListItem","position":1,"name":"Home","item":"https:\/\/www.paytec.eu\/fr\/"},{"@type":"ListItem","position":2,"name":"Boutique","item":"https:\/\/www.paytec.eu\/shop\/"},{"@type":"ListItem","position":3,"name":"Cash","item":"https:\/\/www.paytec.eu\/categoria-prodotto\/cash\/"},{"@type":"ListItem","position":4,"name":"EAGLE PREMIUM MIFARE\u00ae"}]},{"@type":"WebSite","@id":"https:\/\/www.paytec.eu\/#website","url":"https:\/\/www.paytec.eu\/","name":"Paytec","description":"Smart Payments for Vending","potentialAction":[{"@type":"SearchAction","target":{"@type":"EntryPoint","urlTemplate":"https:\/\/www.paytec.eu\/?s={search_term_string}"},"query-input":"required name=search_term_string"}],"inLanguage":"fr-FR"}]}},"_links":{"self":[{"href":"https:\/\/www.paytec.eu\/fr\/wp-json\/wp\/v2\/product\/6618","targetHints":{"allow":["GET"]}}],"collection":[{"href":"https:\/\/www.paytec.eu\/fr\/wp-json\/wp\/v2\/product"}],"about":[{"href":"https:\/\/www.paytec.eu\/fr\/wp-json\/wp\/v2\/types\/product"}],"wp:featuredmedia":[{"embeddable":true,"href":"https:\/\/www.paytec.eu\/fr\/wp-json\/wp\/v2\/media\/14621"}],"wp:attachment":[{"href":"https:\/\/www.paytec.eu\/fr\/wp-json\/wp\/v2\/media?parent=6618"}],"wp:term":[{"taxonomy":"product_cat","embeddable":true,"href":"https:\/\/www.paytec.eu\/fr\/wp-json\/wp\/v2\/product_cat?post=6618"},{"taxonomy":"product_tag","embeddable":true,"href":"https:\/\/www.paytec.eu\/fr\/wp-json\/wp\/v2\/product_tag?post=6618"}],"curies":[{"name":"wp","href":"https:\/\/api.w.org\/{rel}","templated":true}]}}