{"id":6620,"date":"2021-12-23T15:07:20","date_gmt":"2022-01-03T14:54:36","guid":{"rendered":"https:\/\/www.paytec.eu\/prodotto\/eagle-plus-pit\/"},"modified":"2025-05-05T14:14:49","modified_gmt":"2025-05-05T14:14:49","slug":"monnayeur-6-tubes-avec-lecteur-cles","status":"publish","type":"product","link":"https:\/\/www.paytec.eu\/fr\/prodotto\/monnayeur-6-tubes-avec-lecteur-cles\/","title":{"rendered":"EAGLE PLUS PIT"},"content":{"rendered":"<p>Le monnayeur \u00e0 6 tubes EAGLE2 g\u00e8re directement le lecteur cl\u00e9s PIT Caiman, qui le compl\u00e8te avec toutes les fonctions d\u2019un syst\u00e8me cashless avanc\u00e9, permettant une lecture\/\u00e9criture rapide et s\u00e9curis\u00e9e des cl\u00e9s Paytec PIT.<\/p>\n<p>Il est \u00e9galement possible de connecter d\u2019autres p\u00e9riph\u00e9riques cashless en MDB (par exemple lecteur de carte de cr\u00e9dit ou applications de paiement), afin d\u2019obtenir un syst\u00e8me de paiement encore plus complet.<\/p>\n<p>Le monnayeur \u00e0 6 tubes s\u2019appuie sur une <strong>technologie consolid\u00e9e de reconnaissance et de s\u00e9lection des pi\u00e8ces et sur une capacit\u00e9 accrue d\u2019optimiser le rendu monnaie<\/strong>.<\/p>\n<p>L\u2019<strong>afficheur standard<\/strong> sur le monnayeur facilite le r\u00e9glage et le diagnostic des t\u00e2ches, tandis que la configuration des tubes est multi usage gr\u00e2ce \u00e0 la cassette amovible et aux tubes faciles \u00e0 changer. Un verrou \u00e0 cl\u00e9 en option pour la bo\u00eete \u00e0 tubes permet un niveau de s\u00e9curit\u00e9 plus \u00e9lev\u00e9, soutenu dans tous les cas par des capteurs pour d\u00e9tecter l&rsquo;ouverture de la bo\u00eete, m\u00eame quand le monnayeur est \u00e9teint.<\/p>\n<p>Le syst\u00e8me Paytec Eagle Plus, compos\u00e9 d\u2019un monnayeur \u00e0 6 tubes et lecteur de cl\u00e9s PIT est<strong> est une <strong>solution int\u00e9gr\u00e9e<\/strong> qui permet \u00e0 l&rsquo;op\u00e9rateur de proposer <strong>diff\u00e9rents modes de paiement de mani\u00e8re compl\u00e8te et efficace<\/strong>.<\/strong><\/p>\n<p>&nbsp;<\/p>\n","protected":false},"excerpt":{"rendered":"<p>Avec <strong>Eagle Plus<\/strong>, Paytec offre l\u2019une des solutions Cash &amp; Cashless les plus compl\u00e8tes et les plus performantes disponibles sur le march\u00e9, combinant les avantages de l\u2019unit\u00e9 master EAGLE2 avec un lecteur cl\u00e9 CAIMAN<\/p>\n","protected":false},"featured_media":10722,"template":"","meta":[],"product_cat":[128,136],"product_tag":[],"class_list":["post-6620","product","type-product","status-publish","has-post-thumbnail","hentry","protocollo-exe-fr","protocollo-mdb-fr","tipologia-lecteur-cle-fr","tipologia-master-fr","tipologia-monnayeur-fr","pagamento-chiave-fr","pagamento-moneta-fr","product_cat-cash-fr","product_cat-cashless-fr"],"acf":[],"yoast_head":"<!-- This site is optimized with the Yoast SEO plugin v21.1 - https:\/\/yoast.com\/wordpress\/plugins\/seo\/ -->\n<title>Monnayeur \u00e0 6 tubes avec lecteur de cl\u00e9s PIT EAGLE PLUS - Paytec<\/title>\n<meta name=\"description\" content=\"Le monnayeur \u00e0 6 tubes avec lecteur de cl\u00e9s EAGLE PLUS combine les avantages du ma\u00eetre avec un lecteur de cl\u00e9 CAIMAN pour une lecture\/\u00e9criture s\u00e9curis\u00e9e des cl\u00e9s Paytec PIT.\" \/>\n<meta name=\"robots\" content=\"index, follow, max-snippet:-1, max-image-preview:large, max-video-preview:-1\" \/>\n<link rel=\"canonical\" href=\"https:\/\/www.paytec.eu\/fr\/prodotto\/monnayeur-6-tubes-avec-lecteur-cles\/\" \/>\n<meta property=\"og:locale\" content=\"fr_FR\" \/>\n<meta property=\"og:type\" content=\"article\" \/>\n<meta property=\"og:title\" content=\"Monnayeur \u00e0 6 tubes avec lecteur de cl\u00e9s PIT EAGLE PLUS - Paytec\" \/>\n<meta property=\"og:description\" content=\"Le monnayeur \u00e0 6 tubes avec lecteur de cl\u00e9s EAGLE PLUS combine les avantages du ma\u00eetre avec un lecteur de cl\u00e9 CAIMAN pour une lecture\/\u00e9criture s\u00e9curis\u00e9e des cl\u00e9s Paytec PIT.\" \/>\n<meta property=\"og:url\" content=\"https:\/\/www.paytec.eu\/fr\/prodotto\/monnayeur-6-tubes-avec-lecteur-cles\/\" \/>\n<meta property=\"og:site_name\" content=\"Paytec\" \/>\n<meta property=\"article:modified_time\" content=\"2025-05-05T14:14:49+00:00\" \/>\n<meta property=\"og:image\" content=\"https:\/\/www.paytec.eu\/wp-content\/uploads\/2021\/12\/eagle-plus-pit.png\" \/>\n\t<meta property=\"og:image:width\" content=\"539\" \/>\n\t<meta property=\"og:image:height\" content=\"567\" \/>\n\t<meta property=\"og:image:type\" content=\"image\/png\" \/>\n<meta name=\"twitter:card\" content=\"summary_large_image\" \/>\n<meta name=\"twitter:label1\" content=\"Dur\u00e9e de lecture estim\u00e9e\" \/>\n\t<meta name=\"twitter:data1\" content=\"2 minutes\" \/>\n<script type=\"application\/ld+json\" class=\"yoast-schema-graph\">{\"@context\":\"https:\/\/schema.org\",\"@graph\":[{\"@type\":\"WebPage\",\"@id\":\"https:\/\/www.paytec.eu\/fr\/prodotto\/monnayeur-6-tubes-avec-lecteur-cles\/\",\"url\":\"https:\/\/www.paytec.eu\/fr\/prodotto\/monnayeur-6-tubes-avec-lecteur-cles\/\",\"name\":\"Monnayeur \u00e0 6 tubes avec lecteur de cl\u00e9s PIT EAGLE PLUS - Paytec\",\"isPartOf\":{\"@id\":\"https:\/\/www.paytec.eu\/#website\"},\"datePublished\":\"2022-01-03T14:54:36+00:00\",\"dateModified\":\"2025-05-05T14:14:49+00:00\",\"description\":\"Le monnayeur \u00e0 6 tubes avec lecteur de cl\u00e9s EAGLE PLUS combine les avantages du ma\u00eetre avec un lecteur de cl\u00e9 CAIMAN pour une lecture\/\u00e9criture s\u00e9curis\u00e9e des cl\u00e9s Paytec PIT.\",\"breadcrumb\":{\"@id\":\"https:\/\/www.paytec.eu\/fr\/prodotto\/monnayeur-6-tubes-avec-lecteur-cles\/#breadcrumb\"},\"inLanguage\":\"fr-FR\",\"potentialAction\":[{\"@type\":\"ReadAction\",\"target\":[\"https:\/\/www.paytec.eu\/fr\/prodotto\/monnayeur-6-tubes-avec-lecteur-cles\/\"]}]},{\"@type\":\"BreadcrumbList\",\"@id\":\"https:\/\/www.paytec.eu\/fr\/prodotto\/monnayeur-6-tubes-avec-lecteur-cles\/#breadcrumb\",\"itemListElement\":[{\"@type\":\"ListItem\",\"position\":1,\"name\":\"Home\",\"item\":\"https:\/\/www.paytec.eu\/fr\/\"},{\"@type\":\"ListItem\",\"position\":2,\"name\":\"Boutique\",\"item\":\"https:\/\/www.paytec.eu\/shop\/\"},{\"@type\":\"ListItem\",\"position\":3,\"name\":\"Cash\",\"item\":\"https:\/\/www.paytec.eu\/categoria-prodotto\/cash\/\"},{\"@type\":\"ListItem\",\"position\":4,\"name\":\"EAGLE PLUS PIT\"}]},{\"@type\":\"WebSite\",\"@id\":\"https:\/\/www.paytec.eu\/#website\",\"url\":\"https:\/\/www.paytec.eu\/\",\"name\":\"Paytec\",\"description\":\"Smart Payments for Vending\",\"potentialAction\":[{\"@type\":\"SearchAction\",\"target\":{\"@type\":\"EntryPoint\",\"urlTemplate\":\"https:\/\/www.paytec.eu\/?s={search_term_string}\"},\"query-input\":\"required name=search_term_string\"}],\"inLanguage\":\"fr-FR\"}]}<\/script>\n<!-- \/ Yoast SEO plugin. -->","yoast_head_json":{"title":"Monnayeur \u00e0 6 tubes avec lecteur de cl\u00e9s PIT EAGLE PLUS - Paytec","description":"Le monnayeur \u00e0 6 tubes avec lecteur de cl\u00e9s EAGLE PLUS combine les avantages du ma\u00eetre avec un lecteur de cl\u00e9 CAIMAN pour une lecture\/\u00e9criture s\u00e9curis\u00e9e des cl\u00e9s Paytec PIT.","robots":{"index":"index","follow":"follow","max-snippet":"max-snippet:-1","max-image-preview":"max-image-preview:large","max-video-preview":"max-video-preview:-1"},"canonical":"https:\/\/www.paytec.eu\/fr\/prodotto\/monnayeur-6-tubes-avec-lecteur-cles\/","og_locale":"fr_FR","og_type":"article","og_title":"Monnayeur \u00e0 6 tubes avec lecteur de cl\u00e9s PIT EAGLE PLUS - Paytec","og_description":"Le monnayeur \u00e0 6 tubes avec lecteur de cl\u00e9s EAGLE PLUS combine les avantages du ma\u00eetre avec un lecteur de cl\u00e9 CAIMAN pour une lecture\/\u00e9criture s\u00e9curis\u00e9e des cl\u00e9s Paytec PIT.","og_url":"https:\/\/www.paytec.eu\/fr\/prodotto\/monnayeur-6-tubes-avec-lecteur-cles\/","og_site_name":"Paytec","article_modified_time":"2025-05-05T14:14:49+00:00","og_image":[{"width":539,"height":567,"url":"https:\/\/www.paytec.eu\/wp-content\/uploads\/2021\/12\/eagle-plus-pit.png","type":"image\/png"}],"twitter_card":"summary_large_image","twitter_misc":{"Dur\u00e9e de lecture estim\u00e9e":"2 minutes"},"schema":{"@context":"https:\/\/schema.org","@graph":[{"@type":"WebPage","@id":"https:\/\/www.paytec.eu\/fr\/prodotto\/monnayeur-6-tubes-avec-lecteur-cles\/","url":"https:\/\/www.paytec.eu\/fr\/prodotto\/monnayeur-6-tubes-avec-lecteur-cles\/","name":"Monnayeur \u00e0 6 tubes avec lecteur de cl\u00e9s PIT EAGLE PLUS - Paytec","isPartOf":{"@id":"https:\/\/www.paytec.eu\/#website"},"datePublished":"2022-01-03T14:54:36+00:00","dateModified":"2025-05-05T14:14:49+00:00","description":"Le monnayeur \u00e0 6 tubes avec lecteur de cl\u00e9s EAGLE PLUS combine les avantages du ma\u00eetre avec un lecteur de cl\u00e9 CAIMAN pour une lecture\/\u00e9criture s\u00e9curis\u00e9e des cl\u00e9s Paytec PIT.","breadcrumb":{"@id":"https:\/\/www.paytec.eu\/fr\/prodotto\/monnayeur-6-tubes-avec-lecteur-cles\/#breadcrumb"},"inLanguage":"fr-FR","potentialAction":[{"@type":"ReadAction","target":["https:\/\/www.paytec.eu\/fr\/prodotto\/monnayeur-6-tubes-avec-lecteur-cles\/"]}]},{"@type":"BreadcrumbList","@id":"https:\/\/www.paytec.eu\/fr\/prodotto\/monnayeur-6-tubes-avec-lecteur-cles\/#breadcrumb","itemListElement":[{"@type":"ListItem","position":1,"name":"Home","item":"https:\/\/www.paytec.eu\/fr\/"},{"@type":"ListItem","position":2,"name":"Boutique","item":"https:\/\/www.paytec.eu\/shop\/"},{"@type":"ListItem","position":3,"name":"Cash","item":"https:\/\/www.paytec.eu\/categoria-prodotto\/cash\/"},{"@type":"ListItem","position":4,"name":"EAGLE PLUS PIT"}]},{"@type":"WebSite","@id":"https:\/\/www.paytec.eu\/#website","url":"https:\/\/www.paytec.eu\/","name":"Paytec","description":"Smart Payments for Vending","potentialAction":[{"@type":"SearchAction","target":{"@type":"EntryPoint","urlTemplate":"https:\/\/www.paytec.eu\/?s={search_term_string}"},"query-input":"required name=search_term_string"}],"inLanguage":"fr-FR"}]}},"_links":{"self":[{"href":"https:\/\/www.paytec.eu\/fr\/wp-json\/wp\/v2\/product\/6620","targetHints":{"allow":["GET"]}}],"collection":[{"href":"https:\/\/www.paytec.eu\/fr\/wp-json\/wp\/v2\/product"}],"about":[{"href":"https:\/\/www.paytec.eu\/fr\/wp-json\/wp\/v2\/types\/product"}],"wp:featuredmedia":[{"embeddable":true,"href":"https:\/\/www.paytec.eu\/fr\/wp-json\/wp\/v2\/media\/10722"}],"wp:attachment":[{"href":"https:\/\/www.paytec.eu\/fr\/wp-json\/wp\/v2\/media?parent=6620"}],"wp:term":[{"taxonomy":"product_cat","embeddable":true,"href":"https:\/\/www.paytec.eu\/fr\/wp-json\/wp\/v2\/product_cat?post=6620"},{"taxonomy":"product_tag","embeddable":true,"href":"https:\/\/www.paytec.eu\/fr\/wp-json\/wp\/v2\/product_tag?post=6620"}],"curies":[{"name":"wp","href":"https:\/\/api.w.org\/{rel}","templated":true}]}}