{"id":6633,"date":"2021-12-21T14:51:48","date_gmt":"2022-01-03T15:00:30","guid":{"rendered":"https:\/\/www.paytec.eu\/prodotto\/cles-pit-autoprogrammables\/"},"modified":"2025-05-08T08:28:26","modified_gmt":"2025-05-08T08:28:26","slug":"cles-pit-autoprogrammables","status":"publish","type":"product","link":"https:\/\/www.paytec.eu\/fr\/prodotto\/cles-pit-autoprogrammables\/","title":{"rendered":"Cl\u00e9s PIT2 Autoprogrammables"},"content":{"rendered":"<p>Avec plus de 15 millions d\u2019unit\u00e9s vendues par Paytec au fil des ann\u00e9es, les cl\u00e9s PIT (Programmable Identification Transponder) sont devenues un outil essentiel pour de nombreux gestionnaires<br \/>\nLes fonctionnalit\u00e9s de vente rendues disponibles par les cl\u00e9s repr\u00e9sentent un outil marketing important, non seulement parce qu\u2019elles permettent des paiements plus faciles, augmentant ainsi les ventes, mais aussi en am\u00e9liorant la fid\u00e9lit\u00e9 des clients gr\u00e2ce \u00e0 des solutions facilement programmables (prix diff\u00e9renci\u00e9s, ventes gratuites, cr\u00e9dits gratuits, bandes de temps, etc.).<br \/>\nLes cl\u00e9s PIT autoprogrammables Paytec se distinguent par la vari\u00e9t\u00e9 des couleurs disponibles et par les diff\u00e9rentes personnalisations possibles. Alors que la tige est toujours d&rsquo;un gris fonc\u00e9, la casquette est disponible en rouge, vert, jaune, bleu, noir, transparent et orange.<br \/>\nUn num\u00e9ro d&rsquo;identification est imprim\u00e9 au laser sur la tige des cl\u00e9s PIT pour permettre aux utilisateurs de les reconnaitre facilement.<br \/>\nIl est possible de personnaliser l\u2019\u00e9tiquette des cl\u00e9s PIT autoprogrammables avec un logo diff\u00e9rent (gestionnaire ou client final).<br \/>\nLa configuration peut \u00eatre faite avec le programmeur Caiman PIT, ou directement par le syst\u00e8me de paiement avec la proc\u00e9dure de programmation automatique lors de l\u2019insertion de la cl\u00e9 pour la premi\u00e8re fois.<\/p>\n","protected":false},"excerpt":{"rendered":"<p>La <strong>technologie PIT (technologie propri\u00e9taire de Paytec)<\/strong> assure un contr\u00f4le total sur tous les aspects techniques, tout en garantissant \u00e0 la fois la fiabilit\u00e9, la s\u00e9curit\u00e9 et la polyvalence.<\/p>\n","protected":false},"featured_media":11910,"template":"","meta":[],"product_cat":[405],"product_tag":[],"class_list":["post-6633","product","type-product","status-publish","has-post-thumbnail","hentry","tipologia-cles-pit-fr","pagamento-chiave-fr","product_cat-chiavi-carte-fr"],"acf":[],"yoast_head":"<!-- This site is optimized with the Yoast SEO plugin v21.1 - https:\/\/yoast.com\/wordpress\/plugins\/seo\/ -->\n<title>Cl\u00e9s PIT autoprogrammables Paytec pour le Vending<\/title>\n<meta name=\"description\" content=\"Les cl\u00e9s PIT autoprogrammables utilisent la technologie PIT sans contact pour faciliter les paiements, augmentant ainsi les ventes de mani\u00e8re s\u00e9curis\u00e9e.\" \/>\n<meta name=\"robots\" content=\"index, follow, max-snippet:-1, max-image-preview:large, max-video-preview:-1\" \/>\n<link rel=\"canonical\" href=\"https:\/\/www.paytec.eu\/fr\/prodotto\/cles-pit-autoprogrammables\/\" \/>\n<meta property=\"og:locale\" content=\"fr_FR\" \/>\n<meta property=\"og:type\" content=\"article\" \/>\n<meta property=\"og:title\" content=\"Cl\u00e9s PIT autoprogrammables Paytec pour le Vending\" \/>\n<meta property=\"og:description\" content=\"Les cl\u00e9s PIT autoprogrammables utilisent la technologie PIT sans contact pour faciliter les paiements, augmentant ainsi les ventes de mani\u00e8re s\u00e9curis\u00e9e.\" \/>\n<meta property=\"og:url\" content=\"https:\/\/www.paytec.eu\/fr\/prodotto\/cles-pit-autoprogrammables\/\" \/>\n<meta property=\"og:site_name\" content=\"Paytec\" \/>\n<meta property=\"article:modified_time\" content=\"2025-05-08T08:28:26+00:00\" \/>\n<meta property=\"og:image\" content=\"https:\/\/www.paytec.eu\/wp-content\/uploads\/2021\/12\/PIT2-row.png\" \/>\n\t<meta property=\"og:image:width\" content=\"800\" \/>\n\t<meta property=\"og:image:height\" content=\"363\" \/>\n\t<meta property=\"og:image:type\" content=\"image\/png\" \/>\n<meta name=\"twitter:card\" content=\"summary_large_image\" \/>\n<meta name=\"twitter:label1\" content=\"Dur\u00e9e de lecture estim\u00e9e\" \/>\n\t<meta name=\"twitter:data1\" content=\"2 minutes\" \/>\n<script type=\"application\/ld+json\" class=\"yoast-schema-graph\">{\"@context\":\"https:\/\/schema.org\",\"@graph\":[{\"@type\":\"WebPage\",\"@id\":\"https:\/\/www.paytec.eu\/fr\/prodotto\/cles-pit-autoprogrammables\/\",\"url\":\"https:\/\/www.paytec.eu\/fr\/prodotto\/cles-pit-autoprogrammables\/\",\"name\":\"Cl\u00e9s PIT autoprogrammables Paytec pour le Vending\",\"isPartOf\":{\"@id\":\"https:\/\/www.paytec.eu\/#website\"},\"datePublished\":\"2022-01-03T15:00:30+00:00\",\"dateModified\":\"2025-05-08T08:28:26+00:00\",\"description\":\"Les cl\u00e9s PIT autoprogrammables utilisent la technologie PIT sans contact pour faciliter les paiements, augmentant ainsi les ventes de mani\u00e8re s\u00e9curis\u00e9e.\",\"breadcrumb\":{\"@id\":\"https:\/\/www.paytec.eu\/fr\/prodotto\/cles-pit-autoprogrammables\/#breadcrumb\"},\"inLanguage\":\"fr-FR\",\"potentialAction\":[{\"@type\":\"ReadAction\",\"target\":[\"https:\/\/www.paytec.eu\/fr\/prodotto\/cles-pit-autoprogrammables\/\"]}]},{\"@type\":\"BreadcrumbList\",\"@id\":\"https:\/\/www.paytec.eu\/fr\/prodotto\/cles-pit-autoprogrammables\/#breadcrumb\",\"itemListElement\":[{\"@type\":\"ListItem\",\"position\":1,\"name\":\"Home\",\"item\":\"https:\/\/www.paytec.eu\/fr\/\"},{\"@type\":\"ListItem\",\"position\":2,\"name\":\"Boutique\",\"item\":\"https:\/\/www.paytec.eu\/shop\/\"},{\"@type\":\"ListItem\",\"position\":3,\"name\":\"Chiavi \/ Carte\",\"item\":\"https:\/\/www.paytec.eu\/categoria-prodotto\/chiavi-carte\/\"},{\"@type\":\"ListItem\",\"position\":4,\"name\":\"Cl\u00e9s PIT2 Autoprogrammables\"}]},{\"@type\":\"WebSite\",\"@id\":\"https:\/\/www.paytec.eu\/#website\",\"url\":\"https:\/\/www.paytec.eu\/\",\"name\":\"Paytec\",\"description\":\"Smart Payments for Vending\",\"potentialAction\":[{\"@type\":\"SearchAction\",\"target\":{\"@type\":\"EntryPoint\",\"urlTemplate\":\"https:\/\/www.paytec.eu\/?s={search_term_string}\"},\"query-input\":\"required name=search_term_string\"}],\"inLanguage\":\"fr-FR\"}]}<\/script>\n<!-- \/ Yoast SEO plugin. -->","yoast_head_json":{"title":"Cl\u00e9s PIT autoprogrammables Paytec pour le Vending","description":"Les cl\u00e9s PIT autoprogrammables utilisent la technologie PIT sans contact pour faciliter les paiements, augmentant ainsi les ventes de mani\u00e8re s\u00e9curis\u00e9e.","robots":{"index":"index","follow":"follow","max-snippet":"max-snippet:-1","max-image-preview":"max-image-preview:large","max-video-preview":"max-video-preview:-1"},"canonical":"https:\/\/www.paytec.eu\/fr\/prodotto\/cles-pit-autoprogrammables\/","og_locale":"fr_FR","og_type":"article","og_title":"Cl\u00e9s PIT autoprogrammables Paytec pour le Vending","og_description":"Les cl\u00e9s PIT autoprogrammables utilisent la technologie PIT sans contact pour faciliter les paiements, augmentant ainsi les ventes de mani\u00e8re s\u00e9curis\u00e9e.","og_url":"https:\/\/www.paytec.eu\/fr\/prodotto\/cles-pit-autoprogrammables\/","og_site_name":"Paytec","article_modified_time":"2025-05-08T08:28:26+00:00","og_image":[{"url":"https:\/\/www.paytec.eu\/wp-content\/uploads\/2021\/12\/PIT2-row.png","width":800,"height":363,"type":"image\/png"}],"twitter_card":"summary_large_image","twitter_misc":{"Dur\u00e9e de lecture estim\u00e9e":"2 minutes"},"schema":{"@context":"https:\/\/schema.org","@graph":[{"@type":"WebPage","@id":"https:\/\/www.paytec.eu\/fr\/prodotto\/cles-pit-autoprogrammables\/","url":"https:\/\/www.paytec.eu\/fr\/prodotto\/cles-pit-autoprogrammables\/","name":"Cl\u00e9s PIT autoprogrammables Paytec pour le Vending","isPartOf":{"@id":"https:\/\/www.paytec.eu\/#website"},"datePublished":"2022-01-03T15:00:30+00:00","dateModified":"2025-05-08T08:28:26+00:00","description":"Les cl\u00e9s PIT autoprogrammables utilisent la technologie PIT sans contact pour faciliter les paiements, augmentant ainsi les ventes de mani\u00e8re s\u00e9curis\u00e9e.","breadcrumb":{"@id":"https:\/\/www.paytec.eu\/fr\/prodotto\/cles-pit-autoprogrammables\/#breadcrumb"},"inLanguage":"fr-FR","potentialAction":[{"@type":"ReadAction","target":["https:\/\/www.paytec.eu\/fr\/prodotto\/cles-pit-autoprogrammables\/"]}]},{"@type":"BreadcrumbList","@id":"https:\/\/www.paytec.eu\/fr\/prodotto\/cles-pit-autoprogrammables\/#breadcrumb","itemListElement":[{"@type":"ListItem","position":1,"name":"Home","item":"https:\/\/www.paytec.eu\/fr\/"},{"@type":"ListItem","position":2,"name":"Boutique","item":"https:\/\/www.paytec.eu\/shop\/"},{"@type":"ListItem","position":3,"name":"Chiavi \/ Carte","item":"https:\/\/www.paytec.eu\/categoria-prodotto\/chiavi-carte\/"},{"@type":"ListItem","position":4,"name":"Cl\u00e9s PIT2 Autoprogrammables"}]},{"@type":"WebSite","@id":"https:\/\/www.paytec.eu\/#website","url":"https:\/\/www.paytec.eu\/","name":"Paytec","description":"Smart Payments for Vending","potentialAction":[{"@type":"SearchAction","target":{"@type":"EntryPoint","urlTemplate":"https:\/\/www.paytec.eu\/?s={search_term_string}"},"query-input":"required name=search_term_string"}],"inLanguage":"fr-FR"}]}},"_links":{"self":[{"href":"https:\/\/www.paytec.eu\/fr\/wp-json\/wp\/v2\/product\/6633","targetHints":{"allow":["GET"]}}],"collection":[{"href":"https:\/\/www.paytec.eu\/fr\/wp-json\/wp\/v2\/product"}],"about":[{"href":"https:\/\/www.paytec.eu\/fr\/wp-json\/wp\/v2\/types\/product"}],"wp:featuredmedia":[{"embeddable":true,"href":"https:\/\/www.paytec.eu\/fr\/wp-json\/wp\/v2\/media\/11910"}],"wp:attachment":[{"href":"https:\/\/www.paytec.eu\/fr\/wp-json\/wp\/v2\/media?parent=6633"}],"wp:term":[{"taxonomy":"product_cat","embeddable":true,"href":"https:\/\/www.paytec.eu\/fr\/wp-json\/wp\/v2\/product_cat?post=6633"},{"taxonomy":"product_tag","embeddable":true,"href":"https:\/\/www.paytec.eu\/fr\/wp-json\/wp\/v2\/product_tag?post=6633"}],"curies":[{"name":"wp","href":"https:\/\/api.w.org\/{rel}","templated":true}]}}