{"id":6650,"date":"2021-12-21T14:45:35","date_gmt":"2022-01-03T15:09:07","guid":{"rendered":"https:\/\/www.paytec.eu\/prodotto\/caiman-lite-mifare-mdb-eur\/"},"modified":"2025-05-08T08:19:09","modified_gmt":"2025-05-08T08:19:09","slug":"lecteur-cles-mifare-mdb","status":"publish","type":"product","link":"https:\/\/www.paytec.eu\/fr\/prodotto\/lecteur-cles-mifare-mdb\/","title":{"rendered":"Caiman Lite MDB Mifare EUR"},"content":{"rendered":"<p>Le lecteur cl\u00e9s Mifare Caiman Lite MDB est reconnue pour sa compacit\u00e9 et sa simplicit\u00e9, aussi bien dans l\u2019installation que dans l\u2019utilisation.<br \/>\nCaiman Lite MDB se connecte directement aux distributeurs automatiques ou \u00e0 tout monnayeur en tant que p\u00e9riph\u00e9rique MDB.<br \/>\nAu-del\u00e0 de la gestion classique du cr\u00e9dit sur les cl\u00e9s, diverses fonctionnalit\u00e9s disponibles sur le syst\u00e8me Caiman comprennent la gestion des prix et des remises, la d\u00e9finition de tranches horaires sp\u00e9cifiques, ventes gratuites, cr\u00e9dits gratuits, le d\u00e9veloppement de syst\u00e8mes de fid\u00e9lisation et la gestion des cl\u00e9s perdues afin d\u2019\u00e9viter une mauvaise utilisation.<br \/>\nCaiman Lite est disponible aussi dans une version pour la lecture\/\u00e9criture des cl\u00e9s PIT de Paytec.<\/p>\n<p>&nbsp;<\/p>\n","protected":false},"excerpt":{"rendered":"<p>Facile \u00e0 installer et \u00e0 programmer, la gamme Caiman Lite est une solution id\u00e9ale pour les gestionnaires qui souhaitent introduire un syst\u00e8me cashless sur des monnayeurs ou des distributeurs exclusivement cashless.<\/p>\n","protected":false},"featured_media":5543,"template":"","meta":[],"product_cat":[136],"product_tag":[],"class_list":["post-6650","product","type-product","status-publish","has-post-thumbnail","hentry","protocollo-mdb-fr","tipologia-lecteur-cle-fr","pagamento-chiave-fr","product_cat-cashless-fr"],"acf":[],"yoast_head":"<!-- This site is optimized with the Yoast SEO plugin v21.1 - https:\/\/yoast.com\/wordpress\/plugins\/seo\/ -->\n<title>Lecteur cl\u00e9s Mifare Caiman Lite MDB - Paytec<\/title>\n<meta name=\"description\" content=\"Le lecteur de cl\u00e9s Paytec CAIMAN Lite MDB Mifare est le syst\u00e8me sans num\u00e9raire le plus pratique qui existe pour lire\/\u00e9crire les cl\u00e9s Mifare.\" \/>\n<meta name=\"robots\" content=\"index, follow, max-snippet:-1, max-image-preview:large, max-video-preview:-1\" \/>\n<link rel=\"canonical\" href=\"https:\/\/www.paytec.eu\/fr\/prodotto\/lecteur-cles-mifare-mdb\/\" \/>\n<meta property=\"og:locale\" content=\"fr_FR\" \/>\n<meta property=\"og:type\" content=\"article\" \/>\n<meta property=\"og:title\" content=\"Lecteur cl\u00e9s Mifare Caiman Lite MDB - Paytec\" \/>\n<meta property=\"og:description\" content=\"Le lecteur de cl\u00e9s Paytec CAIMAN Lite MDB Mifare est le syst\u00e8me sans num\u00e9raire le plus pratique qui existe pour lire\/\u00e9crire les cl\u00e9s Mifare.\" \/>\n<meta property=\"og:url\" content=\"https:\/\/www.paytec.eu\/fr\/prodotto\/lecteur-cles-mifare-mdb\/\" \/>\n<meta property=\"og:site_name\" content=\"Paytec\" \/>\n<meta property=\"article:modified_time\" content=\"2025-05-08T08:19:09+00:00\" \/>\n<meta property=\"og:image\" content=\"https:\/\/www.paytec.eu\/wp-content\/uploads\/2021\/12\/caiman-lite-mifare-mdb-eur.jpg\" \/>\n\t<meta property=\"og:image:width\" content=\"744\" \/>\n\t<meta property=\"og:image:height\" content=\"800\" \/>\n\t<meta property=\"og:image:type\" content=\"image\/jpeg\" \/>\n<meta name=\"twitter:card\" content=\"summary_large_image\" \/>\n<meta name=\"twitter:label1\" content=\"Dur\u00e9e de lecture estim\u00e9e\" \/>\n\t<meta name=\"twitter:data1\" content=\"1 minute\" \/>\n<script type=\"application\/ld+json\" class=\"yoast-schema-graph\">{\"@context\":\"https:\/\/schema.org\",\"@graph\":[{\"@type\":\"WebPage\",\"@id\":\"https:\/\/www.paytec.eu\/fr\/prodotto\/lecteur-cles-mifare-mdb\/\",\"url\":\"https:\/\/www.paytec.eu\/fr\/prodotto\/lecteur-cles-mifare-mdb\/\",\"name\":\"Lecteur cl\u00e9s Mifare Caiman Lite MDB - Paytec\",\"isPartOf\":{\"@id\":\"https:\/\/www.paytec.eu\/#website\"},\"datePublished\":\"2022-01-03T15:09:07+00:00\",\"dateModified\":\"2025-05-08T08:19:09+00:00\",\"description\":\"Le lecteur de cl\u00e9s Paytec CAIMAN Lite MDB Mifare est le syst\u00e8me sans num\u00e9raire le plus pratique qui existe pour lire\/\u00e9crire les cl\u00e9s Mifare.\",\"breadcrumb\":{\"@id\":\"https:\/\/www.paytec.eu\/fr\/prodotto\/lecteur-cles-mifare-mdb\/#breadcrumb\"},\"inLanguage\":\"fr-FR\",\"potentialAction\":[{\"@type\":\"ReadAction\",\"target\":[\"https:\/\/www.paytec.eu\/fr\/prodotto\/lecteur-cles-mifare-mdb\/\"]}]},{\"@type\":\"BreadcrumbList\",\"@id\":\"https:\/\/www.paytec.eu\/fr\/prodotto\/lecteur-cles-mifare-mdb\/#breadcrumb\",\"itemListElement\":[{\"@type\":\"ListItem\",\"position\":1,\"name\":\"Home\",\"item\":\"https:\/\/www.paytec.eu\/fr\/\"},{\"@type\":\"ListItem\",\"position\":2,\"name\":\"Boutique\",\"item\":\"https:\/\/www.paytec.eu\/shop\/\"},{\"@type\":\"ListItem\",\"position\":3,\"name\":\"Cashless\",\"item\":\"https:\/\/www.paytec.eu\/fr\/categoria-prodotto\/cashless-fr\/\"},{\"@type\":\"ListItem\",\"position\":4,\"name\":\"Caiman Lite MDB Mifare EUR\"}]},{\"@type\":\"WebSite\",\"@id\":\"https:\/\/www.paytec.eu\/#website\",\"url\":\"https:\/\/www.paytec.eu\/\",\"name\":\"Paytec\",\"description\":\"Smart Payments for Vending\",\"potentialAction\":[{\"@type\":\"SearchAction\",\"target\":{\"@type\":\"EntryPoint\",\"urlTemplate\":\"https:\/\/www.paytec.eu\/?s={search_term_string}\"},\"query-input\":\"required name=search_term_string\"}],\"inLanguage\":\"fr-FR\"}]}<\/script>\n<!-- \/ Yoast SEO plugin. -->","yoast_head_json":{"title":"Lecteur cl\u00e9s Mifare Caiman Lite MDB - Paytec","description":"Le lecteur de cl\u00e9s Paytec CAIMAN Lite MDB Mifare est le syst\u00e8me sans num\u00e9raire le plus pratique qui existe pour lire\/\u00e9crire les cl\u00e9s Mifare.","robots":{"index":"index","follow":"follow","max-snippet":"max-snippet:-1","max-image-preview":"max-image-preview:large","max-video-preview":"max-video-preview:-1"},"canonical":"https:\/\/www.paytec.eu\/fr\/prodotto\/lecteur-cles-mifare-mdb\/","og_locale":"fr_FR","og_type":"article","og_title":"Lecteur cl\u00e9s Mifare Caiman Lite MDB - Paytec","og_description":"Le lecteur de cl\u00e9s Paytec CAIMAN Lite MDB Mifare est le syst\u00e8me sans num\u00e9raire le plus pratique qui existe pour lire\/\u00e9crire les cl\u00e9s Mifare.","og_url":"https:\/\/www.paytec.eu\/fr\/prodotto\/lecteur-cles-mifare-mdb\/","og_site_name":"Paytec","article_modified_time":"2025-05-08T08:19:09+00:00","og_image":[{"width":744,"height":800,"url":"https:\/\/www.paytec.eu\/wp-content\/uploads\/2021\/12\/caiman-lite-mifare-mdb-eur.jpg","type":"image\/jpeg"}],"twitter_card":"summary_large_image","twitter_misc":{"Dur\u00e9e de lecture estim\u00e9e":"1 minute"},"schema":{"@context":"https:\/\/schema.org","@graph":[{"@type":"WebPage","@id":"https:\/\/www.paytec.eu\/fr\/prodotto\/lecteur-cles-mifare-mdb\/","url":"https:\/\/www.paytec.eu\/fr\/prodotto\/lecteur-cles-mifare-mdb\/","name":"Lecteur cl\u00e9s Mifare Caiman Lite MDB - Paytec","isPartOf":{"@id":"https:\/\/www.paytec.eu\/#website"},"datePublished":"2022-01-03T15:09:07+00:00","dateModified":"2025-05-08T08:19:09+00:00","description":"Le lecteur de cl\u00e9s Paytec CAIMAN Lite MDB Mifare est le syst\u00e8me sans num\u00e9raire le plus pratique qui existe pour lire\/\u00e9crire les cl\u00e9s Mifare.","breadcrumb":{"@id":"https:\/\/www.paytec.eu\/fr\/prodotto\/lecteur-cles-mifare-mdb\/#breadcrumb"},"inLanguage":"fr-FR","potentialAction":[{"@type":"ReadAction","target":["https:\/\/www.paytec.eu\/fr\/prodotto\/lecteur-cles-mifare-mdb\/"]}]},{"@type":"BreadcrumbList","@id":"https:\/\/www.paytec.eu\/fr\/prodotto\/lecteur-cles-mifare-mdb\/#breadcrumb","itemListElement":[{"@type":"ListItem","position":1,"name":"Home","item":"https:\/\/www.paytec.eu\/fr\/"},{"@type":"ListItem","position":2,"name":"Boutique","item":"https:\/\/www.paytec.eu\/shop\/"},{"@type":"ListItem","position":3,"name":"Cashless","item":"https:\/\/www.paytec.eu\/fr\/categoria-prodotto\/cashless-fr\/"},{"@type":"ListItem","position":4,"name":"Caiman Lite MDB Mifare EUR"}]},{"@type":"WebSite","@id":"https:\/\/www.paytec.eu\/#website","url":"https:\/\/www.paytec.eu\/","name":"Paytec","description":"Smart Payments for Vending","potentialAction":[{"@type":"SearchAction","target":{"@type":"EntryPoint","urlTemplate":"https:\/\/www.paytec.eu\/?s={search_term_string}"},"query-input":"required name=search_term_string"}],"inLanguage":"fr-FR"}]}},"_links":{"self":[{"href":"https:\/\/www.paytec.eu\/fr\/wp-json\/wp\/v2\/product\/6650","targetHints":{"allow":["GET"]}}],"collection":[{"href":"https:\/\/www.paytec.eu\/fr\/wp-json\/wp\/v2\/product"}],"about":[{"href":"https:\/\/www.paytec.eu\/fr\/wp-json\/wp\/v2\/types\/product"}],"wp:featuredmedia":[{"embeddable":true,"href":"https:\/\/www.paytec.eu\/fr\/wp-json\/wp\/v2\/media\/5543"}],"wp:attachment":[{"href":"https:\/\/www.paytec.eu\/fr\/wp-json\/wp\/v2\/media?parent=6650"}],"wp:term":[{"taxonomy":"product_cat","embeddable":true,"href":"https:\/\/www.paytec.eu\/fr\/wp-json\/wp\/v2\/product_cat?post=6650"},{"taxonomy":"product_tag","embeddable":true,"href":"https:\/\/www.paytec.eu\/fr\/wp-json\/wp\/v2\/product_tag?post=6650"}],"curies":[{"name":"wp","href":"https:\/\/api.w.org\/{rel}","templated":true}]}}