{"id":6651,"date":"2021-12-21T14:44:03","date_gmt":"2022-01-03T15:11:14","guid":{"rendered":"https:\/\/www.paytec.eu\/prodotto\/caiman-lite-mifare-exe-eur\/"},"modified":"2025-05-08T08:17:48","modified_gmt":"2025-05-08T08:17:48","slug":"lecteur-cles-mifare-caiman-exe","status":"publish","type":"product","link":"https:\/\/www.paytec.eu\/fr\/prodotto\/lecteur-cles-mifare-caiman-exe\/","title":{"rendered":"CAIMAN LITE MIFARE\u00ae EXE EUR"},"content":{"rendered":"<p>Le lecteur cl\u00e9s Mifare Caiman Lite EXE est reconnue pour sa <strong>compacit\u00e9 et sa simplicit\u00e9<\/strong>, aussi bien dans l\u2019installation que dans l\u2019utilisation.<\/p>\n<p>Le syst\u00e8me peut fonctionner en mode Price Holding jusqu\u2019\u00e0 100 prix, ou peut d\u00e9l\u00e9guer la gestion des prix au distributeur automatique. Il est possible de connecter un accepteur de pi\u00e8ces en mode impulsion.<\/p>\n<p>Au-del\u00e0 de la gestion classique du cr\u00e9dit sur les cl\u00e9s, diverses fonctionnalit\u00e9s disponibles sur le lecteur cl\u00e9s Mifare Caiman Lite EXE comprennent la gestion des prix et des remises, la d\u00e9finition de tranches horaires sp\u00e9cifiques, ventes gratuites, cr\u00e9dits gratuits, le d\u00e9veloppement de syst\u00e8mes de fid\u00e9lisation et la gestion des cl\u00e9s perdues afin d\u2019\u00e9viter une mauvaise utilisation.<\/p>\n<p>Le lecteur cl\u00e9s Caiman Lite est disponible aussi dans une version pour la lecture\/\u00e9criture des <strong>supports <\/strong><strong>PIT<\/strong>.<\/p>\n","protected":false},"excerpt":{"rendered":"<p>La gamme cashless <strong>Caiman Lite EXE<\/strong> est reconnue pour sa compacit\u00e9 et sa simplicit\u00e9, aussi bien dans l\u2019installation que dans l\u2019utilisation.<\/p>\n","protected":false},"featured_media":5539,"template":"","meta":[],"product_cat":[136],"product_tag":[],"class_list":["post-6651","product","type-product","status-publish","has-post-thumbnail","hentry","protocollo-exe-fr","tipologia-lecteur-cle-fr","tipologia-master-fr","pagamento-chiave-fr","product_cat-cashless-fr"],"acf":[],"yoast_head":"<!-- This site is optimized with the Yoast SEO plugin v21.1 - https:\/\/yoast.com\/wordpress\/plugins\/seo\/ -->\n<title>lecteur cl\u00e9s Mifare CAIMAN EXE - Paytec<\/title>\n<meta name=\"description\" content=\"Le lecteur cl\u00e9s Mifare CAIMAN EXE de Paytec est le syst\u00e8me cashless le plus pratique qui existe pour lire\/\u00e9crire les cl\u00e9s Mifare.\" \/>\n<meta name=\"robots\" content=\"index, follow, max-snippet:-1, max-image-preview:large, max-video-preview:-1\" \/>\n<link rel=\"canonical\" href=\"https:\/\/www.paytec.eu\/fr\/prodotto\/lecteur-cles-mifare-caiman-exe\/\" \/>\n<meta property=\"og:locale\" content=\"fr_FR\" \/>\n<meta property=\"og:type\" content=\"article\" \/>\n<meta property=\"og:title\" content=\"lecteur cl\u00e9s Mifare CAIMAN EXE - Paytec\" \/>\n<meta property=\"og:description\" content=\"Le lecteur cl\u00e9s Mifare CAIMAN EXE de Paytec est le syst\u00e8me cashless le plus pratique qui existe pour lire\/\u00e9crire les cl\u00e9s Mifare.\" \/>\n<meta property=\"og:url\" content=\"https:\/\/www.paytec.eu\/fr\/prodotto\/lecteur-cles-mifare-caiman-exe\/\" \/>\n<meta property=\"og:site_name\" content=\"Paytec\" \/>\n<meta property=\"article:modified_time\" content=\"2025-05-08T08:17:48+00:00\" \/>\n<meta property=\"og:image\" content=\"https:\/\/www.paytec.eu\/wp-content\/uploads\/2021\/12\/caiman-lite-mifare-exe-eur.jpg\" \/>\n\t<meta property=\"og:image:width\" content=\"744\" \/>\n\t<meta property=\"og:image:height\" content=\"800\" \/>\n\t<meta property=\"og:image:type\" content=\"image\/jpeg\" \/>\n<meta name=\"twitter:card\" content=\"summary_large_image\" \/>\n<meta name=\"twitter:label1\" content=\"Dur\u00e9e de lecture estim\u00e9e\" \/>\n\t<meta name=\"twitter:data1\" content=\"1 minute\" \/>\n<script type=\"application\/ld+json\" class=\"yoast-schema-graph\">{\"@context\":\"https:\/\/schema.org\",\"@graph\":[{\"@type\":\"WebPage\",\"@id\":\"https:\/\/www.paytec.eu\/fr\/prodotto\/lecteur-cles-mifare-caiman-exe\/\",\"url\":\"https:\/\/www.paytec.eu\/fr\/prodotto\/lecteur-cles-mifare-caiman-exe\/\",\"name\":\"lecteur cl\u00e9s Mifare CAIMAN EXE - Paytec\",\"isPartOf\":{\"@id\":\"https:\/\/www.paytec.eu\/#website\"},\"datePublished\":\"2022-01-03T15:11:14+00:00\",\"dateModified\":\"2025-05-08T08:17:48+00:00\",\"description\":\"Le lecteur cl\u00e9s Mifare CAIMAN EXE de Paytec est le syst\u00e8me cashless le plus pratique qui existe pour lire\/\u00e9crire les cl\u00e9s Mifare.\",\"breadcrumb\":{\"@id\":\"https:\/\/www.paytec.eu\/fr\/prodotto\/lecteur-cles-mifare-caiman-exe\/#breadcrumb\"},\"inLanguage\":\"fr-FR\",\"potentialAction\":[{\"@type\":\"ReadAction\",\"target\":[\"https:\/\/www.paytec.eu\/fr\/prodotto\/lecteur-cles-mifare-caiman-exe\/\"]}]},{\"@type\":\"BreadcrumbList\",\"@id\":\"https:\/\/www.paytec.eu\/fr\/prodotto\/lecteur-cles-mifare-caiman-exe\/#breadcrumb\",\"itemListElement\":[{\"@type\":\"ListItem\",\"position\":1,\"name\":\"Home\",\"item\":\"https:\/\/www.paytec.eu\/fr\/\"},{\"@type\":\"ListItem\",\"position\":2,\"name\":\"Boutique\",\"item\":\"https:\/\/www.paytec.eu\/shop\/\"},{\"@type\":\"ListItem\",\"position\":3,\"name\":\"Cashless\",\"item\":\"https:\/\/www.paytec.eu\/fr\/categoria-prodotto\/cashless-fr\/\"},{\"@type\":\"ListItem\",\"position\":4,\"name\":\"CAIMAN LITE MIFARE\u00ae EXE EUR\"}]},{\"@type\":\"WebSite\",\"@id\":\"https:\/\/www.paytec.eu\/#website\",\"url\":\"https:\/\/www.paytec.eu\/\",\"name\":\"Paytec\",\"description\":\"Smart Payments for Vending\",\"potentialAction\":[{\"@type\":\"SearchAction\",\"target\":{\"@type\":\"EntryPoint\",\"urlTemplate\":\"https:\/\/www.paytec.eu\/?s={search_term_string}\"},\"query-input\":\"required name=search_term_string\"}],\"inLanguage\":\"fr-FR\"}]}<\/script>\n<!-- \/ Yoast SEO plugin. -->","yoast_head_json":{"title":"lecteur cl\u00e9s Mifare CAIMAN EXE - Paytec","description":"Le lecteur cl\u00e9s Mifare CAIMAN EXE de Paytec est le syst\u00e8me cashless le plus pratique qui existe pour lire\/\u00e9crire les cl\u00e9s Mifare.","robots":{"index":"index","follow":"follow","max-snippet":"max-snippet:-1","max-image-preview":"max-image-preview:large","max-video-preview":"max-video-preview:-1"},"canonical":"https:\/\/www.paytec.eu\/fr\/prodotto\/lecteur-cles-mifare-caiman-exe\/","og_locale":"fr_FR","og_type":"article","og_title":"lecteur cl\u00e9s Mifare CAIMAN EXE - Paytec","og_description":"Le lecteur cl\u00e9s Mifare CAIMAN EXE de Paytec est le syst\u00e8me cashless le plus pratique qui existe pour lire\/\u00e9crire les cl\u00e9s Mifare.","og_url":"https:\/\/www.paytec.eu\/fr\/prodotto\/lecteur-cles-mifare-caiman-exe\/","og_site_name":"Paytec","article_modified_time":"2025-05-08T08:17:48+00:00","og_image":[{"width":744,"height":800,"url":"https:\/\/www.paytec.eu\/wp-content\/uploads\/2021\/12\/caiman-lite-mifare-exe-eur.jpg","type":"image\/jpeg"}],"twitter_card":"summary_large_image","twitter_misc":{"Dur\u00e9e de lecture estim\u00e9e":"1 minute"},"schema":{"@context":"https:\/\/schema.org","@graph":[{"@type":"WebPage","@id":"https:\/\/www.paytec.eu\/fr\/prodotto\/lecteur-cles-mifare-caiman-exe\/","url":"https:\/\/www.paytec.eu\/fr\/prodotto\/lecteur-cles-mifare-caiman-exe\/","name":"lecteur cl\u00e9s Mifare CAIMAN EXE - Paytec","isPartOf":{"@id":"https:\/\/www.paytec.eu\/#website"},"datePublished":"2022-01-03T15:11:14+00:00","dateModified":"2025-05-08T08:17:48+00:00","description":"Le lecteur cl\u00e9s Mifare CAIMAN EXE de Paytec est le syst\u00e8me cashless le plus pratique qui existe pour lire\/\u00e9crire les cl\u00e9s Mifare.","breadcrumb":{"@id":"https:\/\/www.paytec.eu\/fr\/prodotto\/lecteur-cles-mifare-caiman-exe\/#breadcrumb"},"inLanguage":"fr-FR","potentialAction":[{"@type":"ReadAction","target":["https:\/\/www.paytec.eu\/fr\/prodotto\/lecteur-cles-mifare-caiman-exe\/"]}]},{"@type":"BreadcrumbList","@id":"https:\/\/www.paytec.eu\/fr\/prodotto\/lecteur-cles-mifare-caiman-exe\/#breadcrumb","itemListElement":[{"@type":"ListItem","position":1,"name":"Home","item":"https:\/\/www.paytec.eu\/fr\/"},{"@type":"ListItem","position":2,"name":"Boutique","item":"https:\/\/www.paytec.eu\/shop\/"},{"@type":"ListItem","position":3,"name":"Cashless","item":"https:\/\/www.paytec.eu\/fr\/categoria-prodotto\/cashless-fr\/"},{"@type":"ListItem","position":4,"name":"CAIMAN LITE MIFARE\u00ae EXE EUR"}]},{"@type":"WebSite","@id":"https:\/\/www.paytec.eu\/#website","url":"https:\/\/www.paytec.eu\/","name":"Paytec","description":"Smart Payments for Vending","potentialAction":[{"@type":"SearchAction","target":{"@type":"EntryPoint","urlTemplate":"https:\/\/www.paytec.eu\/?s={search_term_string}"},"query-input":"required name=search_term_string"}],"inLanguage":"fr-FR"}]}},"_links":{"self":[{"href":"https:\/\/www.paytec.eu\/fr\/wp-json\/wp\/v2\/product\/6651","targetHints":{"allow":["GET"]}}],"collection":[{"href":"https:\/\/www.paytec.eu\/fr\/wp-json\/wp\/v2\/product"}],"about":[{"href":"https:\/\/www.paytec.eu\/fr\/wp-json\/wp\/v2\/types\/product"}],"wp:featuredmedia":[{"embeddable":true,"href":"https:\/\/www.paytec.eu\/fr\/wp-json\/wp\/v2\/media\/5539"}],"wp:attachment":[{"href":"https:\/\/www.paytec.eu\/fr\/wp-json\/wp\/v2\/media?parent=6651"}],"wp:term":[{"taxonomy":"product_cat","embeddable":true,"href":"https:\/\/www.paytec.eu\/fr\/wp-json\/wp\/v2\/product_cat?post=6651"},{"taxonomy":"product_tag","embeddable":true,"href":"https:\/\/www.paytec.eu\/fr\/wp-json\/wp\/v2\/product_tag?post=6651"}],"curies":[{"name":"wp","href":"https:\/\/api.w.org\/{rel}","templated":true}]}}