{"id":6652,"date":"2021-12-21T14:42:29","date_gmt":"2022-01-03T15:12:25","guid":{"rendered":"https:\/\/www.paytec.eu\/prodotto\/caiman-lite-mdb-eur\/"},"modified":"2025-05-08T08:20:16","modified_gmt":"2025-05-08T08:20:16","slug":"lecteur-cles-pit-mdb","status":"publish","type":"product","link":"https:\/\/www.paytec.eu\/fr\/prodotto\/lecteur-cles-pit-mdb\/","title":{"rendered":"CAIMAN LITE MDB EUR"},"content":{"rendered":"<p>Le lecteur de cl\u00e9s PIT Caiman Lite MDB est reconnue pour sa <strong>compacit\u00e9 et sa simplicit\u00e9<\/strong>, aussi bien dans l\u2019installation que dans l\u2019utilisation.<\/p>\n<p>Caiman Lite MDB se connecte directement aux distributeurs automatiques ou \u00e0 tout monnayeur en tant que p\u00e9riph\u00e9rique MDB.<\/p>\n<p>Au-del\u00e0 de la gestion classique du cr\u00e9dit sur les cl\u00e9s, diverses fonctionnalit\u00e9s disponibles sur le lecteur de cl\u00e9s PIT Caiman Lite MDB comprennent la gestion des prix et des remises, la d\u00e9finition de tranches horaires sp\u00e9cifiques, ventes gratuites, cr\u00e9dits gratuits, le d\u00e9veloppement de syst\u00e8mes de fid\u00e9lisation et la gestion des cl\u00e9s perdues afin d\u2019\u00e9viter une mauvaise utilisation.<\/p>\n<p>Caiman Lite est disponible aussi dans une version pour la lecture\/\u00e9criture des <strong>cl\u00e9s Paytec <\/strong><strong>Mifare\u00ae<\/strong>.<\/p>\n","protected":false},"excerpt":{"rendered":"<p>Facile \u00e0 installer et \u00e0 programmer, la gamme Caiman Lite est une solution id\u00e9ale pour les gestionnaires qui souhaitent introduire un syst\u00e8me cashless sur les monnayeurs rendeurs ou sur les distributeurs exclusivement cashless.<\/p>\n","protected":false},"featured_media":5535,"template":"","meta":[],"product_cat":[136],"product_tag":[],"class_list":["post-6652","product","type-product","status-publish","has-post-thumbnail","hentry","protocollo-mdb-fr","tipologia-lecteur-cle-fr","pagamento-chiave-fr","product_cat-cashless-fr"],"acf":[],"yoast_head":"<!-- This site is optimized with the Yoast SEO plugin v21.1 - https:\/\/yoast.com\/wordpress\/plugins\/seo\/ -->\n<title>Lecteur cl\u00e9s PIT Caiman Lite MDB - Paytec<\/title>\n<meta name=\"description\" content=\"Le lecteur cl\u00e9s PIT CAIMAN Lite MDB de Paytec est le syst\u00e8me sans num\u00e9raire le plus pratique qui existe pour lire\/\u00e9crire les cl\u00e9s PIT.\" \/>\n<meta name=\"robots\" content=\"index, follow, max-snippet:-1, max-image-preview:large, max-video-preview:-1\" \/>\n<link rel=\"canonical\" href=\"https:\/\/www.paytec.eu\/fr\/prodotto\/lecteur-cles-pit-mdb\/\" \/>\n<meta property=\"og:locale\" content=\"fr_FR\" \/>\n<meta property=\"og:type\" content=\"article\" \/>\n<meta property=\"og:title\" content=\"Lecteur cl\u00e9s PIT Caiman Lite MDB - Paytec\" \/>\n<meta property=\"og:description\" content=\"Le lecteur cl\u00e9s PIT CAIMAN Lite MDB de Paytec est le syst\u00e8me sans num\u00e9raire le plus pratique qui existe pour lire\/\u00e9crire les cl\u00e9s PIT.\" \/>\n<meta property=\"og:url\" content=\"https:\/\/www.paytec.eu\/fr\/prodotto\/lecteur-cles-pit-mdb\/\" \/>\n<meta property=\"og:site_name\" content=\"Paytec\" \/>\n<meta property=\"article:modified_time\" content=\"2025-05-08T08:20:16+00:00\" \/>\n<meta property=\"og:image\" content=\"https:\/\/www.paytec.eu\/wp-content\/uploads\/2021\/12\/caiman-lite-mdb-eur.jpg\" \/>\n\t<meta property=\"og:image:width\" content=\"744\" \/>\n\t<meta property=\"og:image:height\" content=\"800\" \/>\n\t<meta property=\"og:image:type\" content=\"image\/jpeg\" \/>\n<meta name=\"twitter:card\" content=\"summary_large_image\" \/>\n<meta name=\"twitter:label1\" content=\"Dur\u00e9e de lecture estim\u00e9e\" \/>\n\t<meta name=\"twitter:data1\" content=\"1 minute\" \/>\n<script type=\"application\/ld+json\" class=\"yoast-schema-graph\">{\"@context\":\"https:\/\/schema.org\",\"@graph\":[{\"@type\":\"WebPage\",\"@id\":\"https:\/\/www.paytec.eu\/fr\/prodotto\/lecteur-cles-pit-mdb\/\",\"url\":\"https:\/\/www.paytec.eu\/fr\/prodotto\/lecteur-cles-pit-mdb\/\",\"name\":\"Lecteur cl\u00e9s PIT Caiman Lite MDB - Paytec\",\"isPartOf\":{\"@id\":\"https:\/\/www.paytec.eu\/#website\"},\"datePublished\":\"2022-01-03T15:12:25+00:00\",\"dateModified\":\"2025-05-08T08:20:16+00:00\",\"description\":\"Le lecteur cl\u00e9s PIT CAIMAN Lite MDB de Paytec est le syst\u00e8me sans num\u00e9raire le plus pratique qui existe pour lire\/\u00e9crire les cl\u00e9s PIT.\",\"breadcrumb\":{\"@id\":\"https:\/\/www.paytec.eu\/fr\/prodotto\/lecteur-cles-pit-mdb\/#breadcrumb\"},\"inLanguage\":\"fr-FR\",\"potentialAction\":[{\"@type\":\"ReadAction\",\"target\":[\"https:\/\/www.paytec.eu\/fr\/prodotto\/lecteur-cles-pit-mdb\/\"]}]},{\"@type\":\"BreadcrumbList\",\"@id\":\"https:\/\/www.paytec.eu\/fr\/prodotto\/lecteur-cles-pit-mdb\/#breadcrumb\",\"itemListElement\":[{\"@type\":\"ListItem\",\"position\":1,\"name\":\"Home\",\"item\":\"https:\/\/www.paytec.eu\/fr\/\"},{\"@type\":\"ListItem\",\"position\":2,\"name\":\"Boutique\",\"item\":\"https:\/\/www.paytec.eu\/shop\/\"},{\"@type\":\"ListItem\",\"position\":3,\"name\":\"Cashless\",\"item\":\"https:\/\/www.paytec.eu\/fr\/categoria-prodotto\/cashless-fr\/\"},{\"@type\":\"ListItem\",\"position\":4,\"name\":\"CAIMAN LITE MDB EUR\"}]},{\"@type\":\"WebSite\",\"@id\":\"https:\/\/www.paytec.eu\/#website\",\"url\":\"https:\/\/www.paytec.eu\/\",\"name\":\"Paytec\",\"description\":\"Smart Payments for Vending\",\"potentialAction\":[{\"@type\":\"SearchAction\",\"target\":{\"@type\":\"EntryPoint\",\"urlTemplate\":\"https:\/\/www.paytec.eu\/?s={search_term_string}\"},\"query-input\":\"required name=search_term_string\"}],\"inLanguage\":\"fr-FR\"}]}<\/script>\n<!-- \/ Yoast SEO plugin. -->","yoast_head_json":{"title":"Lecteur cl\u00e9s PIT Caiman Lite MDB - Paytec","description":"Le lecteur cl\u00e9s PIT CAIMAN Lite MDB de Paytec est le syst\u00e8me sans num\u00e9raire le plus pratique qui existe pour lire\/\u00e9crire les cl\u00e9s PIT.","robots":{"index":"index","follow":"follow","max-snippet":"max-snippet:-1","max-image-preview":"max-image-preview:large","max-video-preview":"max-video-preview:-1"},"canonical":"https:\/\/www.paytec.eu\/fr\/prodotto\/lecteur-cles-pit-mdb\/","og_locale":"fr_FR","og_type":"article","og_title":"Lecteur cl\u00e9s PIT Caiman Lite MDB - Paytec","og_description":"Le lecteur cl\u00e9s PIT CAIMAN Lite MDB de Paytec est le syst\u00e8me sans num\u00e9raire le plus pratique qui existe pour lire\/\u00e9crire les cl\u00e9s PIT.","og_url":"https:\/\/www.paytec.eu\/fr\/prodotto\/lecteur-cles-pit-mdb\/","og_site_name":"Paytec","article_modified_time":"2025-05-08T08:20:16+00:00","og_image":[{"width":744,"height":800,"url":"https:\/\/www.paytec.eu\/wp-content\/uploads\/2021\/12\/caiman-lite-mdb-eur.jpg","type":"image\/jpeg"}],"twitter_card":"summary_large_image","twitter_misc":{"Dur\u00e9e de lecture estim\u00e9e":"1 minute"},"schema":{"@context":"https:\/\/schema.org","@graph":[{"@type":"WebPage","@id":"https:\/\/www.paytec.eu\/fr\/prodotto\/lecteur-cles-pit-mdb\/","url":"https:\/\/www.paytec.eu\/fr\/prodotto\/lecteur-cles-pit-mdb\/","name":"Lecteur cl\u00e9s PIT Caiman Lite MDB - Paytec","isPartOf":{"@id":"https:\/\/www.paytec.eu\/#website"},"datePublished":"2022-01-03T15:12:25+00:00","dateModified":"2025-05-08T08:20:16+00:00","description":"Le lecteur cl\u00e9s PIT CAIMAN Lite MDB de Paytec est le syst\u00e8me sans num\u00e9raire le plus pratique qui existe pour lire\/\u00e9crire les cl\u00e9s PIT.","breadcrumb":{"@id":"https:\/\/www.paytec.eu\/fr\/prodotto\/lecteur-cles-pit-mdb\/#breadcrumb"},"inLanguage":"fr-FR","potentialAction":[{"@type":"ReadAction","target":["https:\/\/www.paytec.eu\/fr\/prodotto\/lecteur-cles-pit-mdb\/"]}]},{"@type":"BreadcrumbList","@id":"https:\/\/www.paytec.eu\/fr\/prodotto\/lecteur-cles-pit-mdb\/#breadcrumb","itemListElement":[{"@type":"ListItem","position":1,"name":"Home","item":"https:\/\/www.paytec.eu\/fr\/"},{"@type":"ListItem","position":2,"name":"Boutique","item":"https:\/\/www.paytec.eu\/shop\/"},{"@type":"ListItem","position":3,"name":"Cashless","item":"https:\/\/www.paytec.eu\/fr\/categoria-prodotto\/cashless-fr\/"},{"@type":"ListItem","position":4,"name":"CAIMAN LITE MDB EUR"}]},{"@type":"WebSite","@id":"https:\/\/www.paytec.eu\/#website","url":"https:\/\/www.paytec.eu\/","name":"Paytec","description":"Smart Payments for Vending","potentialAction":[{"@type":"SearchAction","target":{"@type":"EntryPoint","urlTemplate":"https:\/\/www.paytec.eu\/?s={search_term_string}"},"query-input":"required name=search_term_string"}],"inLanguage":"fr-FR"}]}},"_links":{"self":[{"href":"https:\/\/www.paytec.eu\/fr\/wp-json\/wp\/v2\/product\/6652","targetHints":{"allow":["GET"]}}],"collection":[{"href":"https:\/\/www.paytec.eu\/fr\/wp-json\/wp\/v2\/product"}],"about":[{"href":"https:\/\/www.paytec.eu\/fr\/wp-json\/wp\/v2\/types\/product"}],"wp:featuredmedia":[{"embeddable":true,"href":"https:\/\/www.paytec.eu\/fr\/wp-json\/wp\/v2\/media\/5535"}],"wp:attachment":[{"href":"https:\/\/www.paytec.eu\/fr\/wp-json\/wp\/v2\/media?parent=6652"}],"wp:term":[{"taxonomy":"product_cat","embeddable":true,"href":"https:\/\/www.paytec.eu\/fr\/wp-json\/wp\/v2\/product_cat?post=6652"},{"taxonomy":"product_tag","embeddable":true,"href":"https:\/\/www.paytec.eu\/fr\/wp-json\/wp\/v2\/product_tag?post=6652"}],"curies":[{"name":"wp","href":"https:\/\/api.w.org\/{rel}","templated":true}]}}