{"id":6653,"date":"2021-12-21T14:39:14","date_gmt":"2022-01-03T15:14:24","guid":{"rendered":"https:\/\/www.paytec.eu\/prodotto\/cv3516-eur-12-24-vdc-avec-plaque-frontale\/"},"modified":"2025-05-05T14:25:52","modified_gmt":"2025-05-05T14:25:52","slug":"validateur-de-pieces-cv3516","status":"publish","type":"product","link":"https:\/\/www.paytec.eu\/fr\/prodotto\/validateur-de-pieces-cv3516\/","title":{"rendered":"CV3516 EUR 12\/24 VDC avec plaque frontale"},"content":{"rendered":"<p>Les fonctionnalit\u00e9s tr\u00e8s performantes du validateur de pi\u00e8ces CV3516, y compris une vitesse de traitement \u00e9lev\u00e9e, garantissent une efficacit\u00e9 et des normes de s\u00e9curit\u00e9 am\u00e9lior\u00e9es pour offrir une technologie de s\u00e9lection de pi\u00e8ces qui r\u00e9pond aux exigences les plus strictes.<br \/>\nDes fonctionnalit\u00e9s telles que la surveillance anti-p\u00eache et le blocage de pi\u00e8ces de monnaie assurent une plus grande s\u00e9curit\u00e9.<\/p>\n<p>Le validateur de pi\u00e8ces\u00a0<strong>CV3516<\/strong> inclut aussi une technologie sp\u00e9cialement d\u00e9velopp\u00e9e pour les pi\u00e8ces bicolores &#8211; une caract\u00e9ristique n\u00e9cessaire pour les pi\u00e8ces en euros, entre autres. Gr\u00e2ce \u00e0 une fonction d\u2019apprentissage, des pi\u00e8ces et des jetons suppl\u00e9mentaires peuvent \u00eatre programm\u00e9s sans \u00e9quipement suppl\u00e9mentaire. Une fonction de autodiagnostic garantit des r\u00e9sultats optimaux.<\/p>\n","protected":false},"excerpt":{"rendered":"<p>Le validateur de pi\u00e8ces Paytec <strong>CV3516<\/strong> s\u2019appuie sur un syst\u00e8me de mesures innovantes pour garantir les plus hauts niveaux de performance en termes d&rsquo;acceptation des pi\u00e8ces et de rejet des contrefa\u00e7ons.<\/p>\n","protected":false},"featured_media":5531,"template":"","meta":[],"product_cat":[128],"product_tag":[],"class_list":["post-6653","product","type-product","status-publish","has-post-thumbnail","hentry","protocollo-standard-parallele-12-24vdc-fr","tipologia-validateur-fr","pagamento-moneta-fr","product_cat-cash-fr"],"acf":[],"yoast_head":"<!-- This site is optimized with the Yoast SEO plugin v21.1 - https:\/\/yoast.com\/wordpress\/plugins\/seo\/ -->\n<title>Validateur de pi\u00e8ces CV3516 - Paytec<\/title>\n<meta name=\"description\" content=\"Le validateur de pi\u00e8ces CV3516 de Paytec garantit des niveaux de pr\u00e9cision maximum dans l&#039;acceptation des pi\u00e8ces et le rejet des contrefa\u00e7ons. Achetez-le sur paytec.eu !\" \/>\n<meta name=\"robots\" content=\"index, follow, max-snippet:-1, max-image-preview:large, max-video-preview:-1\" \/>\n<link rel=\"canonical\" href=\"https:\/\/www.paytec.eu\/fr\/prodotto\/validateur-de-pieces-cv3516\/\" \/>\n<meta property=\"og:locale\" content=\"fr_FR\" \/>\n<meta property=\"og:type\" content=\"article\" \/>\n<meta property=\"og:title\" content=\"Validateur de pi\u00e8ces CV3516 - Paytec\" \/>\n<meta property=\"og:description\" content=\"Le validateur de pi\u00e8ces CV3516 de Paytec garantit des niveaux de pr\u00e9cision maximum dans l&#039;acceptation des pi\u00e8ces et le rejet des contrefa\u00e7ons. Achetez-le sur paytec.eu !\" \/>\n<meta property=\"og:url\" content=\"https:\/\/www.paytec.eu\/fr\/prodotto\/validateur-de-pieces-cv3516\/\" \/>\n<meta property=\"og:site_name\" content=\"Paytec\" \/>\n<meta property=\"article:modified_time\" content=\"2025-05-05T14:25:52+00:00\" \/>\n<meta property=\"og:image\" content=\"https:\/\/www.paytec.eu\/wp-content\/uploads\/2021\/12\/cv3516-eur-1224-vdc-con-frontalino.jpg\" \/>\n\t<meta property=\"og:image:width\" content=\"744\" \/>\n\t<meta property=\"og:image:height\" content=\"800\" \/>\n\t<meta property=\"og:image:type\" content=\"image\/jpeg\" \/>\n<meta name=\"twitter:card\" content=\"summary_large_image\" \/>\n<meta name=\"twitter:label1\" content=\"Dur\u00e9e de lecture estim\u00e9e\" \/>\n\t<meta name=\"twitter:data1\" content=\"1 minute\" \/>\n<script type=\"application\/ld+json\" class=\"yoast-schema-graph\">{\"@context\":\"https:\/\/schema.org\",\"@graph\":[{\"@type\":\"WebPage\",\"@id\":\"https:\/\/www.paytec.eu\/fr\/prodotto\/validateur-de-pieces-cv3516\/\",\"url\":\"https:\/\/www.paytec.eu\/fr\/prodotto\/validateur-de-pieces-cv3516\/\",\"name\":\"Validateur de pi\u00e8ces CV3516 - Paytec\",\"isPartOf\":{\"@id\":\"https:\/\/www.paytec.eu\/#website\"},\"datePublished\":\"2022-01-03T15:14:24+00:00\",\"dateModified\":\"2025-05-05T14:25:52+00:00\",\"description\":\"Le validateur de pi\u00e8ces CV3516 de Paytec garantit des niveaux de pr\u00e9cision maximum dans l'acceptation des pi\u00e8ces et le rejet des contrefa\u00e7ons. Achetez-le sur paytec.eu !\",\"breadcrumb\":{\"@id\":\"https:\/\/www.paytec.eu\/fr\/prodotto\/validateur-de-pieces-cv3516\/#breadcrumb\"},\"inLanguage\":\"fr-FR\",\"potentialAction\":[{\"@type\":\"ReadAction\",\"target\":[\"https:\/\/www.paytec.eu\/fr\/prodotto\/validateur-de-pieces-cv3516\/\"]}]},{\"@type\":\"BreadcrumbList\",\"@id\":\"https:\/\/www.paytec.eu\/fr\/prodotto\/validateur-de-pieces-cv3516\/#breadcrumb\",\"itemListElement\":[{\"@type\":\"ListItem\",\"position\":1,\"name\":\"Home\",\"item\":\"https:\/\/www.paytec.eu\/fr\/\"},{\"@type\":\"ListItem\",\"position\":2,\"name\":\"Boutique\",\"item\":\"https:\/\/www.paytec.eu\/shop\/\"},{\"@type\":\"ListItem\",\"position\":3,\"name\":\"Cash\",\"item\":\"https:\/\/www.paytec.eu\/fr\/categoria-prodotto\/cash-fr\/\"},{\"@type\":\"ListItem\",\"position\":4,\"name\":\"CV3516 EUR 12\/24 VDC avec plaque frontale\"}]},{\"@type\":\"WebSite\",\"@id\":\"https:\/\/www.paytec.eu\/#website\",\"url\":\"https:\/\/www.paytec.eu\/\",\"name\":\"Paytec\",\"description\":\"Smart Payments for Vending\",\"potentialAction\":[{\"@type\":\"SearchAction\",\"target\":{\"@type\":\"EntryPoint\",\"urlTemplate\":\"https:\/\/www.paytec.eu\/?s={search_term_string}\"},\"query-input\":\"required name=search_term_string\"}],\"inLanguage\":\"fr-FR\"}]}<\/script>\n<!-- \/ Yoast SEO plugin. -->","yoast_head_json":{"title":"Validateur de pi\u00e8ces CV3516 - Paytec","description":"Le validateur de pi\u00e8ces CV3516 de Paytec garantit des niveaux de pr\u00e9cision maximum dans l'acceptation des pi\u00e8ces et le rejet des contrefa\u00e7ons. Achetez-le sur paytec.eu !","robots":{"index":"index","follow":"follow","max-snippet":"max-snippet:-1","max-image-preview":"max-image-preview:large","max-video-preview":"max-video-preview:-1"},"canonical":"https:\/\/www.paytec.eu\/fr\/prodotto\/validateur-de-pieces-cv3516\/","og_locale":"fr_FR","og_type":"article","og_title":"Validateur de pi\u00e8ces CV3516 - Paytec","og_description":"Le validateur de pi\u00e8ces CV3516 de Paytec garantit des niveaux de pr\u00e9cision maximum dans l'acceptation des pi\u00e8ces et le rejet des contrefa\u00e7ons. Achetez-le sur paytec.eu !","og_url":"https:\/\/www.paytec.eu\/fr\/prodotto\/validateur-de-pieces-cv3516\/","og_site_name":"Paytec","article_modified_time":"2025-05-05T14:25:52+00:00","og_image":[{"width":744,"height":800,"url":"https:\/\/www.paytec.eu\/wp-content\/uploads\/2021\/12\/cv3516-eur-1224-vdc-con-frontalino.jpg","type":"image\/jpeg"}],"twitter_card":"summary_large_image","twitter_misc":{"Dur\u00e9e de lecture estim\u00e9e":"1 minute"},"schema":{"@context":"https:\/\/schema.org","@graph":[{"@type":"WebPage","@id":"https:\/\/www.paytec.eu\/fr\/prodotto\/validateur-de-pieces-cv3516\/","url":"https:\/\/www.paytec.eu\/fr\/prodotto\/validateur-de-pieces-cv3516\/","name":"Validateur de pi\u00e8ces CV3516 - Paytec","isPartOf":{"@id":"https:\/\/www.paytec.eu\/#website"},"datePublished":"2022-01-03T15:14:24+00:00","dateModified":"2025-05-05T14:25:52+00:00","description":"Le validateur de pi\u00e8ces CV3516 de Paytec garantit des niveaux de pr\u00e9cision maximum dans l'acceptation des pi\u00e8ces et le rejet des contrefa\u00e7ons. Achetez-le sur paytec.eu !","breadcrumb":{"@id":"https:\/\/www.paytec.eu\/fr\/prodotto\/validateur-de-pieces-cv3516\/#breadcrumb"},"inLanguage":"fr-FR","potentialAction":[{"@type":"ReadAction","target":["https:\/\/www.paytec.eu\/fr\/prodotto\/validateur-de-pieces-cv3516\/"]}]},{"@type":"BreadcrumbList","@id":"https:\/\/www.paytec.eu\/fr\/prodotto\/validateur-de-pieces-cv3516\/#breadcrumb","itemListElement":[{"@type":"ListItem","position":1,"name":"Home","item":"https:\/\/www.paytec.eu\/fr\/"},{"@type":"ListItem","position":2,"name":"Boutique","item":"https:\/\/www.paytec.eu\/shop\/"},{"@type":"ListItem","position":3,"name":"Cash","item":"https:\/\/www.paytec.eu\/fr\/categoria-prodotto\/cash-fr\/"},{"@type":"ListItem","position":4,"name":"CV3516 EUR 12\/24 VDC avec plaque frontale"}]},{"@type":"WebSite","@id":"https:\/\/www.paytec.eu\/#website","url":"https:\/\/www.paytec.eu\/","name":"Paytec","description":"Smart Payments for Vending","potentialAction":[{"@type":"SearchAction","target":{"@type":"EntryPoint","urlTemplate":"https:\/\/www.paytec.eu\/?s={search_term_string}"},"query-input":"required name=search_term_string"}],"inLanguage":"fr-FR"}]}},"_links":{"self":[{"href":"https:\/\/www.paytec.eu\/fr\/wp-json\/wp\/v2\/product\/6653","targetHints":{"allow":["GET"]}}],"collection":[{"href":"https:\/\/www.paytec.eu\/fr\/wp-json\/wp\/v2\/product"}],"about":[{"href":"https:\/\/www.paytec.eu\/fr\/wp-json\/wp\/v2\/types\/product"}],"wp:featuredmedia":[{"embeddable":true,"href":"https:\/\/www.paytec.eu\/fr\/wp-json\/wp\/v2\/media\/5531"}],"wp:attachment":[{"href":"https:\/\/www.paytec.eu\/fr\/wp-json\/wp\/v2\/media?parent=6653"}],"wp:term":[{"taxonomy":"product_cat","embeddable":true,"href":"https:\/\/www.paytec.eu\/fr\/wp-json\/wp\/v2\/product_cat?post=6653"},{"taxonomy":"product_tag","embeddable":true,"href":"https:\/\/www.paytec.eu\/fr\/wp-json\/wp\/v2\/product_tag?post=6653"}],"curies":[{"name":"wp","href":"https:\/\/api.w.org\/{rel}","templated":true}]}}