{"id":6654,"date":"2021-12-21T14:37:47","date_gmt":"2022-01-03T15:15:54","guid":{"rendered":"https:\/\/www.paytec.eu\/prodotto\/giody-exe-24v-eur\/"},"modified":"2025-05-08T08:21:55","modified_gmt":"2025-05-08T08:21:55","slug":"validateur-avec-lecteur-cles","status":"publish","type":"product","link":"https:\/\/www.paytec.eu\/fr\/prodotto\/validateur-avec-lecteur-cles\/","title":{"rendered":"GIODY 24V EUR"},"content":{"rendered":"<p>Le validateur avec lecteur de cl\u00e9s PIT int\u00e9gr\u00e9 GIODY peut ainsi \u00eatre install\u00e9 sans avoir besoin de per\u00e7ages suppl\u00e9mentaires et sans avoir besoin de c\u00e2bler deux syst\u00e8mes de paiement.<\/p>\n<p><strong>GIODY peut donc \u00eatre utilis\u00e9 comme un accepteur, comme un syst\u00e8me cashless avec la technologie PIT, ou comme un chargeur de cl\u00e9.<\/strong><\/p>\n<p>En plus d\u2019\u00eatre con\u00e7u pour fonctionner avec les protocoles EXE et MDB, GIODY offre la possibilit\u00e9 de connecter un lecteur de billets en mode parall\u00e8le.<\/p>\n<p>GIODY est le syst\u00e8me id\u00e9al pour les distributeurs automatiques compacts (tabletops ou OCS), o\u00f9 les options de paiement Cash &amp; Cashless doivent \u00eatre mises \u00e0 la disposition des utilisateurs.<\/p>\n<p>&nbsp;<\/p>\n","protected":false},"excerpt":{"rendered":"<p>Le syst\u00e8me Cash &amp; Cashless offre deux possibilit\u00e9s de paiements int\u00e9gr\u00e9s avec une plaque frontale standard en une seule unit\u00e9 de la taille d\u2019un validateur standard classique.<\/p>\n","protected":false},"featured_media":5527,"template":"","meta":[],"product_cat":[136],"product_tag":[],"class_list":["post-6654","product","type-product","status-publish","has-post-thumbnail","hentry","protocollo-exe-fr","protocollo-mdb-fr","tipologia-validateur-fr","pagamento-chiave-fr","pagamento-moneta-fr","product_cat-cashless-fr"],"acf":[],"yoast_head":"<!-- This site is optimized with the Yoast SEO plugin v21.1 - https:\/\/yoast.com\/wordpress\/plugins\/seo\/ -->\n<title>Validateur avec lecteur de cl\u00e9s PIT de Giody<\/title>\n<meta name=\"description\" content=\"Le validateur Paytec GIODY avec lecteur de cl\u00e9s est le syst\u00e8me id\u00e9al pour offrir un syst\u00e8me Cash&amp;Cashless complet sur les distributeurs automatiques de type OCS ou TableTop.\" \/>\n<meta name=\"robots\" content=\"index, follow, max-snippet:-1, max-image-preview:large, max-video-preview:-1\" \/>\n<link rel=\"canonical\" href=\"https:\/\/www.paytec.eu\/fr\/prodotto\/validateur-avec-lecteur-cles\/\" \/>\n<meta property=\"og:locale\" content=\"fr_FR\" \/>\n<meta property=\"og:type\" content=\"article\" \/>\n<meta property=\"og:title\" content=\"Validateur avec lecteur de cl\u00e9s PIT de Giody\" \/>\n<meta property=\"og:description\" content=\"Le validateur Paytec GIODY avec lecteur de cl\u00e9s est le syst\u00e8me id\u00e9al pour offrir un syst\u00e8me Cash&amp;Cashless complet sur les distributeurs automatiques de type OCS ou TableTop.\" \/>\n<meta property=\"og:url\" content=\"https:\/\/www.paytec.eu\/fr\/prodotto\/validateur-avec-lecteur-cles\/\" \/>\n<meta property=\"og:site_name\" content=\"Paytec\" \/>\n<meta property=\"article:modified_time\" content=\"2025-05-08T08:21:55+00:00\" \/>\n<meta property=\"og:image\" content=\"https:\/\/www.paytec.eu\/wp-content\/uploads\/2021\/12\/giody-exe-24v-eur.jpg\" \/>\n\t<meta property=\"og:image:width\" content=\"744\" \/>\n\t<meta property=\"og:image:height\" content=\"800\" \/>\n\t<meta property=\"og:image:type\" content=\"image\/jpeg\" \/>\n<meta name=\"twitter:card\" content=\"summary_large_image\" \/>\n<meta name=\"twitter:label1\" content=\"Dur\u00e9e de lecture estim\u00e9e\" \/>\n\t<meta name=\"twitter:data1\" content=\"1 minute\" \/>\n<script type=\"application\/ld+json\" class=\"yoast-schema-graph\">{\"@context\":\"https:\/\/schema.org\",\"@graph\":[{\"@type\":\"WebPage\",\"@id\":\"https:\/\/www.paytec.eu\/fr\/prodotto\/validateur-avec-lecteur-cles\/\",\"url\":\"https:\/\/www.paytec.eu\/fr\/prodotto\/validateur-avec-lecteur-cles\/\",\"name\":\"Validateur avec lecteur de cl\u00e9s PIT de Giody\",\"isPartOf\":{\"@id\":\"https:\/\/www.paytec.eu\/#website\"},\"datePublished\":\"2022-01-03T15:15:54+00:00\",\"dateModified\":\"2025-05-08T08:21:55+00:00\",\"description\":\"Le validateur Paytec GIODY avec lecteur de cl\u00e9s est le syst\u00e8me id\u00e9al pour offrir un syst\u00e8me Cash&Cashless complet sur les distributeurs automatiques de type OCS ou TableTop.\",\"breadcrumb\":{\"@id\":\"https:\/\/www.paytec.eu\/fr\/prodotto\/validateur-avec-lecteur-cles\/#breadcrumb\"},\"inLanguage\":\"fr-FR\",\"potentialAction\":[{\"@type\":\"ReadAction\",\"target\":[\"https:\/\/www.paytec.eu\/fr\/prodotto\/validateur-avec-lecteur-cles\/\"]}]},{\"@type\":\"BreadcrumbList\",\"@id\":\"https:\/\/www.paytec.eu\/fr\/prodotto\/validateur-avec-lecteur-cles\/#breadcrumb\",\"itemListElement\":[{\"@type\":\"ListItem\",\"position\":1,\"name\":\"Home\",\"item\":\"https:\/\/www.paytec.eu\/fr\/\"},{\"@type\":\"ListItem\",\"position\":2,\"name\":\"Boutique\",\"item\":\"https:\/\/www.paytec.eu\/shop\/\"},{\"@type\":\"ListItem\",\"position\":3,\"name\":\"Cashless\",\"item\":\"https:\/\/www.paytec.eu\/categoria-prodotto\/cashless\/\"},{\"@type\":\"ListItem\",\"position\":4,\"name\":\"GIODY 24V EUR\"}]},{\"@type\":\"WebSite\",\"@id\":\"https:\/\/www.paytec.eu\/#website\",\"url\":\"https:\/\/www.paytec.eu\/\",\"name\":\"Paytec\",\"description\":\"Smart Payments for Vending\",\"potentialAction\":[{\"@type\":\"SearchAction\",\"target\":{\"@type\":\"EntryPoint\",\"urlTemplate\":\"https:\/\/www.paytec.eu\/?s={search_term_string}\"},\"query-input\":\"required name=search_term_string\"}],\"inLanguage\":\"fr-FR\"}]}<\/script>\n<!-- \/ Yoast SEO plugin. -->","yoast_head_json":{"title":"Validateur avec lecteur de cl\u00e9s PIT de Giody","description":"Le validateur Paytec GIODY avec lecteur de cl\u00e9s est le syst\u00e8me id\u00e9al pour offrir un syst\u00e8me Cash&Cashless complet sur les distributeurs automatiques de type OCS ou TableTop.","robots":{"index":"index","follow":"follow","max-snippet":"max-snippet:-1","max-image-preview":"max-image-preview:large","max-video-preview":"max-video-preview:-1"},"canonical":"https:\/\/www.paytec.eu\/fr\/prodotto\/validateur-avec-lecteur-cles\/","og_locale":"fr_FR","og_type":"article","og_title":"Validateur avec lecteur de cl\u00e9s PIT de Giody","og_description":"Le validateur Paytec GIODY avec lecteur de cl\u00e9s est le syst\u00e8me id\u00e9al pour offrir un syst\u00e8me Cash&Cashless complet sur les distributeurs automatiques de type OCS ou TableTop.","og_url":"https:\/\/www.paytec.eu\/fr\/prodotto\/validateur-avec-lecteur-cles\/","og_site_name":"Paytec","article_modified_time":"2025-05-08T08:21:55+00:00","og_image":[{"width":744,"height":800,"url":"https:\/\/www.paytec.eu\/wp-content\/uploads\/2021\/12\/giody-exe-24v-eur.jpg","type":"image\/jpeg"}],"twitter_card":"summary_large_image","twitter_misc":{"Dur\u00e9e de lecture estim\u00e9e":"1 minute"},"schema":{"@context":"https:\/\/schema.org","@graph":[{"@type":"WebPage","@id":"https:\/\/www.paytec.eu\/fr\/prodotto\/validateur-avec-lecteur-cles\/","url":"https:\/\/www.paytec.eu\/fr\/prodotto\/validateur-avec-lecteur-cles\/","name":"Validateur avec lecteur de cl\u00e9s PIT de Giody","isPartOf":{"@id":"https:\/\/www.paytec.eu\/#website"},"datePublished":"2022-01-03T15:15:54+00:00","dateModified":"2025-05-08T08:21:55+00:00","description":"Le validateur Paytec GIODY avec lecteur de cl\u00e9s est le syst\u00e8me id\u00e9al pour offrir un syst\u00e8me Cash&Cashless complet sur les distributeurs automatiques de type OCS ou TableTop.","breadcrumb":{"@id":"https:\/\/www.paytec.eu\/fr\/prodotto\/validateur-avec-lecteur-cles\/#breadcrumb"},"inLanguage":"fr-FR","potentialAction":[{"@type":"ReadAction","target":["https:\/\/www.paytec.eu\/fr\/prodotto\/validateur-avec-lecteur-cles\/"]}]},{"@type":"BreadcrumbList","@id":"https:\/\/www.paytec.eu\/fr\/prodotto\/validateur-avec-lecteur-cles\/#breadcrumb","itemListElement":[{"@type":"ListItem","position":1,"name":"Home","item":"https:\/\/www.paytec.eu\/fr\/"},{"@type":"ListItem","position":2,"name":"Boutique","item":"https:\/\/www.paytec.eu\/shop\/"},{"@type":"ListItem","position":3,"name":"Cashless","item":"https:\/\/www.paytec.eu\/categoria-prodotto\/cashless\/"},{"@type":"ListItem","position":4,"name":"GIODY 24V EUR"}]},{"@type":"WebSite","@id":"https:\/\/www.paytec.eu\/#website","url":"https:\/\/www.paytec.eu\/","name":"Paytec","description":"Smart Payments for Vending","potentialAction":[{"@type":"SearchAction","target":{"@type":"EntryPoint","urlTemplate":"https:\/\/www.paytec.eu\/?s={search_term_string}"},"query-input":"required name=search_term_string"}],"inLanguage":"fr-FR"}]}},"_links":{"self":[{"href":"https:\/\/www.paytec.eu\/fr\/wp-json\/wp\/v2\/product\/6654","targetHints":{"allow":["GET"]}}],"collection":[{"href":"https:\/\/www.paytec.eu\/fr\/wp-json\/wp\/v2\/product"}],"about":[{"href":"https:\/\/www.paytec.eu\/fr\/wp-json\/wp\/v2\/types\/product"}],"wp:featuredmedia":[{"embeddable":true,"href":"https:\/\/www.paytec.eu\/fr\/wp-json\/wp\/v2\/media\/5527"}],"wp:attachment":[{"href":"https:\/\/www.paytec.eu\/fr\/wp-json\/wp\/v2\/media?parent=6654"}],"wp:term":[{"taxonomy":"product_cat","embeddable":true,"href":"https:\/\/www.paytec.eu\/fr\/wp-json\/wp\/v2\/product_cat?post=6654"},{"taxonomy":"product_tag","embeddable":true,"href":"https:\/\/www.paytec.eu\/fr\/wp-json\/wp\/v2\/product_tag?post=6654"}],"curies":[{"name":"wp","href":"https:\/\/api.w.org\/{rel}","templated":true}]}}