{"id":6661,"date":"2021-12-21T14:08:16","date_gmt":"2022-01-03T15:22:09","guid":{"rendered":"https:\/\/www.paytec.eu\/prodotto\/eagle-smart-mdb-only\/"},"modified":"2025-05-05T14:18:34","modified_gmt":"2025-05-05T14:18:34","slug":"monnayeur-mdb-a-6-tubes","status":"publish","type":"product","link":"https:\/\/www.paytec.eu\/fr\/prodotto\/monnayeur-mdb-a-6-tubes\/","title":{"rendered":"EAGLE Smart MDB-ONLY"},"content":{"rendered":"<p>Le monnayeur MDB \u00e0 6 tubes EAGLE Smart est uniquement \u00e9quip\u00e9 du protocole MDB, ce qui simplifie son fonctionnement et en fait une solution id\u00e9ale pour les emplacements o\u00f9 le monnayeur n\u2019est pas le syst\u00e8me ma\u00eetre mais seulement un p\u00e9riph\u00e9rique connect\u00e9.<\/p>\n<p>EAGLE Smart maintient pourtant toutes les caract\u00e9ristiques m\u00e9caniques, y compris une exp\u00e9rience consolid\u00e9e dans la reconnaissance de pi\u00e8ces de monnaie bas\u00e9e sur la technologie inductive pour assurer une op\u00e9rabilit\u00e9 compl\u00e8te aussi dans des conditions difficiles ou salissantes.<\/p>\n<p>Il offre toujours une large gamme de configurations de pi\u00e8ces de monnaie pour garantir une <strong>flexibilit\u00e9 maximale dans la gestion du rendu monnaie<\/strong>. La gestion des tubes est contr\u00f4l\u00e9e par des algorithmes qui optimisent les rendus monnaies de fa\u00e7on continue afin d\u2019\u00e9tendre la disponibilit\u00e9 des ventes.<\/p>\n<p><strong>La cassette et les tubes peuvent \u00eatre facilement remplac\u00e9s.<\/strong> Un capteur sp\u00e9cial d\u00e9tecte chaque fois que la cassette est retir\u00e9e m\u00eame quand le monnayeur est \u00e9teint. Un verrou \u00e0 cl\u00e9 en option pour la cassette peut encore augmenter le niveau de s\u00e9curit\u00e9.<\/p>\n<p><strong>Le monnayeur MDB \u00e0 6 tubes EAGLE Smart<\/strong> <strong>transmet toutes les donn\u00e9es diagnostiques et fonctionnelles au ma\u00eetre, y compris l&rsquo;\u00e9tat des tubes, les alarmes et toute autre anomalie.<\/strong><\/p>\n<p>&nbsp;<\/p>\n","protected":false},"excerpt":{"rendered":"<p>Avec le monnayeur EAGLE Smart, Paytec offre aux gestionnaires de la distribution automatique un dispositif sp\u00e9cial pour la gestion des esp\u00e8ces, laissant les fonctions d\u2019audit et de contr\u00f4le \u00e0 d\u2019autres syst\u00e8mes install\u00e9s dans le distributeur.<\/p>\n","protected":false},"featured_media":5515,"template":"","meta":[],"product_cat":[128],"product_tag":[],"class_list":["post-6661","product","type-product","status-publish","has-post-thumbnail","hentry","protocollo-mdb-fr","tipologia-monnayeur-fr","pagamento-moneta-fr","product_cat-cash-fr"],"acf":[],"yoast_head":"<!-- This site is optimized with the Yoast SEO plugin v21.1 - https:\/\/yoast.com\/wordpress\/plugins\/seo\/ -->\n<title>Monnayeur MDB \u00e0 6 tubes Eagle Smart de Paytec<\/title>\n<meta name=\"description\" content=\"Le monnayeur MDB \u00e0 6 tubes EAGLE Smart de Paytec est id\u00e9al pour les configurations o\u00f9 le monnayeur ne joue pas le r\u00f4le de ma\u00eetre.\" \/>\n<meta name=\"robots\" content=\"index, follow, max-snippet:-1, max-image-preview:large, max-video-preview:-1\" \/>\n<link rel=\"canonical\" href=\"https:\/\/www.paytec.eu\/fr\/prodotto\/monnayeur-mdb-a-6-tubes\/\" \/>\n<meta property=\"og:locale\" content=\"fr_FR\" \/>\n<meta property=\"og:type\" content=\"article\" \/>\n<meta property=\"og:title\" content=\"Monnayeur MDB \u00e0 6 tubes Eagle Smart de Paytec\" \/>\n<meta property=\"og:description\" content=\"Le monnayeur MDB \u00e0 6 tubes EAGLE Smart de Paytec est id\u00e9al pour les configurations o\u00f9 le monnayeur ne joue pas le r\u00f4le de ma\u00eetre.\" \/>\n<meta property=\"og:url\" content=\"https:\/\/www.paytec.eu\/fr\/prodotto\/monnayeur-mdb-a-6-tubes\/\" \/>\n<meta property=\"og:site_name\" content=\"Paytec\" \/>\n<meta property=\"article:modified_time\" content=\"2025-05-05T14:18:34+00:00\" \/>\n<meta property=\"og:image\" content=\"https:\/\/www.paytec.eu\/wp-content\/uploads\/2021\/12\/eagle-smart-mdb-only.jpg\" \/>\n\t<meta property=\"og:image:width\" content=\"744\" \/>\n\t<meta property=\"og:image:height\" content=\"800\" \/>\n\t<meta property=\"og:image:type\" content=\"image\/jpeg\" \/>\n<meta name=\"twitter:card\" content=\"summary_large_image\" \/>\n<meta name=\"twitter:label1\" content=\"Dur\u00e9e de lecture estim\u00e9e\" \/>\n\t<meta name=\"twitter:data1\" content=\"2 minutes\" \/>\n<script type=\"application\/ld+json\" class=\"yoast-schema-graph\">{\"@context\":\"https:\/\/schema.org\",\"@graph\":[{\"@type\":\"WebPage\",\"@id\":\"https:\/\/www.paytec.eu\/fr\/prodotto\/monnayeur-mdb-a-6-tubes\/\",\"url\":\"https:\/\/www.paytec.eu\/fr\/prodotto\/monnayeur-mdb-a-6-tubes\/\",\"name\":\"Monnayeur MDB \u00e0 6 tubes Eagle Smart de Paytec\",\"isPartOf\":{\"@id\":\"https:\/\/www.paytec.eu\/#website\"},\"datePublished\":\"2022-01-03T15:22:09+00:00\",\"dateModified\":\"2025-05-05T14:18:34+00:00\",\"description\":\"Le monnayeur MDB \u00e0 6 tubes EAGLE Smart de Paytec est id\u00e9al pour les configurations o\u00f9 le monnayeur ne joue pas le r\u00f4le de ma\u00eetre.\",\"breadcrumb\":{\"@id\":\"https:\/\/www.paytec.eu\/fr\/prodotto\/monnayeur-mdb-a-6-tubes\/#breadcrumb\"},\"inLanguage\":\"fr-FR\",\"potentialAction\":[{\"@type\":\"ReadAction\",\"target\":[\"https:\/\/www.paytec.eu\/fr\/prodotto\/monnayeur-mdb-a-6-tubes\/\"]}]},{\"@type\":\"BreadcrumbList\",\"@id\":\"https:\/\/www.paytec.eu\/fr\/prodotto\/monnayeur-mdb-a-6-tubes\/#breadcrumb\",\"itemListElement\":[{\"@type\":\"ListItem\",\"position\":1,\"name\":\"Home\",\"item\":\"https:\/\/www.paytec.eu\/fr\/\"},{\"@type\":\"ListItem\",\"position\":2,\"name\":\"Boutique\",\"item\":\"https:\/\/www.paytec.eu\/shop\/\"},{\"@type\":\"ListItem\",\"position\":3,\"name\":\"Cash\",\"item\":\"https:\/\/www.paytec.eu\/categoria-prodotto\/cash\/\"},{\"@type\":\"ListItem\",\"position\":4,\"name\":\"EAGLE Smart MDB-ONLY\"}]},{\"@type\":\"WebSite\",\"@id\":\"https:\/\/www.paytec.eu\/#website\",\"url\":\"https:\/\/www.paytec.eu\/\",\"name\":\"Paytec\",\"description\":\"Smart Payments for Vending\",\"potentialAction\":[{\"@type\":\"SearchAction\",\"target\":{\"@type\":\"EntryPoint\",\"urlTemplate\":\"https:\/\/www.paytec.eu\/?s={search_term_string}\"},\"query-input\":\"required name=search_term_string\"}],\"inLanguage\":\"fr-FR\"}]}<\/script>\n<!-- \/ Yoast SEO plugin. -->","yoast_head_json":{"title":"Monnayeur MDB \u00e0 6 tubes Eagle Smart de Paytec","description":"Le monnayeur MDB \u00e0 6 tubes EAGLE Smart de Paytec est id\u00e9al pour les configurations o\u00f9 le monnayeur ne joue pas le r\u00f4le de ma\u00eetre.","robots":{"index":"index","follow":"follow","max-snippet":"max-snippet:-1","max-image-preview":"max-image-preview:large","max-video-preview":"max-video-preview:-1"},"canonical":"https:\/\/www.paytec.eu\/fr\/prodotto\/monnayeur-mdb-a-6-tubes\/","og_locale":"fr_FR","og_type":"article","og_title":"Monnayeur MDB \u00e0 6 tubes Eagle Smart de Paytec","og_description":"Le monnayeur MDB \u00e0 6 tubes EAGLE Smart de Paytec est id\u00e9al pour les configurations o\u00f9 le monnayeur ne joue pas le r\u00f4le de ma\u00eetre.","og_url":"https:\/\/www.paytec.eu\/fr\/prodotto\/monnayeur-mdb-a-6-tubes\/","og_site_name":"Paytec","article_modified_time":"2025-05-05T14:18:34+00:00","og_image":[{"width":744,"height":800,"url":"https:\/\/www.paytec.eu\/wp-content\/uploads\/2021\/12\/eagle-smart-mdb-only.jpg","type":"image\/jpeg"}],"twitter_card":"summary_large_image","twitter_misc":{"Dur\u00e9e de lecture estim\u00e9e":"2 minutes"},"schema":{"@context":"https:\/\/schema.org","@graph":[{"@type":"WebPage","@id":"https:\/\/www.paytec.eu\/fr\/prodotto\/monnayeur-mdb-a-6-tubes\/","url":"https:\/\/www.paytec.eu\/fr\/prodotto\/monnayeur-mdb-a-6-tubes\/","name":"Monnayeur MDB \u00e0 6 tubes Eagle Smart de Paytec","isPartOf":{"@id":"https:\/\/www.paytec.eu\/#website"},"datePublished":"2022-01-03T15:22:09+00:00","dateModified":"2025-05-05T14:18:34+00:00","description":"Le monnayeur MDB \u00e0 6 tubes EAGLE Smart de Paytec est id\u00e9al pour les configurations o\u00f9 le monnayeur ne joue pas le r\u00f4le de ma\u00eetre.","breadcrumb":{"@id":"https:\/\/www.paytec.eu\/fr\/prodotto\/monnayeur-mdb-a-6-tubes\/#breadcrumb"},"inLanguage":"fr-FR","potentialAction":[{"@type":"ReadAction","target":["https:\/\/www.paytec.eu\/fr\/prodotto\/monnayeur-mdb-a-6-tubes\/"]}]},{"@type":"BreadcrumbList","@id":"https:\/\/www.paytec.eu\/fr\/prodotto\/monnayeur-mdb-a-6-tubes\/#breadcrumb","itemListElement":[{"@type":"ListItem","position":1,"name":"Home","item":"https:\/\/www.paytec.eu\/fr\/"},{"@type":"ListItem","position":2,"name":"Boutique","item":"https:\/\/www.paytec.eu\/shop\/"},{"@type":"ListItem","position":3,"name":"Cash","item":"https:\/\/www.paytec.eu\/categoria-prodotto\/cash\/"},{"@type":"ListItem","position":4,"name":"EAGLE Smart MDB-ONLY"}]},{"@type":"WebSite","@id":"https:\/\/www.paytec.eu\/#website","url":"https:\/\/www.paytec.eu\/","name":"Paytec","description":"Smart Payments for Vending","potentialAction":[{"@type":"SearchAction","target":{"@type":"EntryPoint","urlTemplate":"https:\/\/www.paytec.eu\/?s={search_term_string}"},"query-input":"required name=search_term_string"}],"inLanguage":"fr-FR"}]}},"_links":{"self":[{"href":"https:\/\/www.paytec.eu\/fr\/wp-json\/wp\/v2\/product\/6661","targetHints":{"allow":["GET"]}}],"collection":[{"href":"https:\/\/www.paytec.eu\/fr\/wp-json\/wp\/v2\/product"}],"about":[{"href":"https:\/\/www.paytec.eu\/fr\/wp-json\/wp\/v2\/types\/product"}],"wp:featuredmedia":[{"embeddable":true,"href":"https:\/\/www.paytec.eu\/fr\/wp-json\/wp\/v2\/media\/5515"}],"wp:attachment":[{"href":"https:\/\/www.paytec.eu\/fr\/wp-json\/wp\/v2\/media?parent=6661"}],"wp:term":[{"taxonomy":"product_cat","embeddable":true,"href":"https:\/\/www.paytec.eu\/fr\/wp-json\/wp\/v2\/product_cat?post=6661"},{"taxonomy":"product_tag","embeddable":true,"href":"https:\/\/www.paytec.eu\/fr\/wp-json\/wp\/v2\/product_tag?post=6661"}],"curies":[{"name":"wp","href":"https:\/\/api.w.org\/{rel}","templated":true}]}}