{"id":6667,"date":"2021-12-21T13:52:00","date_gmt":"2022-01-03T15:27:59","guid":{"rendered":"https:\/\/www.paytec.eu\/prodotto\/caiman-lite-exe\/"},"modified":"2025-05-08T08:19:47","modified_gmt":"2025-05-08T08:19:47","slug":"lecteur-cles-pit-caiman-lite-exe","status":"publish","type":"product","link":"https:\/\/www.paytec.eu\/fr\/prodotto\/lecteur-cles-pit-caiman-lite-exe\/","title":{"rendered":"CAIMAN LITE EXE"},"content":{"rendered":"<p>Le syst\u00e8me Caiman Lite EXE avec lecteurs de cl\u00e9s PIT peut fonctionner en mode Price Holding jusqu\u2019\u00e0 100 prix, ou bien il peut d\u00e9l\u00e9guer la gestion des prix au distributeur automatique. Il est possible de connecter un accepteur de pi\u00e8ces en mode impulsion.<\/p>\n<p>Les donn\u00e9es d&rsquo;audit sont disponibles dans des formats standard et \u00e9tendus et peuvent \u00eatre collect\u00e9es \u00e0 l&rsquo;aide d&rsquo;une vari\u00e9t\u00e9 d&rsquo;outils et de technologies, y compris IrDA via un module externe en option. La configuration du syst\u00e8me peut \u00e9galement se faire via PC, avec les terminaux Paytec, avec la Cl\u00e9\/Carte de Donn\u00e9es ou avec PayTools.<\/p>\n","protected":false},"excerpt":{"rendered":"<p>Facile \u00e0 installer et \u00e0 programmer, Caiman Lite EXE est un syst\u00e8me ma\u00eetre compact, id\u00e9al pour les gestionnaires qui souhaitent introduire un syst\u00e8me cashless sur des monnayeurs ou des distributeurs exclusivement cashless.<\/p>\n","protected":false},"featured_media":5503,"template":"","meta":[],"product_cat":[136],"product_tag":[],"class_list":["post-6667","product","type-product","status-publish","has-post-thumbnail","hentry","protocollo-exe-fr","tipologia-lecteur-cle-fr","tipologia-master-fr","pagamento-chiave-fr","product_cat-cashless-fr"],"acf":[],"yoast_head":"<!-- This site is optimized with the Yoast SEO plugin v21.1 - https:\/\/yoast.com\/wordpress\/plugins\/seo\/ -->\n<title>Lecteur cl\u00e9s PIT Caiman Lite EXE - Paytec<\/title>\n<meta name=\"description\" content=\"Le lecteur de cl\u00e9 Paytec PIT CAIMAN LITE EXE est un syst\u00e8me ma\u00eetre compact int\u00e9grant une solution cashless facile \u00e0 installer et \u00e0 programmer.\" \/>\n<meta name=\"robots\" content=\"index, follow, max-snippet:-1, max-image-preview:large, max-video-preview:-1\" \/>\n<link rel=\"canonical\" href=\"https:\/\/www.paytec.eu\/fr\/prodotto\/lecteur-cles-pit-caiman-lite-exe\/\" \/>\n<meta property=\"og:locale\" content=\"fr_FR\" \/>\n<meta property=\"og:type\" content=\"article\" \/>\n<meta property=\"og:title\" content=\"Lecteur cl\u00e9s PIT Caiman Lite EXE - Paytec\" \/>\n<meta property=\"og:description\" content=\"Le lecteur de cl\u00e9 Paytec PIT CAIMAN LITE EXE est un syst\u00e8me ma\u00eetre compact int\u00e9grant une solution cashless facile \u00e0 installer et \u00e0 programmer.\" \/>\n<meta property=\"og:url\" content=\"https:\/\/www.paytec.eu\/fr\/prodotto\/lecteur-cles-pit-caiman-lite-exe\/\" \/>\n<meta property=\"og:site_name\" content=\"Paytec\" \/>\n<meta property=\"article:modified_time\" content=\"2025-05-08T08:19:47+00:00\" \/>\n<meta property=\"og:image\" content=\"https:\/\/www.paytec.eu\/wp-content\/uploads\/2021\/12\/caiman-lite-exe-eur.jpg\" \/>\n\t<meta property=\"og:image:width\" content=\"744\" \/>\n\t<meta property=\"og:image:height\" content=\"800\" \/>\n\t<meta property=\"og:image:type\" content=\"image\/jpeg\" \/>\n<meta name=\"twitter:card\" content=\"summary_large_image\" \/>\n<meta name=\"twitter:label1\" content=\"Dur\u00e9e de lecture estim\u00e9e\" \/>\n\t<meta name=\"twitter:data1\" content=\"1 minute\" \/>\n<script type=\"application\/ld+json\" class=\"yoast-schema-graph\">{\"@context\":\"https:\/\/schema.org\",\"@graph\":[{\"@type\":\"WebPage\",\"@id\":\"https:\/\/www.paytec.eu\/fr\/prodotto\/lecteur-cles-pit-caiman-lite-exe\/\",\"url\":\"https:\/\/www.paytec.eu\/fr\/prodotto\/lecteur-cles-pit-caiman-lite-exe\/\",\"name\":\"Lecteur cl\u00e9s PIT Caiman Lite EXE - Paytec\",\"isPartOf\":{\"@id\":\"https:\/\/www.paytec.eu\/#website\"},\"datePublished\":\"2022-01-03T15:27:59+00:00\",\"dateModified\":\"2025-05-08T08:19:47+00:00\",\"description\":\"Le lecteur de cl\u00e9 Paytec PIT CAIMAN LITE EXE est un syst\u00e8me ma\u00eetre compact int\u00e9grant une solution cashless facile \u00e0 installer et \u00e0 programmer.\",\"breadcrumb\":{\"@id\":\"https:\/\/www.paytec.eu\/fr\/prodotto\/lecteur-cles-pit-caiman-lite-exe\/#breadcrumb\"},\"inLanguage\":\"fr-FR\",\"potentialAction\":[{\"@type\":\"ReadAction\",\"target\":[\"https:\/\/www.paytec.eu\/fr\/prodotto\/lecteur-cles-pit-caiman-lite-exe\/\"]}]},{\"@type\":\"BreadcrumbList\",\"@id\":\"https:\/\/www.paytec.eu\/fr\/prodotto\/lecteur-cles-pit-caiman-lite-exe\/#breadcrumb\",\"itemListElement\":[{\"@type\":\"ListItem\",\"position\":1,\"name\":\"Home\",\"item\":\"https:\/\/www.paytec.eu\/fr\/\"},{\"@type\":\"ListItem\",\"position\":2,\"name\":\"Boutique\",\"item\":\"https:\/\/www.paytec.eu\/shop\/\"},{\"@type\":\"ListItem\",\"position\":3,\"name\":\"Cashless\",\"item\":\"https:\/\/www.paytec.eu\/fr\/categoria-prodotto\/cashless-fr\/\"},{\"@type\":\"ListItem\",\"position\":4,\"name\":\"CAIMAN LITE EXE\"}]},{\"@type\":\"WebSite\",\"@id\":\"https:\/\/www.paytec.eu\/#website\",\"url\":\"https:\/\/www.paytec.eu\/\",\"name\":\"Paytec\",\"description\":\"Smart Payments for Vending\",\"potentialAction\":[{\"@type\":\"SearchAction\",\"target\":{\"@type\":\"EntryPoint\",\"urlTemplate\":\"https:\/\/www.paytec.eu\/?s={search_term_string}\"},\"query-input\":\"required name=search_term_string\"}],\"inLanguage\":\"fr-FR\"}]}<\/script>\n<!-- \/ Yoast SEO plugin. -->","yoast_head_json":{"title":"Lecteur cl\u00e9s PIT Caiman Lite EXE - Paytec","description":"Le lecteur de cl\u00e9 Paytec PIT CAIMAN LITE EXE est un syst\u00e8me ma\u00eetre compact int\u00e9grant une solution cashless facile \u00e0 installer et \u00e0 programmer.","robots":{"index":"index","follow":"follow","max-snippet":"max-snippet:-1","max-image-preview":"max-image-preview:large","max-video-preview":"max-video-preview:-1"},"canonical":"https:\/\/www.paytec.eu\/fr\/prodotto\/lecteur-cles-pit-caiman-lite-exe\/","og_locale":"fr_FR","og_type":"article","og_title":"Lecteur cl\u00e9s PIT Caiman Lite EXE - Paytec","og_description":"Le lecteur de cl\u00e9 Paytec PIT CAIMAN LITE EXE est un syst\u00e8me ma\u00eetre compact int\u00e9grant une solution cashless facile \u00e0 installer et \u00e0 programmer.","og_url":"https:\/\/www.paytec.eu\/fr\/prodotto\/lecteur-cles-pit-caiman-lite-exe\/","og_site_name":"Paytec","article_modified_time":"2025-05-08T08:19:47+00:00","og_image":[{"width":744,"height":800,"url":"https:\/\/www.paytec.eu\/wp-content\/uploads\/2021\/12\/caiman-lite-exe-eur.jpg","type":"image\/jpeg"}],"twitter_card":"summary_large_image","twitter_misc":{"Dur\u00e9e de lecture estim\u00e9e":"1 minute"},"schema":{"@context":"https:\/\/schema.org","@graph":[{"@type":"WebPage","@id":"https:\/\/www.paytec.eu\/fr\/prodotto\/lecteur-cles-pit-caiman-lite-exe\/","url":"https:\/\/www.paytec.eu\/fr\/prodotto\/lecteur-cles-pit-caiman-lite-exe\/","name":"Lecteur cl\u00e9s PIT Caiman Lite EXE - Paytec","isPartOf":{"@id":"https:\/\/www.paytec.eu\/#website"},"datePublished":"2022-01-03T15:27:59+00:00","dateModified":"2025-05-08T08:19:47+00:00","description":"Le lecteur de cl\u00e9 Paytec PIT CAIMAN LITE EXE est un syst\u00e8me ma\u00eetre compact int\u00e9grant une solution cashless facile \u00e0 installer et \u00e0 programmer.","breadcrumb":{"@id":"https:\/\/www.paytec.eu\/fr\/prodotto\/lecteur-cles-pit-caiman-lite-exe\/#breadcrumb"},"inLanguage":"fr-FR","potentialAction":[{"@type":"ReadAction","target":["https:\/\/www.paytec.eu\/fr\/prodotto\/lecteur-cles-pit-caiman-lite-exe\/"]}]},{"@type":"BreadcrumbList","@id":"https:\/\/www.paytec.eu\/fr\/prodotto\/lecteur-cles-pit-caiman-lite-exe\/#breadcrumb","itemListElement":[{"@type":"ListItem","position":1,"name":"Home","item":"https:\/\/www.paytec.eu\/fr\/"},{"@type":"ListItem","position":2,"name":"Boutique","item":"https:\/\/www.paytec.eu\/shop\/"},{"@type":"ListItem","position":3,"name":"Cashless","item":"https:\/\/www.paytec.eu\/fr\/categoria-prodotto\/cashless-fr\/"},{"@type":"ListItem","position":4,"name":"CAIMAN LITE EXE"}]},{"@type":"WebSite","@id":"https:\/\/www.paytec.eu\/#website","url":"https:\/\/www.paytec.eu\/","name":"Paytec","description":"Smart Payments for Vending","potentialAction":[{"@type":"SearchAction","target":{"@type":"EntryPoint","urlTemplate":"https:\/\/www.paytec.eu\/?s={search_term_string}"},"query-input":"required name=search_term_string"}],"inLanguage":"fr-FR"}]}},"_links":{"self":[{"href":"https:\/\/www.paytec.eu\/fr\/wp-json\/wp\/v2\/product\/6667","targetHints":{"allow":["GET"]}}],"collection":[{"href":"https:\/\/www.paytec.eu\/fr\/wp-json\/wp\/v2\/product"}],"about":[{"href":"https:\/\/www.paytec.eu\/fr\/wp-json\/wp\/v2\/types\/product"}],"wp:featuredmedia":[{"embeddable":true,"href":"https:\/\/www.paytec.eu\/fr\/wp-json\/wp\/v2\/media\/5503"}],"wp:attachment":[{"href":"https:\/\/www.paytec.eu\/fr\/wp-json\/wp\/v2\/media?parent=6667"}],"wp:term":[{"taxonomy":"product_cat","embeddable":true,"href":"https:\/\/www.paytec.eu\/fr\/wp-json\/wp\/v2\/product_cat?post=6667"},{"taxonomy":"product_tag","embeddable":true,"href":"https:\/\/www.paytec.eu\/fr\/wp-json\/wp\/v2\/product_tag?post=6667"}],"curies":[{"name":"wp","href":"https:\/\/api.w.org\/{rel}","templated":true}]}}