{"id":6863,"date":"2022-01-05T09:10:43","date_gmt":"2022-01-05T09:23:24","guid":{"rendered":"https:\/\/www.paytec.eu\/prodotto\/opto\/"},"modified":"2025-05-08T09:12:45","modified_gmt":"2025-05-08T09:12:45","slug":"paiement-digital-opto-vending","status":"publish","type":"product","link":"https:\/\/www.paytec.eu\/fr\/prodotto\/paiement-digital-opto-vending\/","title":{"rendered":"OPTO"},"content":{"rendered":"<p>La solution est compos\u00e9e de trois \u00e9l\u00e9ments:<\/p>\n<ul>\n<li>Le premier est le <strong>lecteur OPTO<\/strong>, un p\u00e9riph\u00e9rique tr\u00e8s compacte qui utilise le protocole MDB, avec un capteur optique et un module Bluetooth permettant la connexion avec le smartphone de l\u2019utilisateur. Le lecteur OPTO n\u2019a besoin d\u2019aucun modem ou carte SIM, ce qui r\u00e9duit les co\u00fbts et simplifie l\u2019installation du syst\u00e8me. OPTO-PIT int\u00e8gre \u00e9galement un <strong>lecteur \u00e0 cl\u00e9 traditionnel<\/strong> qui est enti\u00e8rement s\u00e9par\u00e9 de la solution num\u00e9rique.<\/li>\n<\/ul>\n<ul>\n<li>La <strong>App OPTO <\/strong>est disponible gratuitement pour Android, IOS et Huawei OS et permet de travailler avec tous les distributeurs automatiques \u00e9quip\u00e9es avec les lecteurs OPTO ind\u00e9pendamment des soci\u00e9t\u00e9s de gestion et des fronti\u00e8res nationales. Les recharges peuvent \u00eatre effectu\u00e9es avec des cartes de cr\u00e9dit, des esp\u00e8ces et d&rsquo;autres plateformes de paiement avanc\u00e9s. Sur les distributeurs automatiques correctement activ\u00e9s, OPTO peut aussi reproduire fid\u00e8lement le clavier de s\u00e9lection de la machine sur l\u2019\u00e9cran du t\u00e9l\u00e9phone de l\u2019utilisateur. En un seul clic, le consommateur peut s\u00e9lectionner le produit et payer directement depuis son t\u00e9l\u00e9phone. L\u2019exp\u00e9rience de vente devient ainsi encore plus imm\u00e9diate, simple et efficace.<\/li>\n<\/ul>\n<ul>\n<li>Le <strong>portail OPTO<\/strong> (\u00e9galement serveur ou back-end) contient les donn\u00e9es et les informations critiques d\u2019OPTO et il est h\u00e9berg\u00e9 dans des centres de donn\u00e9es s\u00e9curis\u00e9s et certifi\u00e9s. Le server g\u00e8re les flux des paiements avec un partenaire bancaire externe \u00e9mettant de la monnaie \u00e9lectronique, qui est autoris\u00e9 \u00e0 op\u00e9rer dans tutta l\u2019Union Europ\u00e9enne. Le gestionnaire peut acc\u00e9der au portal OPTO pour avoir une visibilit\u00e9 compl\u00e8te des encaiss\u00e9es et g\u00e9rer les virements de l\u2019argent du compte de Monnaie \u00e9lectronique vers son propre compte bancaire.<\/li>\n<\/ul>\n","protected":false},"excerpt":{"rendered":"<p><strong>OPTO <\/strong>est une solution de paiement num\u00e9rique sans contact, s\u00e9curis\u00e9e et universelle.<\/p>\n<p>La connexion avec le distributeur s&rsquo;\u00e9tablit automatiquement sans recourir \u00e0 des codes NFC ou QR, mais gr\u00e2ce \u00e0 une <strong>technologie brevet\u00e9e<\/strong> bas\u00e9e sur la lumi\u00e8re de l&rsquo;\u00e9cran du t\u00e9l\u00e9phone, garantissant les normes de s\u00e9curit\u00e9 les plus \u00e9lev\u00e9es.<\/p>\n","protected":false},"featured_media":5419,"template":"","meta":[],"product_cat":[169],"product_tag":[],"class_list":["post-6863","product","type-product","status-publish","has-post-thumbnail","hentry","protocollo-mdb-fr","tipologia-app-fr","pagamento-app-telefono-fr","pagamento-chiave-fr","product_cat-numeriques"],"acf":[],"yoast_head":"<!-- This site is optimized with the Yoast SEO plugin v21.1 - https:\/\/yoast.com\/wordpress\/plugins\/seo\/ -->\n<title>Paiement digital OPTO pour le Vending - Paytec<\/title>\n<meta name=\"description\" content=\"OPTO est une solution de paiement num\u00e9rique pour le Vending sans contact, s\u00e9curis\u00e9e et universelle. La connexion est \u00e9tablie gr\u00e2ce \u00e0 une technologie brevet\u00e9e bas\u00e9e sur la lumi\u00e8re de l&#039;\u00e9cran du t\u00e9l\u00e9phone.\" \/>\n<meta name=\"robots\" content=\"index, follow, max-snippet:-1, max-image-preview:large, max-video-preview:-1\" \/>\n<link rel=\"canonical\" href=\"https:\/\/www.paytec.eu\/fr\/prodotto\/paiement-digital-opto-vending\/\" \/>\n<meta property=\"og:locale\" content=\"fr_FR\" \/>\n<meta property=\"og:type\" content=\"article\" \/>\n<meta property=\"og:title\" content=\"Paiement digital OPTO pour le Vending - Paytec\" \/>\n<meta property=\"og:description\" content=\"OPTO est une solution de paiement num\u00e9rique pour le Vending sans contact, s\u00e9curis\u00e9e et universelle. La connexion est \u00e9tablie gr\u00e2ce \u00e0 une technologie brevet\u00e9e bas\u00e9e sur la lumi\u00e8re de l&#039;\u00e9cran du t\u00e9l\u00e9phone.\" \/>\n<meta property=\"og:url\" content=\"https:\/\/www.paytec.eu\/fr\/prodotto\/paiement-digital-opto-vending\/\" \/>\n<meta property=\"og:site_name\" content=\"Paytec\" \/>\n<meta property=\"article:modified_time\" content=\"2025-05-08T09:12:45+00:00\" \/>\n<meta property=\"og:image\" content=\"https:\/\/www.paytec.eu\/wp-content\/uploads\/2021\/12\/lettore_opto.jpg\" \/>\n\t<meta property=\"og:image:width\" content=\"679\" \/>\n\t<meta property=\"og:image:height\" content=\"603\" \/>\n\t<meta property=\"og:image:type\" content=\"image\/jpeg\" \/>\n<meta name=\"twitter:card\" content=\"summary_large_image\" \/>\n<meta name=\"twitter:label1\" content=\"Dur\u00e9e de lecture estim\u00e9e\" \/>\n\t<meta name=\"twitter:data1\" content=\"2 minutes\" \/>\n<script type=\"application\/ld+json\" class=\"yoast-schema-graph\">{\"@context\":\"https:\/\/schema.org\",\"@graph\":[{\"@type\":\"WebPage\",\"@id\":\"https:\/\/www.paytec.eu\/fr\/prodotto\/paiement-digital-opto-vending\/\",\"url\":\"https:\/\/www.paytec.eu\/fr\/prodotto\/paiement-digital-opto-vending\/\",\"name\":\"Paiement digital OPTO pour le Vending - Paytec\",\"isPartOf\":{\"@id\":\"https:\/\/www.paytec.eu\/#website\"},\"datePublished\":\"2022-01-05T09:23:24+00:00\",\"dateModified\":\"2025-05-08T09:12:45+00:00\",\"description\":\"OPTO est une solution de paiement num\u00e9rique pour le Vending sans contact, s\u00e9curis\u00e9e et universelle. La connexion est \u00e9tablie gr\u00e2ce \u00e0 une technologie brevet\u00e9e bas\u00e9e sur la lumi\u00e8re de l'\u00e9cran du t\u00e9l\u00e9phone.\",\"breadcrumb\":{\"@id\":\"https:\/\/www.paytec.eu\/fr\/prodotto\/paiement-digital-opto-vending\/#breadcrumb\"},\"inLanguage\":\"fr-FR\",\"potentialAction\":[{\"@type\":\"ReadAction\",\"target\":[\"https:\/\/www.paytec.eu\/fr\/prodotto\/paiement-digital-opto-vending\/\"]}]},{\"@type\":\"BreadcrumbList\",\"@id\":\"https:\/\/www.paytec.eu\/fr\/prodotto\/paiement-digital-opto-vending\/#breadcrumb\",\"itemListElement\":[{\"@type\":\"ListItem\",\"position\":1,\"name\":\"Home\",\"item\":\"https:\/\/www.paytec.eu\/fr\/\"},{\"@type\":\"ListItem\",\"position\":2,\"name\":\"Boutique\",\"item\":\"https:\/\/www.paytec.eu\/shop\/\"},{\"@type\":\"ListItem\",\"position\":3,\"name\":\"Num\u00e9riques\",\"item\":\"https:\/\/www.paytec.eu\/fr\/categoria-prodotto\/numeriques\/\"},{\"@type\":\"ListItem\",\"position\":4,\"name\":\"OPTO\"}]},{\"@type\":\"WebSite\",\"@id\":\"https:\/\/www.paytec.eu\/#website\",\"url\":\"https:\/\/www.paytec.eu\/\",\"name\":\"Paytec\",\"description\":\"Smart Payments for Vending\",\"potentialAction\":[{\"@type\":\"SearchAction\",\"target\":{\"@type\":\"EntryPoint\",\"urlTemplate\":\"https:\/\/www.paytec.eu\/?s={search_term_string}\"},\"query-input\":\"required name=search_term_string\"}],\"inLanguage\":\"fr-FR\"}]}<\/script>\n<!-- \/ Yoast SEO plugin. -->","yoast_head_json":{"title":"Paiement digital OPTO pour le Vending - Paytec","description":"OPTO est une solution de paiement num\u00e9rique pour le Vending sans contact, s\u00e9curis\u00e9e et universelle. La connexion est \u00e9tablie gr\u00e2ce \u00e0 une technologie brevet\u00e9e bas\u00e9e sur la lumi\u00e8re de l'\u00e9cran du t\u00e9l\u00e9phone.","robots":{"index":"index","follow":"follow","max-snippet":"max-snippet:-1","max-image-preview":"max-image-preview:large","max-video-preview":"max-video-preview:-1"},"canonical":"https:\/\/www.paytec.eu\/fr\/prodotto\/paiement-digital-opto-vending\/","og_locale":"fr_FR","og_type":"article","og_title":"Paiement digital OPTO pour le Vending - Paytec","og_description":"OPTO est une solution de paiement num\u00e9rique pour le Vending sans contact, s\u00e9curis\u00e9e et universelle. La connexion est \u00e9tablie gr\u00e2ce \u00e0 une technologie brevet\u00e9e bas\u00e9e sur la lumi\u00e8re de l'\u00e9cran du t\u00e9l\u00e9phone.","og_url":"https:\/\/www.paytec.eu\/fr\/prodotto\/paiement-digital-opto-vending\/","og_site_name":"Paytec","article_modified_time":"2025-05-08T09:12:45+00:00","og_image":[{"width":679,"height":603,"url":"https:\/\/www.paytec.eu\/wp-content\/uploads\/2021\/12\/lettore_opto.jpg","type":"image\/jpeg"}],"twitter_card":"summary_large_image","twitter_misc":{"Dur\u00e9e de lecture estim\u00e9e":"2 minutes"},"schema":{"@context":"https:\/\/schema.org","@graph":[{"@type":"WebPage","@id":"https:\/\/www.paytec.eu\/fr\/prodotto\/paiement-digital-opto-vending\/","url":"https:\/\/www.paytec.eu\/fr\/prodotto\/paiement-digital-opto-vending\/","name":"Paiement digital OPTO pour le Vending - Paytec","isPartOf":{"@id":"https:\/\/www.paytec.eu\/#website"},"datePublished":"2022-01-05T09:23:24+00:00","dateModified":"2025-05-08T09:12:45+00:00","description":"OPTO est une solution de paiement num\u00e9rique pour le Vending sans contact, s\u00e9curis\u00e9e et universelle. La connexion est \u00e9tablie gr\u00e2ce \u00e0 une technologie brevet\u00e9e bas\u00e9e sur la lumi\u00e8re de l'\u00e9cran du t\u00e9l\u00e9phone.","breadcrumb":{"@id":"https:\/\/www.paytec.eu\/fr\/prodotto\/paiement-digital-opto-vending\/#breadcrumb"},"inLanguage":"fr-FR","potentialAction":[{"@type":"ReadAction","target":["https:\/\/www.paytec.eu\/fr\/prodotto\/paiement-digital-opto-vending\/"]}]},{"@type":"BreadcrumbList","@id":"https:\/\/www.paytec.eu\/fr\/prodotto\/paiement-digital-opto-vending\/#breadcrumb","itemListElement":[{"@type":"ListItem","position":1,"name":"Home","item":"https:\/\/www.paytec.eu\/fr\/"},{"@type":"ListItem","position":2,"name":"Boutique","item":"https:\/\/www.paytec.eu\/shop\/"},{"@type":"ListItem","position":3,"name":"Num\u00e9riques","item":"https:\/\/www.paytec.eu\/fr\/categoria-prodotto\/numeriques\/"},{"@type":"ListItem","position":4,"name":"OPTO"}]},{"@type":"WebSite","@id":"https:\/\/www.paytec.eu\/#website","url":"https:\/\/www.paytec.eu\/","name":"Paytec","description":"Smart Payments for Vending","potentialAction":[{"@type":"SearchAction","target":{"@type":"EntryPoint","urlTemplate":"https:\/\/www.paytec.eu\/?s={search_term_string}"},"query-input":"required name=search_term_string"}],"inLanguage":"fr-FR"}]}},"_links":{"self":[{"href":"https:\/\/www.paytec.eu\/fr\/wp-json\/wp\/v2\/product\/6863","targetHints":{"allow":["GET"]}}],"collection":[{"href":"https:\/\/www.paytec.eu\/fr\/wp-json\/wp\/v2\/product"}],"about":[{"href":"https:\/\/www.paytec.eu\/fr\/wp-json\/wp\/v2\/types\/product"}],"wp:featuredmedia":[{"embeddable":true,"href":"https:\/\/www.paytec.eu\/fr\/wp-json\/wp\/v2\/media\/5419"}],"wp:attachment":[{"href":"https:\/\/www.paytec.eu\/fr\/wp-json\/wp\/v2\/media?parent=6863"}],"wp:term":[{"taxonomy":"product_cat","embeddable":true,"href":"https:\/\/www.paytec.eu\/fr\/wp-json\/wp\/v2\/product_cat?post=6863"},{"taxonomy":"product_tag","embeddable":true,"href":"https:\/\/www.paytec.eu\/fr\/wp-json\/wp\/v2\/product_tag?post=6863"}],"curies":[{"name":"wp","href":"https:\/\/api.w.org\/{rel}","templated":true}]}}