{"id":8450,"date":"2022-02-21T13:20:58","date_gmt":"2022-02-21T13:20:58","guid":{"rendered":"https:\/\/www.paytec.eu\/prodotto\/programmeur-caiman-pit\/"},"modified":"2025-05-08T09:08:02","modified_gmt":"2025-05-08T09:08:02","slug":"programmateur-caiman-pit","status":"publish","type":"product","link":"https:\/\/www.paytec.eu\/fr\/prodotto\/programmateur-caiman-pit\/","title":{"rendered":"PROGRAMMATEUR CAIMAN PIT"},"content":{"rendered":"<p>Le Programmateur Caiman est utilis\u00e9 pour coder et configurer les cl\u00e9s PIT destin\u00e9es \u00e0 l&rsquo;utilisateur final et pour t\u00e9l\u00e9charger les donn\u00e9es d&rsquo;audit via les cl\u00e9s \/ cartes de donn\u00e9es. La cl\u00e9\/carte de donn\u00e9es peut \u00eatre programm\u00e9e pour mettre \u00e0 jour la configuration des syst\u00e8mes d\u00e9j\u00e0 install\u00e9s sur le distributeurs. Le produit est fourni avec le logiciel de gestion \u00abPC Programmer\u00bb.<\/p>\n","protected":false},"excerpt":{"rendered":"<p>Le Programmateur Caiman est utilis\u00e9 pour coder et configurer les cl\u00e9s PIT destin\u00e9es \u00e0 l&rsquo;utilisateur final et pour t\u00e9l\u00e9charger les donn\u00e9es d&rsquo;audit via les cl\u00e9s \/ cartes de donn\u00e9es. La cl\u00e9\/carte de donn\u00e9es peut \u00eatre programm\u00e9e pour mettre \u00e0 jour la configuration des syst\u00e8mes d\u00e9j\u00e0&#8230;<\/p>\n","protected":false},"featured_media":7377,"template":"","meta":[],"product_cat":[122],"product_tag":[],"class_list":["post-8450","product","type-product","status-publish","has-post-thumbnail","hentry","tipologia-collecte-de-donnees-et-programmation-fr","product_cat-accessoires-et-pieces-de-rechange"],"acf":[],"yoast_head":"<!-- This site is optimized with the Yoast SEO plugin v21.1 - https:\/\/yoast.com\/wordpress\/plugins\/seo\/ -->\n<title>Programmateur CAIMAN PIT pour cl\u00e9s distributeurs automatiques<\/title>\n<meta name=\"description\" content=\"Le programmateur Caiman PIT est l&#039;accessoire id\u00e9al pour coder et configurer les cl\u00e9s PIT et t\u00e9l\u00e9charger les donn\u00e9es d&#039;audit du syst\u00e8me de paiement Vending.\" \/>\n<meta name=\"robots\" content=\"index, follow, max-snippet:-1, max-image-preview:large, max-video-preview:-1\" \/>\n<link rel=\"canonical\" href=\"https:\/\/www.paytec.eu\/fr\/prodotto\/programmateur-caiman-pit\/\" \/>\n<meta property=\"og:locale\" content=\"fr_FR\" \/>\n<meta property=\"og:type\" content=\"article\" \/>\n<meta property=\"og:title\" content=\"Programmateur CAIMAN PIT pour cl\u00e9s distributeurs automatiques\" \/>\n<meta property=\"og:description\" content=\"Le programmateur Caiman PIT est l&#039;accessoire id\u00e9al pour coder et configurer les cl\u00e9s PIT et t\u00e9l\u00e9charger les donn\u00e9es d&#039;audit du syst\u00e8me de paiement Vending.\" \/>\n<meta property=\"og:url\" content=\"https:\/\/www.paytec.eu\/fr\/prodotto\/programmateur-caiman-pit\/\" \/>\n<meta property=\"og:site_name\" content=\"Paytec\" \/>\n<meta property=\"article:modified_time\" content=\"2025-05-08T09:08:02+00:00\" \/>\n<meta property=\"og:image\" content=\"https:\/\/www.paytec.eu\/wp-content\/uploads\/2022\/02\/programmatore-caiman.jpg\" \/>\n\t<meta property=\"og:image:width\" content=\"414\" \/>\n\t<meta property=\"og:image:height\" content=\"591\" \/>\n\t<meta property=\"og:image:type\" content=\"image\/jpeg\" \/>\n<meta name=\"twitter:card\" content=\"summary_large_image\" \/>\n<meta name=\"twitter:label1\" content=\"Dur\u00e9e de lecture estim\u00e9e\" \/>\n\t<meta name=\"twitter:data1\" content=\"1 minute\" \/>\n<script type=\"application\/ld+json\" class=\"yoast-schema-graph\">{\"@context\":\"https:\/\/schema.org\",\"@graph\":[{\"@type\":\"WebPage\",\"@id\":\"https:\/\/www.paytec.eu\/fr\/prodotto\/programmateur-caiman-pit\/\",\"url\":\"https:\/\/www.paytec.eu\/fr\/prodotto\/programmateur-caiman-pit\/\",\"name\":\"Programmateur CAIMAN PIT pour cl\u00e9s distributeurs automatiques\",\"isPartOf\":{\"@id\":\"https:\/\/www.paytec.eu\/#website\"},\"datePublished\":\"2022-02-21T13:20:58+00:00\",\"dateModified\":\"2025-05-08T09:08:02+00:00\",\"description\":\"Le programmateur Caiman PIT est l'accessoire id\u00e9al pour coder et configurer les cl\u00e9s PIT et t\u00e9l\u00e9charger les donn\u00e9es d'audit du syst\u00e8me de paiement Vending.\",\"breadcrumb\":{\"@id\":\"https:\/\/www.paytec.eu\/fr\/prodotto\/programmateur-caiman-pit\/#breadcrumb\"},\"inLanguage\":\"fr-FR\",\"potentialAction\":[{\"@type\":\"ReadAction\",\"target\":[\"https:\/\/www.paytec.eu\/fr\/prodotto\/programmateur-caiman-pit\/\"]}]},{\"@type\":\"BreadcrumbList\",\"@id\":\"https:\/\/www.paytec.eu\/fr\/prodotto\/programmateur-caiman-pit\/#breadcrumb\",\"itemListElement\":[{\"@type\":\"ListItem\",\"position\":1,\"name\":\"Home\",\"item\":\"https:\/\/www.paytec.eu\/fr\/\"},{\"@type\":\"ListItem\",\"position\":2,\"name\":\"Boutique\",\"item\":\"https:\/\/www.paytec.eu\/shop\/\"},{\"@type\":\"ListItem\",\"position\":3,\"name\":\"Accessoires et Pi\u00e8ces de rechange\",\"item\":\"https:\/\/www.paytec.eu\/fr\/categoria-prodotto\/accessoires-et-pieces-de-rechange\/\"},{\"@type\":\"ListItem\",\"position\":4,\"name\":\"PROGRAMMATEUR CAIMAN PIT\"}]},{\"@type\":\"WebSite\",\"@id\":\"https:\/\/www.paytec.eu\/#website\",\"url\":\"https:\/\/www.paytec.eu\/\",\"name\":\"Paytec\",\"description\":\"Smart Payments for Vending\",\"potentialAction\":[{\"@type\":\"SearchAction\",\"target\":{\"@type\":\"EntryPoint\",\"urlTemplate\":\"https:\/\/www.paytec.eu\/?s={search_term_string}\"},\"query-input\":\"required name=search_term_string\"}],\"inLanguage\":\"fr-FR\"}]}<\/script>\n<!-- \/ Yoast SEO plugin. -->","yoast_head_json":{"title":"Programmateur CAIMAN PIT pour cl\u00e9s distributeurs automatiques","description":"Le programmateur Caiman PIT est l'accessoire id\u00e9al pour coder et configurer les cl\u00e9s PIT et t\u00e9l\u00e9charger les donn\u00e9es d'audit du syst\u00e8me de paiement Vending.","robots":{"index":"index","follow":"follow","max-snippet":"max-snippet:-1","max-image-preview":"max-image-preview:large","max-video-preview":"max-video-preview:-1"},"canonical":"https:\/\/www.paytec.eu\/fr\/prodotto\/programmateur-caiman-pit\/","og_locale":"fr_FR","og_type":"article","og_title":"Programmateur CAIMAN PIT pour cl\u00e9s distributeurs automatiques","og_description":"Le programmateur Caiman PIT est l'accessoire id\u00e9al pour coder et configurer les cl\u00e9s PIT et t\u00e9l\u00e9charger les donn\u00e9es d'audit du syst\u00e8me de paiement Vending.","og_url":"https:\/\/www.paytec.eu\/fr\/prodotto\/programmateur-caiman-pit\/","og_site_name":"Paytec","article_modified_time":"2025-05-08T09:08:02+00:00","og_image":[{"width":414,"height":591,"url":"https:\/\/www.paytec.eu\/wp-content\/uploads\/2022\/02\/programmatore-caiman.jpg","type":"image\/jpeg"}],"twitter_card":"summary_large_image","twitter_misc":{"Dur\u00e9e de lecture estim\u00e9e":"1 minute"},"schema":{"@context":"https:\/\/schema.org","@graph":[{"@type":"WebPage","@id":"https:\/\/www.paytec.eu\/fr\/prodotto\/programmateur-caiman-pit\/","url":"https:\/\/www.paytec.eu\/fr\/prodotto\/programmateur-caiman-pit\/","name":"Programmateur CAIMAN PIT pour cl\u00e9s distributeurs automatiques","isPartOf":{"@id":"https:\/\/www.paytec.eu\/#website"},"datePublished":"2022-02-21T13:20:58+00:00","dateModified":"2025-05-08T09:08:02+00:00","description":"Le programmateur Caiman PIT est l'accessoire id\u00e9al pour coder et configurer les cl\u00e9s PIT et t\u00e9l\u00e9charger les donn\u00e9es d'audit du syst\u00e8me de paiement Vending.","breadcrumb":{"@id":"https:\/\/www.paytec.eu\/fr\/prodotto\/programmateur-caiman-pit\/#breadcrumb"},"inLanguage":"fr-FR","potentialAction":[{"@type":"ReadAction","target":["https:\/\/www.paytec.eu\/fr\/prodotto\/programmateur-caiman-pit\/"]}]},{"@type":"BreadcrumbList","@id":"https:\/\/www.paytec.eu\/fr\/prodotto\/programmateur-caiman-pit\/#breadcrumb","itemListElement":[{"@type":"ListItem","position":1,"name":"Home","item":"https:\/\/www.paytec.eu\/fr\/"},{"@type":"ListItem","position":2,"name":"Boutique","item":"https:\/\/www.paytec.eu\/shop\/"},{"@type":"ListItem","position":3,"name":"Accessoires et Pi\u00e8ces de rechange","item":"https:\/\/www.paytec.eu\/fr\/categoria-prodotto\/accessoires-et-pieces-de-rechange\/"},{"@type":"ListItem","position":4,"name":"PROGRAMMATEUR CAIMAN PIT"}]},{"@type":"WebSite","@id":"https:\/\/www.paytec.eu\/#website","url":"https:\/\/www.paytec.eu\/","name":"Paytec","description":"Smart Payments for Vending","potentialAction":[{"@type":"SearchAction","target":{"@type":"EntryPoint","urlTemplate":"https:\/\/www.paytec.eu\/?s={search_term_string}"},"query-input":"required name=search_term_string"}],"inLanguage":"fr-FR"}]}},"_links":{"self":[{"href":"https:\/\/www.paytec.eu\/fr\/wp-json\/wp\/v2\/product\/8450","targetHints":{"allow":["GET"]}}],"collection":[{"href":"https:\/\/www.paytec.eu\/fr\/wp-json\/wp\/v2\/product"}],"about":[{"href":"https:\/\/www.paytec.eu\/fr\/wp-json\/wp\/v2\/types\/product"}],"wp:featuredmedia":[{"embeddable":true,"href":"https:\/\/www.paytec.eu\/fr\/wp-json\/wp\/v2\/media\/7377"}],"wp:attachment":[{"href":"https:\/\/www.paytec.eu\/fr\/wp-json\/wp\/v2\/media?parent=8450"}],"wp:term":[{"taxonomy":"product_cat","embeddable":true,"href":"https:\/\/www.paytec.eu\/fr\/wp-json\/wp\/v2\/product_cat?post=8450"},{"taxonomy":"product_tag","embeddable":true,"href":"https:\/\/www.paytec.eu\/fr\/wp-json\/wp\/v2\/product_tag?post=8450"}],"curies":[{"name":"wp","href":"https:\/\/api.w.org\/{rel}","templated":true}]}}