{"id":8523,"date":"2022-03-31T13:08:05","date_gmt":"2022-03-31T13:08:10","guid":{"rendered":"https:\/\/www.paytec.eu\/?post_type=product&#038;p=8523"},"modified":"2025-05-05T14:34:26","modified_gmt":"2025-05-05T14:34:26","slug":"maitre-exe-avec-lecteur","status":"publish","type":"product","link":"https:\/\/www.paytec.eu\/fr\/prodotto\/maitre-exe-avec-lecteur\/","title":{"rendered":"Caiman EXE EUR PIT"},"content":{"rendered":"<p>Le ma\u00eetre <strong>CAIMAN EXE<\/strong> avec lecteur de cl\u00e9s PIT int\u00e9gr\u00e9 a \u00e9t\u00e9 d\u00e9velopp\u00e9 pour fonctionner avec le distributeur automatique en mode ex\u00e9cutif. Le syst\u00e8me peut fonctionner dans le mode Price Holding jusqu\u2019\u00e0 100 prix, ou peut d\u00e9l\u00e9guer la gestion des prix au distributeur automatique.<br \/>\nLe syst\u00e8me comprend une unit\u00e9 de lecture qui g\u00e8re les cl\u00e9s PIT et peut g\u00e9rer simultan\u00e9ment deux autres MDB cashless (lecteur de carte bancaire, application de paiement) ainsi que d&rsquo;autres p\u00e9riph\u00e9riques cash comme un lecteur de billets en mode impulsif, un monnayeur MDB ou un validateur \u00e0 24V.<br \/>\nEn plus de la gestion de cr\u00e9dit classique pr\u00e9sente sur les cl\u00e9s, le syst\u00e8me permet une extr\u00eame flexibilit\u00e9 dans la fixation des prix et des remises.<\/p>\n<p>D\u00fbment configur\u00e9, le ma\u00eetre EXE avec lecteur <strong>Caiman EXE<\/strong> peut charger un cr\u00e9dit sur les cl\u00e9s \u00e0 partir d\u2019un lecteur de cartes bancaires, r\u00e9duisant ainsi les commissions et \u00e9liminant compl\u00e8tement la monnaie du cycle.<\/p>\n<p>La configuration et la collecte des donn\u00e9es d&rsquo;audit peuvent \u00eatre effectu\u00e9es \u00e0 l&rsquo;aide d&rsquo;une grande vari\u00e9t\u00e9 d&rsquo;outils et de technologies, y compris l&rsquo;application PayTools. L&rsquo;audit comprend \u00e9galement toutes les informations du monnayeur MDB, y compris les quantit\u00e9s de pi\u00e8ces dans les tubes individuels.<\/p>\n","protected":false},"excerpt":{"rendered":"<div id=\"product-description-short-105\">\n<p>Gr\u00e2ce \u00e0 son architecture polyvalente et ses nombreuses fonctions de gestion intelligentes, l&rsquo;installation d&rsquo;un syst\u00e8me cashless Caiman augmente le potentiel du distributeur, en le dotant d&rsquo;outils d&rsquo;analyse et de promotion indispensables pour augmenter les ventes et fid\u00e9liser la client\u00e8le.<\/p>\n<\/div>\n<div class=\"product-actions\">\n<form id=\"add-to-cart-or-refresh\" action=\"https:\/\/shop.paytec.eu\/it\/carrello\" method=\"post\">\n<div class=\"product-variants\"><\/div>\n<section class=\"product-discounts\"><\/section>\n<\/form>\n<\/div>\n","protected":false},"featured_media":14596,"template":"","meta":[],"product_cat":[136],"product_tag":[],"class_list":["post-8523","product","type-product","status-publish","has-post-thumbnail","hentry","product_cat-cashless-fr"],"acf":[],"yoast_head":"<!-- This site is optimized with the Yoast SEO plugin v21.1 - https:\/\/yoast.com\/wordpress\/plugins\/seo\/ -->\n<title>Ma\u00eetre EXE avec lecteur cl\u00e9s PIT - Paytec<\/title>\n<meta name=\"description\" content=\"Le ma\u00eetre EXE avec lecteur cl\u00e9s PIT permet une gestion compl\u00e8te des donn\u00e9es des recettes et des vente et int\u00e8gre un lecteur de cl\u00e9 PIT de Paytec.\" \/>\n<meta name=\"robots\" content=\"index, follow, max-snippet:-1, max-image-preview:large, max-video-preview:-1\" \/>\n<link rel=\"canonical\" href=\"https:\/\/www.paytec.eu\/fr\/prodotto\/maitre-exe-avec-lecteur\/\" \/>\n<meta property=\"og:locale\" content=\"fr_FR\" \/>\n<meta property=\"og:type\" content=\"article\" \/>\n<meta property=\"og:title\" content=\"Ma\u00eetre EXE avec lecteur cl\u00e9s PIT - Paytec\" \/>\n<meta property=\"og:description\" content=\"Le ma\u00eetre EXE avec lecteur cl\u00e9s PIT permet une gestion compl\u00e8te des donn\u00e9es des recettes et des vente et int\u00e8gre un lecteur de cl\u00e9 PIT de Paytec.\" \/>\n<meta property=\"og:url\" content=\"https:\/\/www.paytec.eu\/fr\/prodotto\/maitre-exe-avec-lecteur\/\" \/>\n<meta property=\"og:site_name\" content=\"Paytec\" \/>\n<meta property=\"article:modified_time\" content=\"2025-05-05T14:34:26+00:00\" \/>\n<meta property=\"og:image\" content=\"https:\/\/www.paytec.eu\/wp-content\/uploads\/2022\/03\/caiman2-exe-eur-Pit.jpg\" \/>\n\t<meta property=\"og:image:width\" content=\"744\" \/>\n\t<meta property=\"og:image:height\" content=\"800\" \/>\n\t<meta property=\"og:image:type\" content=\"image\/jpeg\" \/>\n<meta name=\"twitter:card\" content=\"summary_large_image\" \/>\n<meta name=\"twitter:label1\" content=\"Dur\u00e9e de lecture estim\u00e9e\" \/>\n\t<meta name=\"twitter:data1\" content=\"2 minutes\" \/>\n<script type=\"application\/ld+json\" class=\"yoast-schema-graph\">{\"@context\":\"https:\/\/schema.org\",\"@graph\":[{\"@type\":\"WebPage\",\"@id\":\"https:\/\/www.paytec.eu\/fr\/prodotto\/maitre-exe-avec-lecteur\/\",\"url\":\"https:\/\/www.paytec.eu\/fr\/prodotto\/maitre-exe-avec-lecteur\/\",\"name\":\"Ma\u00eetre EXE avec lecteur cl\u00e9s PIT - Paytec\",\"isPartOf\":{\"@id\":\"https:\/\/www.paytec.eu\/#website\"},\"datePublished\":\"2022-03-31T13:08:10+00:00\",\"dateModified\":\"2025-05-05T14:34:26+00:00\",\"description\":\"Le ma\u00eetre EXE avec lecteur cl\u00e9s PIT permet une gestion compl\u00e8te des donn\u00e9es des recettes et des vente et int\u00e8gre un lecteur de cl\u00e9 PIT de Paytec.\",\"breadcrumb\":{\"@id\":\"https:\/\/www.paytec.eu\/fr\/prodotto\/maitre-exe-avec-lecteur\/#breadcrumb\"},\"inLanguage\":\"fr-FR\",\"potentialAction\":[{\"@type\":\"ReadAction\",\"target\":[\"https:\/\/www.paytec.eu\/fr\/prodotto\/maitre-exe-avec-lecteur\/\"]}]},{\"@type\":\"BreadcrumbList\",\"@id\":\"https:\/\/www.paytec.eu\/fr\/prodotto\/maitre-exe-avec-lecteur\/#breadcrumb\",\"itemListElement\":[{\"@type\":\"ListItem\",\"position\":1,\"name\":\"Home\",\"item\":\"https:\/\/www.paytec.eu\/fr\/\"},{\"@type\":\"ListItem\",\"position\":2,\"name\":\"Boutique\",\"item\":\"https:\/\/www.paytec.eu\/shop\/\"},{\"@type\":\"ListItem\",\"position\":3,\"name\":\"Cashless\",\"item\":\"https:\/\/www.paytec.eu\/fr\/categoria-prodotto\/cashless-fr\/\"},{\"@type\":\"ListItem\",\"position\":4,\"name\":\"Caiman EXE EUR PIT\"}]},{\"@type\":\"WebSite\",\"@id\":\"https:\/\/www.paytec.eu\/#website\",\"url\":\"https:\/\/www.paytec.eu\/\",\"name\":\"Paytec\",\"description\":\"Smart Payments for Vending\",\"potentialAction\":[{\"@type\":\"SearchAction\",\"target\":{\"@type\":\"EntryPoint\",\"urlTemplate\":\"https:\/\/www.paytec.eu\/?s={search_term_string}\"},\"query-input\":\"required name=search_term_string\"}],\"inLanguage\":\"fr-FR\"}]}<\/script>\n<!-- \/ Yoast SEO plugin. -->","yoast_head_json":{"title":"Ma\u00eetre EXE avec lecteur cl\u00e9s PIT - Paytec","description":"Le ma\u00eetre EXE avec lecteur cl\u00e9s PIT permet une gestion compl\u00e8te des donn\u00e9es des recettes et des vente et int\u00e8gre un lecteur de cl\u00e9 PIT de Paytec.","robots":{"index":"index","follow":"follow","max-snippet":"max-snippet:-1","max-image-preview":"max-image-preview:large","max-video-preview":"max-video-preview:-1"},"canonical":"https:\/\/www.paytec.eu\/fr\/prodotto\/maitre-exe-avec-lecteur\/","og_locale":"fr_FR","og_type":"article","og_title":"Ma\u00eetre EXE avec lecteur cl\u00e9s PIT - Paytec","og_description":"Le ma\u00eetre EXE avec lecteur cl\u00e9s PIT permet une gestion compl\u00e8te des donn\u00e9es des recettes et des vente et int\u00e8gre un lecteur de cl\u00e9 PIT de Paytec.","og_url":"https:\/\/www.paytec.eu\/fr\/prodotto\/maitre-exe-avec-lecteur\/","og_site_name":"Paytec","article_modified_time":"2025-05-05T14:34:26+00:00","og_image":[{"width":744,"height":800,"url":"https:\/\/www.paytec.eu\/wp-content\/uploads\/2022\/03\/caiman2-exe-eur-Pit.jpg","type":"image\/jpeg"}],"twitter_card":"summary_large_image","twitter_misc":{"Dur\u00e9e de lecture estim\u00e9e":"2 minutes"},"schema":{"@context":"https:\/\/schema.org","@graph":[{"@type":"WebPage","@id":"https:\/\/www.paytec.eu\/fr\/prodotto\/maitre-exe-avec-lecteur\/","url":"https:\/\/www.paytec.eu\/fr\/prodotto\/maitre-exe-avec-lecteur\/","name":"Ma\u00eetre EXE avec lecteur cl\u00e9s PIT - Paytec","isPartOf":{"@id":"https:\/\/www.paytec.eu\/#website"},"datePublished":"2022-03-31T13:08:10+00:00","dateModified":"2025-05-05T14:34:26+00:00","description":"Le ma\u00eetre EXE avec lecteur cl\u00e9s PIT permet une gestion compl\u00e8te des donn\u00e9es des recettes et des vente et int\u00e8gre un lecteur de cl\u00e9 PIT de Paytec.","breadcrumb":{"@id":"https:\/\/www.paytec.eu\/fr\/prodotto\/maitre-exe-avec-lecteur\/#breadcrumb"},"inLanguage":"fr-FR","potentialAction":[{"@type":"ReadAction","target":["https:\/\/www.paytec.eu\/fr\/prodotto\/maitre-exe-avec-lecteur\/"]}]},{"@type":"BreadcrumbList","@id":"https:\/\/www.paytec.eu\/fr\/prodotto\/maitre-exe-avec-lecteur\/#breadcrumb","itemListElement":[{"@type":"ListItem","position":1,"name":"Home","item":"https:\/\/www.paytec.eu\/fr\/"},{"@type":"ListItem","position":2,"name":"Boutique","item":"https:\/\/www.paytec.eu\/shop\/"},{"@type":"ListItem","position":3,"name":"Cashless","item":"https:\/\/www.paytec.eu\/fr\/categoria-prodotto\/cashless-fr\/"},{"@type":"ListItem","position":4,"name":"Caiman EXE EUR PIT"}]},{"@type":"WebSite","@id":"https:\/\/www.paytec.eu\/#website","url":"https:\/\/www.paytec.eu\/","name":"Paytec","description":"Smart Payments for Vending","potentialAction":[{"@type":"SearchAction","target":{"@type":"EntryPoint","urlTemplate":"https:\/\/www.paytec.eu\/?s={search_term_string}"},"query-input":"required name=search_term_string"}],"inLanguage":"fr-FR"}]}},"_links":{"self":[{"href":"https:\/\/www.paytec.eu\/fr\/wp-json\/wp\/v2\/product\/8523","targetHints":{"allow":["GET"]}}],"collection":[{"href":"https:\/\/www.paytec.eu\/fr\/wp-json\/wp\/v2\/product"}],"about":[{"href":"https:\/\/www.paytec.eu\/fr\/wp-json\/wp\/v2\/types\/product"}],"wp:featuredmedia":[{"embeddable":true,"href":"https:\/\/www.paytec.eu\/fr\/wp-json\/wp\/v2\/media\/14596"}],"wp:attachment":[{"href":"https:\/\/www.paytec.eu\/fr\/wp-json\/wp\/v2\/media?parent=8523"}],"wp:term":[{"taxonomy":"product_cat","embeddable":true,"href":"https:\/\/www.paytec.eu\/fr\/wp-json\/wp\/v2\/product_cat?post=8523"},{"taxonomy":"product_tag","embeddable":true,"href":"https:\/\/www.paytec.eu\/fr\/wp-json\/wp\/v2\/product_tag?post=8523"}],"curies":[{"name":"wp","href":"https:\/\/api.w.org\/{rel}","templated":true}]}}