{"id":9424,"date":"2022-09-19T07:46:31","date_gmt":"2022-09-19T07:46:39","guid":{"rendered":"https:\/\/www.paytec.eu\/?post_type=product&#038;p=9424"},"modified":"2023-10-25T09:28:45","modified_gmt":"2023-10-25T09:28:45","slug":"cable-audit-de-rechange","status":"publish","type":"product","link":"https:\/\/www.paytec.eu\/fr\/prodotto\/cable-audit-de-rechange\/","title":{"rendered":"CABLE AUDIT DE DB9M\/JACK6.3F KIT 5PCS"},"content":{"rendered":"<p>C\u00e2ble d&rsquo;audit de rechange pour connecter le syst\u00e8me de paiement Paytec \u00e0 un syst\u00e8me Matipay afin de permettre la configuration et la collecte de donn\u00e9es \u00e0 distance. A compl\u00e9ter avec adaptateur RS232 et c\u00e2ble 6000.<\/p>\n","protected":false},"excerpt":{"rendered":"<p>BT6002 est un accessoire portable qui vous permet d&rsquo;\u00e9tablir une communication Bluetooth avec les syst\u00e8mes de paiement.<\/p>\n","protected":false},"featured_media":9427,"template":"","meta":[],"product_cat":[122],"product_tag":[],"class_list":["post-9424","product","type-product","status-publish","has-post-thumbnail","hentry","tipologia-collecte-de-donnees-et-programmation-fr","product_cat-accessoires-et-pieces-de-rechange"],"acf":[],"yoast_head":"<!-- This site is optimized with the Yoast SEO plugin v21.1 - https:\/\/yoast.com\/wordpress\/plugins\/seo\/ -->\n<title>C\u00e2ble Audit de rechange pour monnayeurs Paytec<\/title>\n<meta name=\"description\" content=\"Le c\u00e2ble Audit de rechange permet la connexion du syst\u00e8me de paiement Paytec \u00e0 un syst\u00e8me Matipay. Achetez-le sur le site paytec.eu\" \/>\n<meta name=\"robots\" content=\"index, follow, max-snippet:-1, max-image-preview:large, max-video-preview:-1\" \/>\n<link rel=\"canonical\" href=\"https:\/\/www.paytec.eu\/fr\/prodotto\/cable-audit-de-rechange\/\" \/>\n<meta property=\"og:locale\" content=\"fr_FR\" \/>\n<meta property=\"og:type\" content=\"article\" \/>\n<meta property=\"og:title\" content=\"C\u00e2ble Audit de rechange pour monnayeurs Paytec\" \/>\n<meta property=\"og:description\" content=\"Le c\u00e2ble Audit de rechange permet la connexion du syst\u00e8me de paiement Paytec \u00e0 un syst\u00e8me Matipay. Achetez-le sur le site paytec.eu\" \/>\n<meta property=\"og:url\" content=\"https:\/\/www.paytec.eu\/fr\/prodotto\/cable-audit-de-rechange\/\" \/>\n<meta property=\"og:site_name\" content=\"Paytec\" \/>\n<meta property=\"article:modified_time\" content=\"2023-10-25T09:28:45+00:00\" \/>\n<meta property=\"og:image\" content=\"https:\/\/www.paytec.eu\/wp-content\/uploads\/2022\/09\/cavo_audit_AU000006170_ok.jpg\" \/>\n\t<meta property=\"og:image:width\" content=\"672\" \/>\n\t<meta property=\"og:image:height\" content=\"800\" \/>\n\t<meta property=\"og:image:type\" content=\"image\/jpeg\" \/>\n<meta name=\"twitter:card\" content=\"summary_large_image\" \/>\n<meta name=\"twitter:label1\" content=\"Dur\u00e9e de lecture estim\u00e9e\" \/>\n\t<meta name=\"twitter:data1\" content=\"1 minute\" \/>\n<script type=\"application\/ld+json\" class=\"yoast-schema-graph\">{\"@context\":\"https:\/\/schema.org\",\"@graph\":[{\"@type\":\"WebPage\",\"@id\":\"https:\/\/www.paytec.eu\/fr\/prodotto\/cable-audit-de-rechange\/\",\"url\":\"https:\/\/www.paytec.eu\/fr\/prodotto\/cable-audit-de-rechange\/\",\"name\":\"C\u00e2ble Audit de rechange pour monnayeurs Paytec\",\"isPartOf\":{\"@id\":\"https:\/\/www.paytec.eu\/#website\"},\"datePublished\":\"2022-09-19T07:46:39+00:00\",\"dateModified\":\"2023-10-25T09:28:45+00:00\",\"description\":\"Le c\u00e2ble Audit de rechange permet la connexion du syst\u00e8me de paiement Paytec \u00e0 un syst\u00e8me Matipay. Achetez-le sur le site paytec.eu\",\"breadcrumb\":{\"@id\":\"https:\/\/www.paytec.eu\/fr\/prodotto\/cable-audit-de-rechange\/#breadcrumb\"},\"inLanguage\":\"fr-FR\",\"potentialAction\":[{\"@type\":\"ReadAction\",\"target\":[\"https:\/\/www.paytec.eu\/fr\/prodotto\/cable-audit-de-rechange\/\"]}]},{\"@type\":\"BreadcrumbList\",\"@id\":\"https:\/\/www.paytec.eu\/fr\/prodotto\/cable-audit-de-rechange\/#breadcrumb\",\"itemListElement\":[{\"@type\":\"ListItem\",\"position\":1,\"name\":\"Home\",\"item\":\"https:\/\/www.paytec.eu\/fr\/\"},{\"@type\":\"ListItem\",\"position\":2,\"name\":\"Boutique\",\"item\":\"https:\/\/www.paytec.eu\/shop\/\"},{\"@type\":\"ListItem\",\"position\":3,\"name\":\"Accessoires et Pi\u00e8ces de rechange\",\"item\":\"https:\/\/www.paytec.eu\/fr\/categoria-prodotto\/accessoires-et-pieces-de-rechange\/\"},{\"@type\":\"ListItem\",\"position\":4,\"name\":\"CABLE AUDIT DE DB9M\/JACK6.3F KIT 5PCS\"}]},{\"@type\":\"WebSite\",\"@id\":\"https:\/\/www.paytec.eu\/#website\",\"url\":\"https:\/\/www.paytec.eu\/\",\"name\":\"Paytec\",\"description\":\"Smart Payments for Vending\",\"potentialAction\":[{\"@type\":\"SearchAction\",\"target\":{\"@type\":\"EntryPoint\",\"urlTemplate\":\"https:\/\/www.paytec.eu\/?s={search_term_string}\"},\"query-input\":\"required name=search_term_string\"}],\"inLanguage\":\"fr-FR\"}]}<\/script>\n<!-- \/ Yoast SEO plugin. -->","yoast_head_json":{"title":"C\u00e2ble Audit de rechange pour monnayeurs Paytec","description":"Le c\u00e2ble Audit de rechange permet la connexion du syst\u00e8me de paiement Paytec \u00e0 un syst\u00e8me Matipay. Achetez-le sur le site paytec.eu","robots":{"index":"index","follow":"follow","max-snippet":"max-snippet:-1","max-image-preview":"max-image-preview:large","max-video-preview":"max-video-preview:-1"},"canonical":"https:\/\/www.paytec.eu\/fr\/prodotto\/cable-audit-de-rechange\/","og_locale":"fr_FR","og_type":"article","og_title":"C\u00e2ble Audit de rechange pour monnayeurs Paytec","og_description":"Le c\u00e2ble Audit de rechange permet la connexion du syst\u00e8me de paiement Paytec \u00e0 un syst\u00e8me Matipay. Achetez-le sur le site paytec.eu","og_url":"https:\/\/www.paytec.eu\/fr\/prodotto\/cable-audit-de-rechange\/","og_site_name":"Paytec","article_modified_time":"2023-10-25T09:28:45+00:00","og_image":[{"width":672,"height":800,"url":"https:\/\/www.paytec.eu\/wp-content\/uploads\/2022\/09\/cavo_audit_AU000006170_ok.jpg","type":"image\/jpeg"}],"twitter_card":"summary_large_image","twitter_misc":{"Dur\u00e9e de lecture estim\u00e9e":"1 minute"},"schema":{"@context":"https:\/\/schema.org","@graph":[{"@type":"WebPage","@id":"https:\/\/www.paytec.eu\/fr\/prodotto\/cable-audit-de-rechange\/","url":"https:\/\/www.paytec.eu\/fr\/prodotto\/cable-audit-de-rechange\/","name":"C\u00e2ble Audit de rechange pour monnayeurs Paytec","isPartOf":{"@id":"https:\/\/www.paytec.eu\/#website"},"datePublished":"2022-09-19T07:46:39+00:00","dateModified":"2023-10-25T09:28:45+00:00","description":"Le c\u00e2ble Audit de rechange permet la connexion du syst\u00e8me de paiement Paytec \u00e0 un syst\u00e8me Matipay. Achetez-le sur le site paytec.eu","breadcrumb":{"@id":"https:\/\/www.paytec.eu\/fr\/prodotto\/cable-audit-de-rechange\/#breadcrumb"},"inLanguage":"fr-FR","potentialAction":[{"@type":"ReadAction","target":["https:\/\/www.paytec.eu\/fr\/prodotto\/cable-audit-de-rechange\/"]}]},{"@type":"BreadcrumbList","@id":"https:\/\/www.paytec.eu\/fr\/prodotto\/cable-audit-de-rechange\/#breadcrumb","itemListElement":[{"@type":"ListItem","position":1,"name":"Home","item":"https:\/\/www.paytec.eu\/fr\/"},{"@type":"ListItem","position":2,"name":"Boutique","item":"https:\/\/www.paytec.eu\/shop\/"},{"@type":"ListItem","position":3,"name":"Accessoires et Pi\u00e8ces de rechange","item":"https:\/\/www.paytec.eu\/fr\/categoria-prodotto\/accessoires-et-pieces-de-rechange\/"},{"@type":"ListItem","position":4,"name":"CABLE AUDIT DE DB9M\/JACK6.3F KIT 5PCS"}]},{"@type":"WebSite","@id":"https:\/\/www.paytec.eu\/#website","url":"https:\/\/www.paytec.eu\/","name":"Paytec","description":"Smart Payments for Vending","potentialAction":[{"@type":"SearchAction","target":{"@type":"EntryPoint","urlTemplate":"https:\/\/www.paytec.eu\/?s={search_term_string}"},"query-input":"required name=search_term_string"}],"inLanguage":"fr-FR"}]}},"_links":{"self":[{"href":"https:\/\/www.paytec.eu\/fr\/wp-json\/wp\/v2\/product\/9424","targetHints":{"allow":["GET"]}}],"collection":[{"href":"https:\/\/www.paytec.eu\/fr\/wp-json\/wp\/v2\/product"}],"about":[{"href":"https:\/\/www.paytec.eu\/fr\/wp-json\/wp\/v2\/types\/product"}],"wp:featuredmedia":[{"embeddable":true,"href":"https:\/\/www.paytec.eu\/fr\/wp-json\/wp\/v2\/media\/9427"}],"wp:attachment":[{"href":"https:\/\/www.paytec.eu\/fr\/wp-json\/wp\/v2\/media?parent=9424"}],"wp:term":[{"taxonomy":"product_cat","embeddable":true,"href":"https:\/\/www.paytec.eu\/fr\/wp-json\/wp\/v2\/product_cat?post=9424"},{"taxonomy":"product_tag","embeddable":true,"href":"https:\/\/www.paytec.eu\/fr\/wp-json\/wp\/v2\/product_tag?post=9424"}],"curies":[{"name":"wp","href":"https:\/\/api.w.org\/{rel}","templated":true}]}}