{"id":9834,"date":"2022-11-03T09:51:37","date_gmt":"2022-11-03T09:51:49","guid":{"rendered":"https:\/\/www.paytec.eu\/?post_type=product&#038;p=9834"},"modified":"2023-10-25T09:38:24","modified_gmt":"2023-10-25T09:38:24","slug":"extracteur-blanc-pour-four","status":"publish","type":"product","link":"https:\/\/www.paytec.eu\/fr\/prodotto\/extracteur-blanc-pour-four\/","title":{"rendered":"EXTRACTEUR FOUR &#8211; KIT 20pc &#8211; Blanc"},"content":{"rendered":"<p>Extracteur blanc de rechange (kit de 20 pi\u00e8ces) pour le monnayeur FOUR.<\/p>\n<p>L&rsquo;extracteur extrait la pi\u00e8ce du tube; la couleur varie en fonction de la dimension et de l&rsquo;\u00e9paisseur de la pi\u00e8ce.<\/p>\n","protected":false},"excerpt":{"rendered":"<p>Gr\u00e2ce \u00e0 la Cl\u00e9 de Donn\u00e9es, il est possible de r\u00e9cup\u00e9rer les donn\u00e9es d&rsquo;audit d&rsquo;un ou plusieurs syst\u00e8mes de paiement Caiman PIT.<\/p>\n","protected":false},"featured_media":9802,"template":"","meta":[],"product_cat":[122],"product_tag":[],"class_list":["post-9834","product","type-product","status-publish","has-post-thumbnail","hentry","tipologia-pieces-de-rechange-monnayeurs-fr","product_cat-accessoires-et-pieces-de-rechange"],"acf":[],"yoast_head":"<!-- This site is optimized with the Yoast SEO plugin v21.1 - https:\/\/yoast.com\/wordpress\/plugins\/seo\/ -->\n<title>Extracteur blanc de rechange pour Four<\/title>\n<meta name=\"description\" content=\"Extracteur blanc de rechange pour le monnayeur Four de Paytec, pour extraire les pi\u00e8ces des tubes du monnayeur - Disponible \u00e0 l&#039;achat sur le site paytec.eu\" \/>\n<meta name=\"robots\" content=\"index, follow, max-snippet:-1, max-image-preview:large, max-video-preview:-1\" \/>\n<link rel=\"canonical\" href=\"https:\/\/www.paytec.eu\/fr\/prodotto\/extracteur-blanc-pour-four\/\" \/>\n<meta property=\"og:locale\" content=\"fr_FR\" \/>\n<meta property=\"og:type\" content=\"article\" \/>\n<meta property=\"og:title\" content=\"Extracteur blanc de rechange pour Four\" \/>\n<meta property=\"og:description\" content=\"Extracteur blanc de rechange pour le monnayeur Four de Paytec, pour extraire les pi\u00e8ces des tubes du monnayeur - Disponible \u00e0 l&#039;achat sur le site paytec.eu\" \/>\n<meta property=\"og:url\" content=\"https:\/\/www.paytec.eu\/fr\/prodotto\/extracteur-blanc-pour-four\/\" \/>\n<meta property=\"og:site_name\" content=\"Paytec\" \/>\n<meta property=\"article:modified_time\" content=\"2023-10-25T09:38:24+00:00\" \/>\n<meta property=\"og:image\" content=\"https:\/\/www.paytec.eu\/wp-content\/uploads\/2022\/11\/FOUR-ESTRATTORE-BIANCO_KIT-20-PZ_RKT02022.png\" \/>\n\t<meta property=\"og:image:width\" content=\"800\" \/>\n\t<meta property=\"og:image:height\" content=\"715\" \/>\n\t<meta property=\"og:image:type\" content=\"image\/png\" \/>\n<meta name=\"twitter:card\" content=\"summary_large_image\" \/>\n<meta name=\"twitter:label1\" content=\"Dur\u00e9e de lecture estim\u00e9e\" \/>\n\t<meta name=\"twitter:data1\" content=\"1 minute\" \/>\n<script type=\"application\/ld+json\" class=\"yoast-schema-graph\">{\"@context\":\"https:\/\/schema.org\",\"@graph\":[{\"@type\":\"WebPage\",\"@id\":\"https:\/\/www.paytec.eu\/fr\/prodotto\/extracteur-blanc-pour-four\/\",\"url\":\"https:\/\/www.paytec.eu\/fr\/prodotto\/extracteur-blanc-pour-four\/\",\"name\":\"Extracteur blanc de rechange pour Four\",\"isPartOf\":{\"@id\":\"https:\/\/www.paytec.eu\/#website\"},\"datePublished\":\"2022-11-03T09:51:49+00:00\",\"dateModified\":\"2023-10-25T09:38:24+00:00\",\"description\":\"Extracteur blanc de rechange pour le monnayeur Four de Paytec, pour extraire les pi\u00e8ces des tubes du monnayeur - Disponible \u00e0 l'achat sur le site paytec.eu\",\"breadcrumb\":{\"@id\":\"https:\/\/www.paytec.eu\/fr\/prodotto\/extracteur-blanc-pour-four\/#breadcrumb\"},\"inLanguage\":\"fr-FR\",\"potentialAction\":[{\"@type\":\"ReadAction\",\"target\":[\"https:\/\/www.paytec.eu\/fr\/prodotto\/extracteur-blanc-pour-four\/\"]}]},{\"@type\":\"BreadcrumbList\",\"@id\":\"https:\/\/www.paytec.eu\/fr\/prodotto\/extracteur-blanc-pour-four\/#breadcrumb\",\"itemListElement\":[{\"@type\":\"ListItem\",\"position\":1,\"name\":\"Home\",\"item\":\"https:\/\/www.paytec.eu\/fr\/\"},{\"@type\":\"ListItem\",\"position\":2,\"name\":\"Boutique\",\"item\":\"https:\/\/www.paytec.eu\/shop\/\"},{\"@type\":\"ListItem\",\"position\":3,\"name\":\"Accessoires et Pi\u00e8ces de rechange\",\"item\":\"https:\/\/www.paytec.eu\/fr\/categoria-prodotto\/accessoires-et-pieces-de-rechange\/\"},{\"@type\":\"ListItem\",\"position\":4,\"name\":\"EXTRACTEUR FOUR &#8211; KIT 20pc &#8211; Blanc\"}]},{\"@type\":\"WebSite\",\"@id\":\"https:\/\/www.paytec.eu\/#website\",\"url\":\"https:\/\/www.paytec.eu\/\",\"name\":\"Paytec\",\"description\":\"Smart Payments for Vending\",\"potentialAction\":[{\"@type\":\"SearchAction\",\"target\":{\"@type\":\"EntryPoint\",\"urlTemplate\":\"https:\/\/www.paytec.eu\/?s={search_term_string}\"},\"query-input\":\"required name=search_term_string\"}],\"inLanguage\":\"fr-FR\"}]}<\/script>\n<!-- \/ Yoast SEO plugin. -->","yoast_head_json":{"title":"Extracteur blanc de rechange pour Four","description":"Extracteur blanc de rechange pour le monnayeur Four de Paytec, pour extraire les pi\u00e8ces des tubes du monnayeur - Disponible \u00e0 l'achat sur le site paytec.eu","robots":{"index":"index","follow":"follow","max-snippet":"max-snippet:-1","max-image-preview":"max-image-preview:large","max-video-preview":"max-video-preview:-1"},"canonical":"https:\/\/www.paytec.eu\/fr\/prodotto\/extracteur-blanc-pour-four\/","og_locale":"fr_FR","og_type":"article","og_title":"Extracteur blanc de rechange pour Four","og_description":"Extracteur blanc de rechange pour le monnayeur Four de Paytec, pour extraire les pi\u00e8ces des tubes du monnayeur - Disponible \u00e0 l'achat sur le site paytec.eu","og_url":"https:\/\/www.paytec.eu\/fr\/prodotto\/extracteur-blanc-pour-four\/","og_site_name":"Paytec","article_modified_time":"2023-10-25T09:38:24+00:00","og_image":[{"width":800,"height":715,"url":"https:\/\/www.paytec.eu\/wp-content\/uploads\/2022\/11\/FOUR-ESTRATTORE-BIANCO_KIT-20-PZ_RKT02022.png","type":"image\/png"}],"twitter_card":"summary_large_image","twitter_misc":{"Dur\u00e9e de lecture estim\u00e9e":"1 minute"},"schema":{"@context":"https:\/\/schema.org","@graph":[{"@type":"WebPage","@id":"https:\/\/www.paytec.eu\/fr\/prodotto\/extracteur-blanc-pour-four\/","url":"https:\/\/www.paytec.eu\/fr\/prodotto\/extracteur-blanc-pour-four\/","name":"Extracteur blanc de rechange pour Four","isPartOf":{"@id":"https:\/\/www.paytec.eu\/#website"},"datePublished":"2022-11-03T09:51:49+00:00","dateModified":"2023-10-25T09:38:24+00:00","description":"Extracteur blanc de rechange pour le monnayeur Four de Paytec, pour extraire les pi\u00e8ces des tubes du monnayeur - Disponible \u00e0 l'achat sur le site paytec.eu","breadcrumb":{"@id":"https:\/\/www.paytec.eu\/fr\/prodotto\/extracteur-blanc-pour-four\/#breadcrumb"},"inLanguage":"fr-FR","potentialAction":[{"@type":"ReadAction","target":["https:\/\/www.paytec.eu\/fr\/prodotto\/extracteur-blanc-pour-four\/"]}]},{"@type":"BreadcrumbList","@id":"https:\/\/www.paytec.eu\/fr\/prodotto\/extracteur-blanc-pour-four\/#breadcrumb","itemListElement":[{"@type":"ListItem","position":1,"name":"Home","item":"https:\/\/www.paytec.eu\/fr\/"},{"@type":"ListItem","position":2,"name":"Boutique","item":"https:\/\/www.paytec.eu\/shop\/"},{"@type":"ListItem","position":3,"name":"Accessoires et Pi\u00e8ces de rechange","item":"https:\/\/www.paytec.eu\/fr\/categoria-prodotto\/accessoires-et-pieces-de-rechange\/"},{"@type":"ListItem","position":4,"name":"EXTRACTEUR FOUR &#8211; KIT 20pc &#8211; Blanc"}]},{"@type":"WebSite","@id":"https:\/\/www.paytec.eu\/#website","url":"https:\/\/www.paytec.eu\/","name":"Paytec","description":"Smart Payments for Vending","potentialAction":[{"@type":"SearchAction","target":{"@type":"EntryPoint","urlTemplate":"https:\/\/www.paytec.eu\/?s={search_term_string}"},"query-input":"required name=search_term_string"}],"inLanguage":"fr-FR"}]}},"_links":{"self":[{"href":"https:\/\/www.paytec.eu\/fr\/wp-json\/wp\/v2\/product\/9834","targetHints":{"allow":["GET"]}}],"collection":[{"href":"https:\/\/www.paytec.eu\/fr\/wp-json\/wp\/v2\/product"}],"about":[{"href":"https:\/\/www.paytec.eu\/fr\/wp-json\/wp\/v2\/types\/product"}],"wp:featuredmedia":[{"embeddable":true,"href":"https:\/\/www.paytec.eu\/fr\/wp-json\/wp\/v2\/media\/9802"}],"wp:attachment":[{"href":"https:\/\/www.paytec.eu\/fr\/wp-json\/wp\/v2\/media?parent=9834"}],"wp:term":[{"taxonomy":"product_cat","embeddable":true,"href":"https:\/\/www.paytec.eu\/fr\/wp-json\/wp\/v2\/product_cat?post=9834"},{"taxonomy":"product_tag","embeddable":true,"href":"https:\/\/www.paytec.eu\/fr\/wp-json\/wp\/v2\/product_tag?post=9834"}],"curies":[{"name":"wp","href":"https:\/\/api.w.org\/{rel}","templated":true}]}}